{"id":1004,"date":"2023-01-09T11:20:10","date_gmt":"2023-01-09T11:20:10","guid":{"rendered":"https:\/\/agrohelp.al\/?page_id=1004"},"modified":"2025-06-13T09:05:55","modified_gmt":"2025-06-13T09:05:55","slug":"mimic","status":"publish","type":"page","link":"https:\/\/agrohelp.al\/index.php\/mimic\/","title":{"rendered":"MIMIC"},"content":{"rendered":"<div class=\"wpb-content-wrapper\"><p>[vc_row full_width=&#8221;stretch_row_content&#8221;][vc_column width=&#8221;1\/6&#8243;][vc_single_image image=&#8221;54&#8243; img_size=&#8221;full&#8221; alignment=&#8221;right&#8221; image_hovers=&#8221;false&#8221;][\/vc_column][vc_column width=&#8221;2\/3&#8243;][vc_column_text]<\/p>\n<p style=\"text-align: center;\"><strong>MIMIC<\/strong> i p\u00ebrket grupit t\u00eb insekticideve IGR (Insect Growth Regulator) \u00ebsht\u00eb nj\u00eb imitim i hormonit &#8220;Ecdysone&#8221;, i cili verpon si regullator i procesi t\u00eb nd\u00ebrimit t\u00eb moshave tek larvat e lepidopter\u00ebve. Insekticid- larvicide selektiv. Marrja e produktit n\u00ebp\u00ebrmjet aparatit tret\u00ebs t\u00eb larvave nxit nd\u00ebrimin e parakohsh\u00ebm t\u00eb moshave duke \u00e7rregulluar procesin normal i cili p\u00ebrfundon me ngordhjen e larvave. Duke pasur si objektiv vet\u00ebm larvat e lepidopter\u00ebve, \u00ebsht\u00eb selektiv ndaj insekteve t\u00eb dobishme, si predator\u00ebt e k\u00ebpushave dhe enomofag\u00ebve t\u00eb tjer\u00eb, duke mos ndikuar n\u00eb shtimin e popullatave t\u00eb k\u00ebpushave. Nuk \u00ebsht\u00eb produkt sistemik. P\u00ebrdoret n\u00eb sistemet e Menaxhimit t\u00eb Integruar t\u00eb Parazit\u00ebve (IPM).<\/p>\n<p>[\/vc_column_text][\/vc_column][vc_column width=&#8221;1\/6&#8243;][\/vc_column][\/vc_row][vc_row][vc_column width=&#8221;1\/4&#8243;][\/vc_column][vc_column width=&#8221;1\/2&#8243;]<div id=\"ult-carousel-390977735469e5d11d23c98\" class=\"ult-carousel-wrapper   ult_horizontal\" data-gutter=\"15\" data-rtl=\"false\" ><div class=\"ult-carousel-334026383469e5d11d23bdd \" >[vc_single_image image=&#8221;189&#8243; img_size=&#8221;104 \u00d7 104&#8243; alignment=&#8221;center&#8221; image_hovers=&#8221;false&#8221;][vc_single_image image=&#8221;163&#8243; img_size=&#8221;104 \u00d7 104&#8243; alignment=&#8221;center&#8221; image_hovers=&#8221;false&#8221;][vc_single_image image=&#8221;190&#8243; img_size=&#8221;104 \u00d7 104&#8243; alignment=&#8221;center&#8221; image_hovers=&#8221;false&#8221;][vc_single_image image=&#8221;162&#8243; img_size=&#8221;104 \u00d7 104&#8243; alignment=&#8221;center&#8221; image_hovers=&#8221;false&#8221;][vc_single_image image=&#8221;174&#8243; img_size=&#8221;104 \u00d7 104&#8243; alignment=&#8221;center&#8221; image_hovers=&#8221;false&#8221;]<\/div><\/div>\t\t\t<script type=\"text\/javascript\">\n\t\t\t\tjQuery(document).ready(function ($) {\n\t\t\t\t\tif( typeof jQuery('.ult-carousel-334026383469e5d11d23bdd').slick == \"function\"){\n\t\t\t\t\t\t$('.ult-carousel-334026383469e5d11d23bdd').slick({dots: false,autoplay: true,autoplaySpeed: \"2000\",speed: \"2000\",infinite: true,arrows: false,slidesToScroll:4,slidesToShow:4,swipe: true,draggable: true,touchMove: true,pauseOnHover: true,pauseOnFocus: false,responsive: [\n\t\t\t\t\t\t\t{\n\t\t\t\t\t\t\t  breakpoint: 1026,\n\t\t\t\t\t\t\t  settings: {\n\t\t\t\t\t\t\t\tslidesToShow: 4,\n\t\t\t\t\t\t\t\tslidesToScroll: 4,  \n\t\t\t\t\t\t\t  }\n\t\t\t\t\t\t\t},\n\t\t\t\t\t\t\t{\n\t\t\t\t\t\t\t  breakpoint: 1025,\n\t\t\t\t\t\t\t  settings: {\n\t\t\t\t\t\t\t\tslidesToShow: 1,\n\t\t\t\t\t\t\t\tslidesToScroll: 1\n\t\t\t\t\t\t\t  }\n\t\t\t\t\t\t\t},\n\t\t\t\t\t\t\t{\n\t\t\t\t\t\t\t  breakpoint: 760,\n\t\t\t\t\t\t\t  settings: {\n\t\t\t\t\t\t\t\tslidesToShow: 1,\n\t\t\t\t\t\t\t\tslidesToScroll: 1\n\t\t\t\t\t\t\t  }\n\t\t\t\t\t\t\t}\n\t\t\t\t\t\t],pauseOnDotsHover: true,customPaging: function(slider, i) {\n                   return '<i type=\"button\" style= \"color:#333333;\" class=\"ultsl-record\" data-role=\"none\"><\/i>';\n                },});\n\t\t\t\t\t}\n\t\t\t\t});\n\t\t\t<\/script>\n\t\t\t[\/vc_column][vc_column width=&#8221;1\/4&#8243;][\/vc_column][\/vc_row][vc_row][vc_column][vc_empty_space height=&#8221;25px&#8221;]<div class=\"standard-arrow list-divider bullet-top\"><ul>\n<li><span style=\"color: #ea8d35;\"><strong>Permbajtja<\/strong><\/span> : <span style=\"color: #000000;\">Tebufenozide e paster 22,5 gr (240 g\/lit)<\/span><\/li>\n<li><span style=\"color: #ea8d35;\"><strong>Formulimi <\/strong><\/span>: <span style=\"color: #000000;\">Koncentrat i suspendueshem (SC)<\/span><\/li>\n<li><span style=\"color: #3366ff;\"><span style=\"color: #ea8d35;\"><strong>Karenca<\/strong>\u00a0<\/span><span style=\"color: #000000;\">:<\/span><\/span><span style=\"color: #000000;\"> Trajtimi fundit para vjeljes: N\u00eb vresht 30 dit\u00eb; n\u00eb agrume dhe pem\u00eb frutore 14 dit\u00eb. Ne rastet e p\u00ebrzierjes me Produkte t\u00eb tjera, do t\u00eb respektohet produkti me karenc\u00eb m\u00eb t\u00eb gjat\u00eb.<br \/>\n<\/span><\/li>\n<li><span style=\"color: #ea8d35;\"><strong>Magazinimi <\/strong><\/span>: <span style=\"color: #000000;\">Ruhet n\u00eb temp 0 deri 40 0 C, n\u00eb ambalazh origjinal, n\u00eb ambjente t\u00eb thata e t\u00eb fresk\u00ebta, t\u00eb ajrosura, larg rezeve direkte t\u00eb diellit dhe t\u00eb sigurta nga rreziku zjarrit.<\/span><\/li>\n<\/ul>\n<\/div>[\/vc_column][\/vc_row][vc_row][vc_column][vc_custom_heading text=&#8221;P\u00ebrdorimi&#8221; font_container=&#8221;tag:h2|text_align:center|color:%23ea8d35&#8243; google_fonts=&#8221;font_family:Merienda%3Aregular%2C700|font_style:400%20regular%3A400%3Anormal&#8221;][vc_empty_space height=&#8221;22px&#8221;][\/vc_column][\/vc_row][vc_row][vc_column][vc_tta_tabs color=&#8221;sandy-brown&#8221; spacing=&#8221;3&#8243; gap=&#8221;3&#8243; alignment=&#8221;center&#8221; active_section=&#8221;1&#8243;][vc_tta_section title=&#8221;N\u00cb VRESHTA&#8221; tab_id=&#8221;1549981049149-80da51b1-b38043a9-127ce736-cd7d&#8221;][vc_column_text]<\/p>\n<p style=\"text-align: justify;\">Kund\u00ebr tenjave, me 60-70 ml\/hl, me nj\u00eb volum uji 1000 lit\/ha n\u00eb vegjatacion t\u00eb plot\u00eb. Kund\u00ebr larvave t\u00eb gjenerat\u00ebs s\u00eb par\u00eb trajtimet kryhen para lul\u00ebzimit. P\u00ebr kontrollin e gjeneratave pasuese nd\u00ebrhyhet pak para mbylljes s\u00eb veshulit. N\u00ebse p\u00ebrdoren feromone monitorimi, trajtimi do t\u00eb filloj\u00eb jo m\u00eb von\u00eb se 10 dit\u00eb nga fillimi i rritjes s\u00eb kurb\u00ebs s\u00eb fluturimit. N\u00eb rast se fluturimi zgjat, trajtimet p\u00ebrs\u00ebriten n\u00eb interval 14 ditor. Nuk kryhen m\u00eb shum\u00eb se dy trajtime\/sezon.<\/p>\n<p>[\/vc_column_text][\/vc_tta_section][vc_tta_section title=&#8221;N\u00cb PEM\u00cb FRUTORE&#8221; tab_id=&#8221;1549981414511-8b5cbd33-0bad43a9-127ce736-cd7d&#8221;][vc_column_text]<\/p>\n<p style=\"text-align: justify;\">Moll\u00eb, dardh\u00eb): kund\u00ebr larvave t\u00eb krimbit t\u00eb moll\u00ebs, eulias (Argyrotaenia pulchellana) si dhe larvave t\u00eb tortricideve (Pandemis spp., Archips spp., Adoxophyes orana, Argytrotenia pulchellana). Trajtimet fillojn\u00eb me \u00e7eljen e vez\u00ebve t\u00eb para, me 80 ml\/hl, me volum uji 1000-1500 lit\/ha, n\u00eb vart\u00ebsi t\u00eb vegjetacionit t\u00eb bim\u00ebsis\u00eb. N\u00ebse p\u00ebrdoren feromone monitorimi, trajtimi do t\u00eb filloj\u00eb jo m\u00eb von\u00eb se 10 dit\u00eb nga fillimi i rritjes s\u00eb kurb\u00ebs s\u00eb fluturimit. N\u00eb rast se fluturimi zgjat, trajtimet p\u00ebrs\u00ebriten n\u00eb interval 14 ditor. Nuk kryhen m\u00eb shum\u00eb se dy trajtime\/sezon. Kund\u00ebr larvave q\u00eb dalin nga dim\u00ebrimi si Pandemis spp., Archips spp., Adoxophyes orana, trajtimi kryhet para ose pas lul\u00ebzimit.<\/p>\n<p>[\/vc_column_text][\/vc_tta_section][vc_tta_section title=&#8221;AGRUME&#8221; tab_id=&#8221;1549981356521-b7b06a28-474543a9-127ce736-cd7d&#8221;][vc_column_text]<\/p>\n<p style=\"text-align: justify;\">Kund\u00ebr minatri\u00e7es gjarp\u00ebruese dhe minatri\u00e7es gjethore, me 60 ml\/ha, me volum uji 1000-2000 lit\/ha, i cili varion sipas mosh\u00ebs s\u00eb bim\u00ebs dhe zhvillimit vegjetativ. Nj\u00eb trajtim i dyt\u00eb rekomandohet t\u00eb kryhet pas 14ditech, duke kryer jo m\u00eb shum\u00eb s\u00eb dy trajtime\/sezon.<\/p>\n<p>[\/vc_column_text][\/vc_tta_section][\/vc_tta_tabs][\/vc_column][\/vc_row][vc_row][vc_column][vc_custom_heading text=&#8221;V\u00ebrejtje p\u00ebr p\u00ebrdorimin&#8221; font_container=&#8221;tag:h2|text_align:center|color:%23ea8d35&#8243; google_fonts=&#8221;font_family:Merienda%3Aregular%2C700|font_style:400%20regular%3A400%3Anormal&#8221;][vc_empty_space height=&#8221;22px&#8221;][vc_message message_box_color=&#8221;orange&#8221; icon_fontawesome=&#8221;fa fa-exclamation-triangle&#8221;]<\/p>\n<p style=\"text-align: center;\">K\u00ebshillohet t\u00eb alternohet me produkte me mekaniz\u00ebm t\u00eb ndrysh\u00ebm veprimi. P\u00ebrzihet me t\u00eb gjith\u00eb insekticidet, me p\u00ebrjashtim t\u00eb atyre me reaksion alkalin. P\u00ebr t\u00eb gjitha trjatimet rekomandohet t\u00eb shtohet SILWET GOLD p\u00ebr t\u00eb siguruar nj\u00eb lagie sa m\u00eb t\u00eb mir\u00eb t\u00eb mas\u00ebs vegjetative. Produkti nuk \u00ebsht\u00eb fitotoksik n\u00eb kulturat dhe dozat e rekomanduara. Evitoni trajtimet n\u00eb dit\u00eb me er\u00eb.<\/p>\n<p>[\/vc_message][\/vc_column][\/vc_row][vc_row][vc_column][vc_custom_heading text=&#8221;Ndikimi n\u00eb ekosistem&#8221; font_container=&#8221;tag:h2|text_align:center|color:%23ea8d35&#8243; google_fonts=&#8221;font_family:Merienda%3Aregular%2C700|font_style:400%20regular%3A400%3Anormal&#8221;][vc_empty_space height=&#8221;22px&#8221;][vc_message message_box_color=&#8221;orange&#8221; icon_fontawesome=&#8221;fa fa-exclamation-triangle&#8221;]<\/p>\n<p style=\"text-align: center;\">Nuk \u00ebsht\u00eb helmues ndaj blet\u00ebve dhe insekteve t\u00eb tjera t\u00eb dobishme. H410: Shum\u00eb toksik p\u00ebr jet\u00ebn ujore me efekt afatgjat\u00eb. P273: Shmangni hedhjet n\u00eb mjedis. P391: Mblidhni derdhjet e produktit. SP1: Mos ndotni uj\u00ebrat me produktin ose en\u00ebt e tij (Mos pastroni pajisjet e aplikimit pran\u00eb uj\u00ebrave sip\u00ebrfaq\u00ebsore. Shmangni ndotjen p\u00ebrmes kanaleve ujore t\u00eb fermave blegtorale dhe rrug\u00ebve). Gjat\u00eb trajtimit t\u00eb respektohet nj\u00eb distance 30 metra larg uj\u00ebrave t\u00eb rrjedhsh\u00ebm ose baseneve. Nga kuturat q\u00eb nuk jan\u00eb objekt i trajimit t\u00eb rrespektohet nj\u00eb distance 20 met\u00ebr larg.<\/p>\n<p>[\/vc_message][\/vc_column][\/vc_row]<\/p>\n<\/div>","protected":false},"excerpt":{"rendered":"<p>[vc_row full_width=&#8221;stretch_row_content&#8221;][vc_column width=&#8221;1\/6&#8243;][vc_single_image image=&#8221;54&#8243; img_size=&#8221;full&#8221; alignment=&#8221;right&#8221; image_hovers=&#8221;false&#8221;][\/vc_column][vc_column width=&#8221;2\/3&#8243;][vc_column_text] MIMIC i p\u00ebrket grupit t\u00eb insekticideve IGR (Insect Growth Regulator) \u00ebsht\u00eb nj\u00eb imitim i hormonit &#8220;Ecdysone&#8221;, i cili verpon si regullator i procesi t\u00eb nd\u00ebrimit t\u00eb moshave tek larvat e lepidopter\u00ebve. Insekticid- larvicide selektiv. Marrja e produktit n\u00ebp\u00ebrmjet aparatit tret\u00ebs t\u00eb larvave nxit nd\u00ebrimin e parakohsh\u00ebm t\u00eb&hellip;<\/p>\n","protected":false},"author":2,"featured_media":0,"parent":0,"menu_order":0,"comment_status":"closed","ping_status":"closed","template":"","meta":{"footnotes":""},"class_list":["post-1004","page","type-page","status-publish","hentry","description-off"],"_links":{"self":[{"href":"https:\/\/agrohelp.al\/index.php\/wp-json\/wp\/v2\/pages\/1004","targetHints":{"allow":["GET"]}}],"collection":[{"href":"https:\/\/agrohelp.al\/index.php\/wp-json\/wp\/v2\/pages"}],"about":[{"href":"https:\/\/agrohelp.al\/index.php\/wp-json\/wp\/v2\/types\/page"}],"author":[{"embeddable":true,"href":"https:\/\/agrohelp.al\/index.php\/wp-json\/wp\/v2\/users\/2"}],"replies":[{"embeddable":true,"href":"https:\/\/agrohelp.al\/index.php\/wp-json\/wp\/v2\/comments?post=1004"}],"version-history":[{"count":5,"href":"https:\/\/agrohelp.al\/index.php\/wp-json\/wp\/v2\/pages\/1004\/revisions"}],"predecessor-version":[{"id":1008,"href":"https:\/\/agrohelp.al\/index.php\/wp-json\/wp\/v2\/pages\/1004\/revisions\/1008"}],"wp:attachment":[{"href":"https:\/\/agrohelp.al\/index.php\/wp-json\/wp\/v2\/media?parent=1004"}],"curies":[{"name":"wp","href":"https:\/\/api.w.org\/{rel}","templated":true}]}}