{"id":1009,"date":"2023-01-09T11:31:47","date_gmt":"2023-01-09T11:31:47","guid":{"rendered":"https:\/\/agrohelp.al\/?page_id=1009"},"modified":"2025-06-13T09:06:58","modified_gmt":"2025-06-13T09:06:58","slug":"nissorun-plus","status":"publish","type":"page","link":"https:\/\/agrohelp.al\/index.php\/nissorun-plus\/","title":{"rendered":"NISSORUN PLUS \u00ae"},"content":{"rendered":"<div class=\"wpb-content-wrapper\"><p>[vc_row full_width=&#8221;stretch_row_content&#8221;][vc_column width=&#8221;1\/6&#8243;][vc_single_image image=&#8221;54&#8243; img_size=&#8221;full&#8221; alignment=&#8221;right&#8221; image_hovers=&#8221;false&#8221;][\/vc_column][vc_column width=&#8221;2\/3&#8243;][vc_column_text]<\/p>\n<p style=\"text-align: center;\">NISSORUN PLUS \u00ebsht\u00eb akaricid selektiv p\u00ebr kontrollin e merimangave (k\u00ebpushave) fitofage t\u00eb kulturave t\u00eb ndryshme bujq\u00ebsore ne te gjitha fazat e zhvillimi (veze, larve, nimfe dhe adult). \u00cbsht\u00eb produkt kontakti dhe lokosistemik me veprim te shpejte dhe te zgjatur.<\/p>\n<p>[\/vc_column_text][\/vc_column][vc_column width=&#8221;1\/6&#8243;][\/vc_column][\/vc_row][vc_row][vc_column width=&#8221;1\/4&#8243;][\/vc_column][vc_column width=&#8221;1\/2&#8243;]<div id=\"ult-carousel-292514868069e5d1753fccf\" class=\"ult-carousel-wrapper   ult_horizontal\" data-gutter=\"15\" data-rtl=\"false\" ><div class=\"ult-carousel-287047241269e5d1753fa9c \" >[vc_single_image image=&#8221;241&#8243; img_size=&#8221;104 \u00d7 104&#8243; alignment=&#8221;center&#8221; image_hovers=&#8221;false&#8221;][vc_single_image image=&#8221;242&#8243; img_size=&#8221;104 \u00d7 104&#8243; alignment=&#8221;center&#8221; image_hovers=&#8221;false&#8221;][vc_single_image image=&#8221;164&#8243; img_size=&#8221;104 \u00d7 104&#8243; alignment=&#8221;center&#8221; image_hovers=&#8221;false&#8221;][vc_single_image image=&#8221;161&#8243; img_size=&#8221;104 \u00d7 104&#8243; alignment=&#8221;center&#8221; image_hovers=&#8221;false&#8221;]<\/div><\/div>\t\t\t<script type=\"text\/javascript\">\n\t\t\t\tjQuery(document).ready(function ($) {\n\t\t\t\t\tif( typeof jQuery('.ult-carousel-287047241269e5d1753fa9c').slick == \"function\"){\n\t\t\t\t\t\t$('.ult-carousel-287047241269e5d1753fa9c').slick({dots: false,autoplay: true,autoplaySpeed: \"2000\",speed: \"2000\",infinite: true,arrows: false,slidesToScroll:4,slidesToShow:4,swipe: true,draggable: true,touchMove: true,pauseOnHover: true,pauseOnFocus: false,responsive: [\n\t\t\t\t\t\t\t{\n\t\t\t\t\t\t\t  breakpoint: 1026,\n\t\t\t\t\t\t\t  settings: {\n\t\t\t\t\t\t\t\tslidesToShow: 4,\n\t\t\t\t\t\t\t\tslidesToScroll: 4,  \n\t\t\t\t\t\t\t  }\n\t\t\t\t\t\t\t},\n\t\t\t\t\t\t\t{\n\t\t\t\t\t\t\t  breakpoint: 1025,\n\t\t\t\t\t\t\t  settings: {\n\t\t\t\t\t\t\t\tslidesToShow: 1,\n\t\t\t\t\t\t\t\tslidesToScroll: 1\n\t\t\t\t\t\t\t  }\n\t\t\t\t\t\t\t},\n\t\t\t\t\t\t\t{\n\t\t\t\t\t\t\t  breakpoint: 760,\n\t\t\t\t\t\t\t  settings: {\n\t\t\t\t\t\t\t\tslidesToShow: 1,\n\t\t\t\t\t\t\t\tslidesToScroll: 1\n\t\t\t\t\t\t\t  }\n\t\t\t\t\t\t\t}\n\t\t\t\t\t\t],pauseOnDotsHover: true,customPaging: function(slider, i) {\n                   return '<i type=\"button\" style= \"color:#333333;\" class=\"ultsl-record\" data-role=\"none\"><\/i>';\n                },});\n\t\t\t\t\t}\n\t\t\t\t});\n\t\t\t<\/script>\n\t\t\t[\/vc_column][vc_column width=&#8221;1\/4&#8243;][\/vc_column][\/vc_row][vc_row][vc_column][vc_empty_space height=&#8221;25px&#8221;]<div class=\"standard-arrow list-divider bullet-top\"><ul>\n<li><span style=\"color: #ea8d35;\"><strong>Permbajtja<\/strong><\/span> : <span style=\"color: #000000;\">Fenpiroximate 6.3 g (62.4 g\/L), Exitiazox 3.2 g (31.2 g\/L)<\/span><\/li>\n<li><span style=\"color: #ea8d35;\"><strong>Formulimi <\/strong><\/span>: <span style=\"color: #000000;\">Suspension i koncentruar (SC)<\/span><\/li>\n<li><span style=\"color: #3366ff;\"><span style=\"color: #ea8d35;\"><strong>Karenca<\/strong>\u00a0<\/span><span style=\"color: #000000;\">:<\/span><\/span><span style=\"color: #000000;\"> Ne rrush dhe molle 28 dite, ne agrume 14 dite, ne perime dhe luleshtry 7 dite.<br \/>\n<\/span><\/li>\n<li><span style=\"color: #3366ff;\"><strong><span style=\"color: #ea8d35;\">Ruajtja dhe magazinimi <\/span><\/strong><span style=\"color: #000000;\">:<\/span><\/span><span style=\"color: #000000;\"> Produkti ruhet n\u00eb ambalazhe origjinale, i pa ekspozuar ndaj rezeve direkte t\u00eb diellit dhe n\u00eb temp 5-45 0 C.<\/span><\/li>\n<\/ul>\n<\/div>[\/vc_column][\/vc_row][vc_row][vc_column][vc_custom_heading text=&#8221;P\u00ebrdorimi&#8221; font_container=&#8221;tag:h2|text_align:center|color:%23ea8d35&#8243; google_fonts=&#8221;font_family:Merienda%3Aregular%2C700|font_style:400%20regular%3A400%3Anormal&#8221;][vc_empty_space height=&#8221;22px&#8221;][\/vc_column][\/vc_row][vc_row][vc_column][vc_tta_tabs color=&#8221;sandy-brown&#8221; spacing=&#8221;3&#8243; gap=&#8221;3&#8243; alignment=&#8221;center&#8221; active_section=&#8221;1&#8243;][vc_tta_section title=&#8221;DOMATE, SPEC, PAT\u00cbLLXHAN, KUNGULLORE, LULE SHTRYDHE DHE PERIME TE TJERA (N\u00cb FUSH\u00cb T\u00cb HAPUR DHE N\u00cb SERR\u00cb):&#8221; tab_id=&#8221;1549981049149-80da51b1-b38043a9-127ca86d-489b&#8221;][vc_column_text]<\/p>\n<p style=\"text-align: justify;\"><span style=\"color: #000000;\">Kund\u00ebr k\u00ebpush\u00ebs s\u00eb zakoneshme Tetranychus spp, duke nd\u00ebrhyr\u00eb me shfaqjen e infeksioneve t\u00eb para me 1.2 lit\/ha duke p\u00ebrdorur 1000-1500 L\/ha uje ose me perqendrim 0.12%<\/span><\/p>\n<div id=\"gtx-trans\" style=\"position: absolute; left: -22px; top: -16px;\">\n<div class=\"gtx-trans-icon\"><\/div>\n<\/div>\n<p>[\/vc_column_text][\/vc_tta_section][vc_tta_section title=&#8221;AGRUME&#8221; tab_id=&#8221;1673263682569-0570bce4-711a&#8221;][vc_column_text]<\/p>\n<p style=\"text-align: justify;\">Kund\u00ebr k\u00ebpush\u00eb s\u00eb zakoneshme, Tetranychus urticae dhe T. cinnabarinus, kepushes se kuqe Panonychus Citri. Nd\u00ebrhyrja b\u00ebhet me shfaqjen e infeksioneve t\u00eb para, me 1.2 lit\/ha duke p\u00ebrdorur 1000-1500 L\/ha uje ose me perqendrim 0.12%<\/p>\n<p>[\/vc_column_text][\/vc_tta_section][vc_tta_section title=&#8221;PEM\u00cb FRUTORE FARORE DHE B\u00cbRTHAMORE&#8221; tab_id=&#8221;1673263713276-c0015e41-4b5e&#8221;][vc_column_text]<\/p>\n<p style=\"text-align: justify;\">Kund\u00ebr k\u00ebpush\u00ebs s\u00eb kuqe (Panonychus ulmi) duke nd\u00ebrhyr\u00eb menj\u00ebher\u00eb me konstatimin e infeksioneve t\u00eb para, me 1.2 lit\/ha duke p\u00ebrdorur 1000-1500 L\/ha uje ose me perqendrim 0.12%<\/p>\n<p>[\/vc_column_text][\/vc_tta_section][vc_tta_section title=&#8221;VRESHTA&#8221; tab_id=&#8221;1673263746684-7e4714a4-c1a6&#8243;][vc_column_text]<\/p>\n<p style=\"text-align: justify;\">Kund\u00ebr k\u00ebpush\u00eb se zakoneshme Tetranichus urticae duke nd\u00ebrhyr\u00eb menj\u00ebher\u00eb me konstatimin e infeksioneve t\u00eb para, me 1-1.5 lit\/ha duke p\u00ebrdorur 1000-1500 L\/ha uje ose me perqendrim 0.1-0.15%<\/p>\n<p>[\/vc_column_text][\/vc_tta_section][vc_tta_section title=&#8221;P\u00cbRGATITJA E P\u00cbRZIERJES&#8221; tab_id=&#8221;1673263766948-511db24a-7c96&#8243;][vc_column_text]<\/p>\n<p style=\"text-align: justify;\">Mbushni rezervuarin sp\u00ebrkat\u00ebs me 50% te ujit. Shtoni sasin\u00eb e produktit, duke mbajtur p\u00ebrzier\u00ebsin n\u00eb pun\u00eb. Plot\u00ebsoni sasin\u00eb e ujit deri n\u00eb volumin e d\u00ebshiruar. Shtoni SILWET GOLD n\u00eb sasin\u00eb e duhur. P\u00ebrzierja e p\u00ebrftuar duhet t\u00eb konsumohet gjat\u00eb dit\u00ebs.<\/p>\n<p>[\/vc_column_text][\/vc_tta_section][\/vc_tta_tabs][\/vc_column][\/vc_row][vc_row][vc_column][vc_custom_heading text=&#8221;V\u00ebrejtje p\u00ebr p\u00ebrdorimin&#8221; font_container=&#8221;tag:h2|text_align:center|color:%23ea8d35&#8243; google_fonts=&#8221;font_family:Merienda%3Aregular%2C700|font_style:400%20regular%3A400%3Anormal&#8221;][vc_empty_space height=&#8221;22px&#8221;][vc_message message_box_color=&#8221;orange&#8221; icon_fontawesome=&#8221;fa fa-exclamation-triangle&#8221;]<\/p>\n<p style=\"text-align: center;\">Shmangni p\u00ebrzierjen me produkte me reaksion t\u00eb theksuar acid ose alkalin. N\u00eb rastet e p\u00ebrzierjeve t\u00eb pa provuara rekomandohet t\u00eb kryen teste paraprake para se t\u00eb veproni n\u00eb shkall\u00eb t\u00eb gjer\u00eb. NISSORUN PLUS eshte njekombinim kontakti-translaminar, prandaj p\u00ebrdorimi i SILWET GOLD rrit shkall\u00ebn e mbulimit t\u00eb siperfaqes gjethore, dep\u00ebrtimin e tij n\u00eb shtresat dyllore t\u00eb kutikul\u00ebs gjethore si dhe mbron produktin nga shplarjet prej reshjeve 30 minuta pas trajtimit. \u00cbsht\u00eb e r\u00ebnd\u00ebsishme lagia e mir\u00eb e mas\u00ebs gjethore me materialin sp\u00ebrkat\u00ebs. Shmangni aplikimet me volum t\u00eb ul\u00ebt. N\u00eb rast se p\u00ebrdoren v\u00ebllime uji ndryshe nga ato t\u00eb rekomanduara m\u00eb sip\u00ebr, rregulloni dozat p\u00ebr hektolit\u00ebr n\u00eb m\u00ebnyr\u00eb t\u00eb till\u00eb q\u00eb t\u00eb shp\u00ebrndahet e nj\u00ebjta sasi produkti p\u00ebr nj\u00ebsi sip\u00ebrfaqe por pa tejkaluar sasit\u00eb maksimale p\u00ebr hektar, t\u00eb treguara p\u00ebr \u00e7do kultur\u00eb. Strategjit\u00eb p\u00ebr t\u00eb shmangur fenomenet e rezistenc\u00ebs: Esht\u00eb nj\u00eb akaricide me mekanizem veprimi specifik t\u00eb ndrysh\u00ebm nga produktet e tjera. Rrjedhimisht, p\u00ebrdorimi i tij nuk shkakton krosrezistenc\u00eb me produktet e tjera. Nuk duhet aplikuar me shume se nje trajtim ne per sezon duke u alternuar me akaricide te tjera. N\u00eb parcelat me pritshm\u00ebri t\u00eb infeksionit kryhet monitorim i kujdes\u00ebsh\u00ebm dhe trajtimet fillohen me konstatimin e insekteve t\u00eb para. Mos prisni deri n\u00eb zhvillimin e popullatave t\u00eb m\u00ebdha.<\/p>\n<p>[\/vc_message][\/vc_column][\/vc_row][vc_row][vc_column][vc_custom_heading text=&#8221;Fitotoksiciteti&#8221; font_container=&#8221;tag:h2|text_align:center|color:%23f79468&#8243; google_fonts=&#8221;font_family:Merienda%3Aregular%2C700|font_style:400%20regular%3A400%3Anormal&#8221;][vc_empty_space height=&#8221;22px&#8221;][vc_message message_box_color=&#8221;orange&#8221;]<\/p>\n<p style=\"text-align: center;\">NISSORUN PLUS nuk \u00ebsht\u00eb fitotoksik n\u00eb kulturat dhe dozat e rekomanduara n\u00eb k\u00ebt\u00eb etiket\u00eb.<\/p>\n<p>[\/vc_message][\/vc_column][\/vc_row][vc_row][vc_column][vc_custom_heading text=&#8221;Ndikim n\u00eb ekosistem&#8221; font_container=&#8221;tag:h2|text_align:center|color:%23f79468&#8243; google_fonts=&#8221;font_family:Merienda%3Aregular%2C700|font_style:400%20regular%3A400%3Anormal&#8221;][vc_empty_space height=&#8221;22px&#8221;][vc_message message_box_color=&#8221;orange&#8221;]<\/p>\n<p style=\"text-align: center;\">H410: Shum\u00eb toksik p\u00ebr jet\u00ebn ujore me efekte afatgjata. Mos ndotni ujrat e rrjedh\u00ebshme, kanalet dhe basenet me tret\u00ebsir\u00ebn sp\u00ebrkat\u00ebse ose ambalazhet. Per te mbrojtur organizmat ujore krijoni nje zone te pa trajtuar rreth 20 meter nga siperfaqia ujore.Per te mbrojtur artropodet e dobishme krjoni nje fashe te pa trajtuar me gjerese 5 mm duke perdorur doza te reduktuar te produktit.<\/p>\n<p>[\/vc_message][\/vc_column][\/vc_row]<\/p>\n<\/div>","protected":false},"excerpt":{"rendered":"<p>[vc_row full_width=&#8221;stretch_row_content&#8221;][vc_column width=&#8221;1\/6&#8243;][vc_single_image image=&#8221;54&#8243; img_size=&#8221;full&#8221; alignment=&#8221;right&#8221; image_hovers=&#8221;false&#8221;][\/vc_column][vc_column width=&#8221;2\/3&#8243;][vc_column_text] NISSORUN PLUS \u00ebsht\u00eb akaricid selektiv p\u00ebr kontrollin e merimangave (k\u00ebpushave) fitofage t\u00eb kulturave t\u00eb ndryshme bujq\u00ebsore ne te gjitha fazat e zhvillimi (veze, larve, nimfe dhe adult). \u00cbsht\u00eb produkt kontakti dhe lokosistemik me veprim te shpejte dhe te zgjatur. [\/vc_column_text][\/vc_column][vc_column width=&#8221;1\/6&#8243;][\/vc_column][\/vc_row][vc_row][vc_column width=&#8221;1\/4&#8243;][\/vc_column][vc_column width=&#8221;1\/2&#8243;][\/vc_column][vc_column width=&#8221;1\/4&#8243;][\/vc_column][\/vc_row][vc_row][vc_column][vc_empty_space height=&#8221;25px&#8221;][\/vc_column][\/vc_row][vc_row][vc_column][vc_custom_heading text=&#8221;P\u00ebrdorimi&#8221; font_container=&#8221;tag:h2|text_align:center|color:%23ea8d35&#8243;&hellip;<\/p>\n","protected":false},"author":2,"featured_media":0,"parent":0,"menu_order":0,"comment_status":"closed","ping_status":"closed","template":"","meta":{"footnotes":""},"class_list":["post-1009","page","type-page","status-publish","hentry","description-off"],"_links":{"self":[{"href":"https:\/\/agrohelp.al\/index.php\/wp-json\/wp\/v2\/pages\/1009","targetHints":{"allow":["GET"]}}],"collection":[{"href":"https:\/\/agrohelp.al\/index.php\/wp-json\/wp\/v2\/pages"}],"about":[{"href":"https:\/\/agrohelp.al\/index.php\/wp-json\/wp\/v2\/types\/page"}],"author":[{"embeddable":true,"href":"https:\/\/agrohelp.al\/index.php\/wp-json\/wp\/v2\/users\/2"}],"replies":[{"embeddable":true,"href":"https:\/\/agrohelp.al\/index.php\/wp-json\/wp\/v2\/comments?post=1009"}],"version-history":[{"count":3,"href":"https:\/\/agrohelp.al\/index.php\/wp-json\/wp\/v2\/pages\/1009\/revisions"}],"predecessor-version":[{"id":1267,"href":"https:\/\/agrohelp.al\/index.php\/wp-json\/wp\/v2\/pages\/1009\/revisions\/1267"}],"wp:attachment":[{"href":"https:\/\/agrohelp.al\/index.php\/wp-json\/wp\/v2\/media?parent=1009"}],"curies":[{"name":"wp","href":"https:\/\/api.w.org\/{rel}","templated":true}]}}