{"id":1019,"date":"2023-01-09T11:54:25","date_gmt":"2023-01-09T11:54:25","guid":{"rendered":"https:\/\/agrohelp.al\/?page_id=1019"},"modified":"2025-06-13T09:18:52","modified_gmt":"2025-06-13T09:18:52","slug":"metriphar-70-wdg","status":"publish","type":"page","link":"https:\/\/agrohelp.al\/index.php\/metriphar-70-wdg\/","title":{"rendered":"METRIPHAR 70 WDG"},"content":{"rendered":"<div class=\"wpb-content-wrapper\"><p>[vc_row full_width=&#8221;stretch_row_content&#8221;][vc_column width=&#8221;1\/6&#8243;][vc_single_image image=&#8221;54&#8243; img_size=&#8221;full&#8221; alignment=&#8221;right&#8221; image_hovers=&#8221;false&#8221;][\/vc_column][vc_column width=&#8221;2\/3&#8243;][vc_column_text]<\/p>\n<p style=\"text-align: center;\">HERBICID SELEKTIV PER LUFTIMINE BARERAVE TE KEQIA GJETHEGJERA DHE GRAMINORE NE PATATE , DOMATE, KAROTA, SOJE, DHE JONXHE.<\/p>\n<p>[\/vc_column_text][\/vc_column][vc_column width=&#8221;1\/6&#8243;][\/vc_column][\/vc_row][vc_row][vc_column][vc_empty_space height=&#8221;25px&#8221;]<div class=\"standard-arrow list-divider bullet-top\"><ul>\n<li><span style=\"color: #7e20cc;\"><strong>Permbajtja<\/strong><\/span> : <span style=\"color: #000000;\">70 % Metribuzine<\/span><\/li>\n<\/ul>\n<div id=\"gtx-trans\" style=\"position: absolute; left: 309px; top: 100px;\">\n<div class=\"gtx-trans-icon\"><\/div>\n<\/div>\n<\/div>[\/vc_column][\/vc_row][vc_row][vc_column][vc_custom_heading text=&#8221;P\u00ebrdorimi&#8221; font_container=&#8221;tag:h2|text_align:center|color:%237e20cc&#8221; google_fonts=&#8221;font_family:Merienda%3Aregular%2C700|font_style:400%20regular%3A400%3Anormal&#8221;][vc_empty_space height=&#8221;22px&#8221;][\/vc_column][\/vc_row][vc_row][vc_column][vc_column_text]<\/p>\n<p style=\"text-align: left;\">Perdoret para dhe pas mbirjes se kulturave. Lufton mjaft barera te keqija gjethegjera si abutilonin e teofrastit (Abutilon theophrasti), nenen (Amaranthus spp.), ambrosian (Ambrosia spp.), anagalin e ares ( Anagalis arvensis L), labotin e hapur (Atriplex potula), shtraperin (Capsella bursa-pastoris), minuerin (Chenopodium spp), tatullen (Datura spp), lulepellumbin mjekesor (Fumaria officinalis), hitherbuten (Lamium spp), mullagen (Malva spp), kamomilin (Matricaria chamomilla), merkurialin (Merkurialis annua), lulekuqen (Papaver rhoeas), barepaten (Polygonum spp), bordullakun (Portulaca oleracea), sinapin (Sinapis arvensis), idhnakthin e zi (Solanum nigrum), rreshyellin (Sonchus arvensis), stelarien (Stellaria media), luleshurdhen mjekesore (Taraxacum officinalis), hithren djegese (Urtica urens), veronikat (Veronica spp), rrodhet (Xanthium spp.), etj. Lufton gjithashtu barerat gjethengushta si gramin rreshqanor (Agropyren repens), pungacen si bishtmiu (Alopecurus myosuroides), tersheren e eger (Avena fatua), bromuset (Bromus spp), melin e pergjakur (Digitaria spp), muharin (Echinochloa spp), loliumet (Lolium spp), melin (Panicum spp), flokezen njevje\u00e7are (Poa annua), etj.<\/p>\n<p>[\/vc_column_text][vc_tta_tabs color=&#8221;violet&#8221; spacing=&#8221;3&#8243; gap=&#8221;3&#8243; alignment=&#8221;center&#8221; active_section=&#8221;1&#8243;][vc_tta_section title=&#8221;NE PATATE&#8221; tab_id=&#8221;1549981049149-80da51b1-b38043a9-127c9917-d175dd50-51e0&#8243;][vc_column_text]<\/p>\n<p style=\"text-align: justify;\"><span style=\"color: #000000;\">Perdoret para mbirjes me doze 250-400 gr\/ha dhe pas mbirjes me doze 250-300 gr\/ha. deri kur bima eshte ne lartesine 15 cm.Nuk nuk rekomandohet ne toka ranore.<\/span><\/p>\n<p>[\/vc_column_text][\/vc_tta_section][vc_tta_section title=&#8221;NE DOMATE&#8221; tab_id=&#8221;1549981356521-b7b06a28-474543a9-127c9917-d175dd50-51e0&#8243;][vc_column_text]<\/p>\n<p style=\"text-align: justify;\"><span style=\"color: #000000;\">Pas trapjantimit : perdoret me doze 250-400 gr\/ha kur bimet jane ne gjethen e 8-9 dhe kane kaluar krizen e trapjantimit. Ne rast se toka eshte e thare kryeni nje uitje 7-8 dite para perdorimit.<\/span><\/p>\n<p>[\/vc_column_text][\/vc_tta_section][vc_tta_section title=&#8221;NE KARROTE&#8221; tab_id=&#8221;1549981049173-2221499d-443443a9-127c9917-d175dd50-51e0&#8243;][vc_column_text]<\/p>\n<p style=\"text-align: justify;\">Perdoret pas mbirjes , pasi sistemi rrenjor te kete shkuar 20 cm thelle, dhe bima te jete ne fazen e 3-4 gjetheve me doze 250-350 gr\/ha. Ne jonxhe : pas kositjes se fundit kur bima ka hyre ne periudhen e qetesise me dozen 500- 750 gr\/ha. Ne soje : para mbjelljes ose para mbirjes me doze 250-350 gr\/ha. Nuk rekomandohet ne toka ranore dhe torfike.<\/p>\n<p>[\/vc_column_text][\/vc_tta_section][vc_tta_section title=&#8221;NE BIZELE&#8221; tab_id=&#8221;1549981422663-b25b877e-4c2643a9-127c9917-d175dd50-51e0&#8243;][vc_column_text]<\/p>\n<p style=\"text-align: justify;\">Kur bimet jane ne stadin e 1-3 gjetheve me dozen 300-500 gr\/ha.<\/p>\n<div id=\"gtx-trans\" style=\"position: absolute; left: -24px; top: -16px;\">\n<div class=\"gtx-trans-icon\"><\/div>\n<\/div>\n<p>[\/vc_column_text][\/vc_tta_section][\/vc_tta_tabs][\/vc_column][\/vc_row][vc_row][vc_column][vc_custom_heading text=&#8221;V\u00ebrejtje p\u00ebr p\u00ebrdorimin&#8221; font_container=&#8221;tag:h2|text_align:center|color:%237e20cc&#8221; google_fonts=&#8221;font_family:Merienda%3Aregular%2C700|font_style:400%20regular%3A400%3Anormal&#8221;][vc_empty_space height=&#8221;22px&#8221;][vc_message message_box_color=&#8221;violet&#8221; icon_fontawesome=&#8221;fa fa-exclamation-triangle&#8221;]Shmangni trajtimet kur bima ka kaluar stress nga te ftohtit , te nxehtit apo faktore te tjera biotik ose abiotik. Nuk trajtohet ne dite me ere per te shmangur kontaktin me kultura te tjera. Shmangni mbivendosjen e solucionit sperkates. Nuk perdoret ne toka \u201cte bardha\u201d te cilat formojne kore pas uitjes. Produkti shperndahet me 200-500 liter uje per ha duke perdrur sasi me te madhe ne tokat me te renda. Nuk duhet te perdoret ne toka qe kane me pak se 1% lende organike.Ne vartesi te tipit te tokes dhe kushteve atmosferike, efekti i produktit ne toke vazhdon 4 deri 5 muaj. Prandaj duhet te bejme kujdes kur zgjedhim kulturat pasardhese per tokat e trjtuar me pare me kete produkt. Patatja dhe domatja mund te mbillen menjehere si bime pasardhese ndersa misri dhe bishtajoret mund te mbillen pasi toka te plugohet ne thellesine 15 cm, kurse kulturat e tjera mbillen 4 deri 5 muaj pas trajtimit te fundit. Perzierja me herbicidete te tjera behet me rekomandim te distributorit lokal. Nuk trajtohet me mjete ajrore.<\/p>\n<div id=\"gtx-trans\" style=\"position: absolute; left: -57px; top: 227px;\">\n<div class=\"gtx-trans-icon\"><\/div>\n<\/div>\n<p>[\/vc_message][\/vc_column][\/vc_row][vc_row][vc_column][vc_custom_heading text=&#8221;Fitotoksiciteti&#8221; font_container=&#8221;tag:h2|text_align:center|color:%237e20cc&#8221; google_fonts=&#8221;font_family:Merienda%3Aregular%2C700|font_style:400%20regular%3A400%3Anormal&#8221;][vc_empty_space height=&#8221;22px&#8221;][vc_message message_box_color=&#8221;violet&#8221;]<\/p>\n<p style=\"text-align: center;\">Nuk eshte fitotoksik kur perdoret ne kulturat, dozat dhe sipas rekomandimeve te mesiperme. Nuk perdoret ne domate ne sera.<\/p>\n<p>[\/vc_message][\/vc_column][\/vc_row][vc_row][vc_column][vc_custom_heading text=&#8221;Ndikimi ne ekosistem&#8221; font_container=&#8221;tag:h2|text_align:center|color:%237e20cc&#8221; google_fonts=&#8221;font_family:Merienda%3Aregular%2C700|font_style:400%20regular%3A400%3Anormal&#8221;][vc_empty_space height=&#8221;22px&#8221;][vc_message message_box_color=&#8221;violet&#8221;]<\/p>\n<p style=\"text-align: center;\">\u00a0Nuk eshte helmues per bleten.<\/p>\n<div id=\"gtx-trans\" style=\"position: absolute; left: 335px; top: 29px;\">\n<div class=\"gtx-trans-icon\"><\/div>\n<\/div>\n<p>[\/vc_message][\/vc_column][\/vc_row]<\/p>\n<\/div>","protected":false},"excerpt":{"rendered":"<p>[vc_row full_width=&#8221;stretch_row_content&#8221;][vc_column width=&#8221;1\/6&#8243;][vc_single_image image=&#8221;54&#8243; img_size=&#8221;full&#8221; alignment=&#8221;right&#8221; image_hovers=&#8221;false&#8221;][\/vc_column][vc_column width=&#8221;2\/3&#8243;][vc_column_text] HERBICID SELEKTIV PER LUFTIMINE BARERAVE TE KEQIA GJETHEGJERA DHE GRAMINORE NE PATATE , DOMATE, KAROTA, SOJE, DHE JONXHE. [\/vc_column_text][\/vc_column][vc_column width=&#8221;1\/6&#8243;][\/vc_column][\/vc_row][vc_row][vc_column][vc_empty_space height=&#8221;25px&#8221;][\/vc_column][\/vc_row][vc_row][vc_column][vc_custom_heading text=&#8221;P\u00ebrdorimi&#8221; font_container=&#8221;tag:h2|text_align:center|color:%237e20cc&#8221; google_fonts=&#8221;font_family:Merienda%3Aregular%2C700|font_style:400%20regular%3A400%3Anormal&#8221;][vc_empty_space height=&#8221;22px&#8221;][\/vc_column][\/vc_row][vc_row][vc_column][vc_column_text] Perdoret para dhe pas mbirjes se kulturave. Lufton mjaft barera te keqija gjethegjera si abutilonin e teofrastit (Abutilon theophrasti), nenen (Amaranthus spp.),&hellip;<\/p>\n","protected":false},"author":2,"featured_media":0,"parent":0,"menu_order":0,"comment_status":"closed","ping_status":"closed","template":"","meta":{"footnotes":""},"class_list":["post-1019","page","type-page","status-publish","hentry","description-off"],"_links":{"self":[{"href":"https:\/\/agrohelp.al\/index.php\/wp-json\/wp\/v2\/pages\/1019","targetHints":{"allow":["GET"]}}],"collection":[{"href":"https:\/\/agrohelp.al\/index.php\/wp-json\/wp\/v2\/pages"}],"about":[{"href":"https:\/\/agrohelp.al\/index.php\/wp-json\/wp\/v2\/types\/page"}],"author":[{"embeddable":true,"href":"https:\/\/agrohelp.al\/index.php\/wp-json\/wp\/v2\/users\/2"}],"replies":[{"embeddable":true,"href":"https:\/\/agrohelp.al\/index.php\/wp-json\/wp\/v2\/comments?post=1019"}],"version-history":[{"count":4,"href":"https:\/\/agrohelp.al\/index.php\/wp-json\/wp\/v2\/pages\/1019\/revisions"}],"predecessor-version":[{"id":1022,"href":"https:\/\/agrohelp.al\/index.php\/wp-json\/wp\/v2\/pages\/1019\/revisions\/1022"}],"wp:attachment":[{"href":"https:\/\/agrohelp.al\/index.php\/wp-json\/wp\/v2\/media?parent=1019"}],"curies":[{"name":"wp","href":"https:\/\/api.w.org\/{rel}","templated":true}]}}