{"id":1040,"date":"2023-01-09T14:33:03","date_gmt":"2023-01-09T14:33:03","guid":{"rendered":"https:\/\/agrohelp.al\/?page_id=1040"},"modified":"2023-02-20T13:32:50","modified_gmt":"2023-02-20T13:32:50","slug":"perlan","status":"publish","type":"page","link":"https:\/\/agrohelp.al\/index.php\/perlan\/","title":{"rendered":"PERLAN"},"content":{"rendered":"<div class=\"wpb-content-wrapper\"><p>[vc_row][vc_column][vc_column_text]<\/p>\n<p style=\"text-align: center;\"><strong>PERLAN eshte rregullator i rritjes s\u00eb bim\u00ebve me origjin\u00eb sintetike, i bazuar n\u00eb 6-benziladenin\u00eb dhe giberelin\u00eb GA4 dhe GA7. I p\u00ebrkasin p\u00ebrkat\u00ebsisht grupeve kimike t\u00eb citokininave dhe giberelinave. Jan\u00eb rregullator\u00eb natyror\u00eb t\u00eb rritjes s\u00eb bim\u00ebve te ciler rezultojn\u00eb gjate proceseve biokimike ne bime. Perdoren per te p\u00ebrmir\u00ebsuar dhe tipizuar form\u00ebn dhe madhesine e frutave ne molle, per te reduktuar shfaqjen e rjetes (ndryshkut), per te permiresuar lidhjen e frutave ne dardhe dhe nxitjen e deg\u00ebzimeve anesor te pem\u00ebve n\u00eb fidanishtet frutore<\/strong><\/p>\n<p>[\/vc_column_text][\/vc_column][\/vc_row][vc_row][vc_column width=&#8221;1\/3&#8243;][vc_single_image image=&#8221;374&#8243; img_size=&#8221;full&#8221; style=&#8221;vc_box_border&#8221; border_color=&#8221;green&#8221; image_hovers=&#8221;false&#8221;][\/vc_column][vc_column width=&#8221;2\/3&#8243;]<div class=\"standard-arrow list-divider bullet-top\"><ul>\n<li><strong><span style=\"color: #43932d;\">Permbajtja : <\/span><\/strong><span style=\"color: #43932d;\"><span style=\"color: #000000;\">19 g\/L ose 1,82% (w\/w) 6-benziladenin\u00eb,\u00a019 g\/L ose 1,82% (w\/w) giberelin\u00eb (A4 + A7)<\/span><\/span><\/li>\n<li><strong><span style=\"color: #43932d;\">Formulimi : <\/span><\/strong><span style=\"color: #000000;\">Tret\u00ebsir\u00eb e koncentruar (SL)<\/span><\/li>\n<li><strong><span style=\"color: #43932d;\">Karenca : <\/span><\/strong><span style=\"color: #43932d;\"><span style=\"color: #000000;\">Nuk aplikohet<\/span><\/span><\/li>\n<li><strong><span style=\"color: #43932d;\">Magazinimi : <\/span><\/strong>:Ruajeni n\u00eb vend t\u00eb that\u00eb, t\u00eb ajrosur dhe t\u00eb mbrojtur nga rrezet e diellit.<\/li>\n<\/ul>\n<\/div>[\/vc_column][\/vc_row][vc_row][vc_column][vc_tta_tabs color=&#8221;green&#8221; alignment=&#8221;center&#8221; active_section=&#8221;1&#8243;][vc_tta_section title=&#8221;NE MOLLE&#8221; tab_id=&#8221;1550221239347-f64e0dcb-cd9f&#8221;][vc_column_text]<strong><em><u>P\u00ebr t\u00eb parandaluar shfaqjen e rrjetes (ndryshkut) ne kultivarin Golden Delicious dhe te tjere. <\/u><\/em><\/strong><em><u>:<\/u><\/em> Trajtimi \u00a0i pare behet\u00a0 nga \u00a0fundi i lul\u00ebzimit deri n\u00eb r\u00ebnien e petaleve, pasuar nga 3 aplikime me intervale nga 7 deri n\u00eb 10 dit\u00eb, p\u00ebr t\u00eb mbuluar t\u00eb gjith\u00eb periudh\u00ebn kur rreziku eshte me i madh\u00a0 per frutin per tu atakuar nga rrjeta dhe \u00e7arja, \u00a0me doze \u00a00.3 lit \/ha, ( 25-30 ml \/100 lit.uje me nj\u00eb v\u00ebllim sp\u00ebrkatjeje prej 300 deri n\u00eb 1000 lit\/ha.<\/p>\n<p><strong><em><u>P\u00ebr t\u00eb p\u00ebrmir\u00ebsuar form\u00ebn e frutit<\/u><\/em><\/strong>, duke nxitur zgjatjen e tij, uniformitetin, pesh\u00ebn dhe madh\u00ebsin\u00eb e frutit: Sperkatja kryhet \u00a0n\u00eb faz\u00ebn e lul\u00ebzimit me\u00a0 0,6 lit\/ha dhe nj\u00eb v\u00ebllim sp\u00ebrkatjeje prej 1000 lit\/ha.<\/p>\n<p><strong><em>Ne dardhe <\/em><\/strong>P\u00ebr te favorizuar \u00a0lidhjen e futave : Trajtimi kryhet \u00a0ne \u00a0fillim t\u00eb lul\u00ebzimit me doze 0,6 lit\/ha (60ml\/100lit) me \u00a0nj\u00eb v\u00ebllim sp\u00ebrkatjeje prej 300 deri n\u00eb 1000 lit\/ha., ose n\u00eb dy aplikime nga 30ml\/100lit. me nj\u00eb distanc\u00eb prej 3-7 dit\u00ebsh duke shtuar lagesin Silwet Gold, ose n\u00eb nj\u00eb aplikim t\u00eb vet\u00ebm 30ml\/100lit. n\u00eb kombinim me GA3 (p.sh. tablet\u00eb Florgib n\u00eb 0,3 tableta\/100L) . ous dhe Golden Delicious, perdoret 125ml\/100 lit uje me nje aplikim gjat\u00eb lul\u00ebzimit, ose b\u00ebhen dy aplikime prej 60ml\/100lit. (n\u00eb lul\u00ebzim te plot\u00eb dhe 3-10 dit\u00eb m\u00eb von\u00eb). Per te ritur efikasitetin shtohet nje agjent lages si SILWET GOLD.<\/p>\n<p><strong><em>Ne fidanishte\u00a0 frutore <\/em><\/strong>P\u00ebr t\u00eb nxitur deg\u00ebzimin e pem\u00ebve, duke favorizuar shperthimin e deg\u00ebve an\u00ebsore n\u00eb pem\u00ebt e reja ne \u00a0fidanishte duke rritur k\u00ebndin e hapjes \u00a0s\u00eb deg\u00ebve an\u00ebsore dhe pershpejtuar hyrjen n\u00eb prodhim: 2.5lit\/100lit. Trajtimet kryhen n\u00eb bim\u00eb q\u00eb jan\u00eb n\u00eb rritje aktive me sperketje manuale gjat\u00eb muajve qershor-korrik,\u00a0 duke perdorur maksimumi 2,5 lit.\/ha n\u00eb nj\u00eb v\u00ebllim sp\u00ebrkatjeje prej 50 deri n\u00eb 100 lit\/ha. P\u00ebrs\u00ebriteni n\u00eb intervale 7-ditore, me maksimum 3 aplikime p\u00ebr fushat\u00eb.<\/p>\n<p>Sp\u00ebrkatja duhet t\u00eb perqendrohet ndaj degezimeve apikale te daljeve \u00a0kryesor. Rekomandohet kombinimi me nj\u00eb agjent lag\u00ebshtues jo-jonik si Silwet Gold.[\/vc_column_text][\/vc_tta_section][vc_tta_section title=&#8221;NE DARDHE &#8221; tab_id=&#8221;1550221239375-5abb1dd1-06fe&#8221;][vc_column_text]P\u00ebr te favorizuar \u00a0lidhjen e futave : Trajtimi kryhet \u00a0ne \u00a0fillim t\u00eb lul\u00ebzimit me doze 0,6 lit\/ha (60ml\/100lit) me \u00a0nj\u00eb v\u00ebllim sp\u00ebrkatjeje prej 300 deri n\u00eb 1000 lit\/ha., ose n\u00eb dy aplikime nga 30ml\/100lit. me nj\u00eb distanc\u00eb prej 3-7 dit\u00ebsh duke shtuar lagesin Silwet Gold, ose n\u00eb nj\u00eb aplikim t\u00eb vet\u00ebm 30ml\/100lit. n\u00eb kombinim me GA3 (p.sh. tablet\u00eb Florgib n\u00eb 0,3 tableta\/100L) .[\/vc_column_text][\/vc_tta_section][vc_tta_section title=&#8221;NE FIDANISHTE FRUTORE&#8221; tab_id=&#8221;1550221291322-c2184836-c6cb&#8221;][vc_column_text]P\u00ebr t\u00eb nxitur deg\u00ebzimin e pem\u00ebve, duke favorizuar shperthimin e deg\u00ebve an\u00ebsore n\u00eb pem\u00ebt e reja ne \u00a0fidanishte duke rritur k\u00ebndin e hapjes \u00a0s\u00eb deg\u00ebve an\u00ebsore dhe pershpejtuar hyrjen n\u00eb prodhim: 2.5lit\/100lit. Trajtimet kryhen n\u00eb bim\u00eb q\u00eb jan\u00eb n\u00eb rritje aktive me sperketje manuale gjat\u00eb muajve qershor-korrik,\u00a0 duke perdorur maksimumi 2,5 lit.\/ha n\u00eb nj\u00eb v\u00ebllim sp\u00ebrkatjeje prej 50 deri n\u00eb 100 lit\/ha. P\u00ebrs\u00ebriteni n\u00eb intervale 7-ditore, me maksimum 3 aplikime p\u00ebr fushat\u00eb.<\/p>\n<p>Sp\u00ebrkatja duhet t\u00eb perqendrohet ndaj degezimeve apikale te daljeve \u00a0kryesor. Rekomandohet kombinimi me nj\u00eb agjent lag\u00ebshtues jo-jonik si Silwet Gold.[\/vc_column_text][\/vc_tta_section][\/vc_tta_tabs][\/vc_column][\/vc_row][vc_row][vc_column][vc_custom_heading text=&#8221;Verejtje per perdorimin &#8221; font_container=&#8221;tag:h2|text_align:center|color:%2343932d&#8221; google_fonts=&#8221;font_family:Merienda%3Aregular%2C700|font_style:400%20regular%3A400%3Anormal&#8221;][vc_column_text]<\/p>\n<p style=\"text-align: center;\">Duke pasur parasysh ndryshueshm\u00ebrin\u00eb e madhe n\u00eb sjelljen e kulturave q\u00eb rezulton nga aplikimi i k\u00ebtij produkti, ai duhet t\u00eb p\u00ebrdoret vet\u00ebm n\u00ebn udh\u00ebzimet teknike. K\u00ebshillohet q\u00eb t\u00eb kryhen teste t\u00eb m\u00ebparshme mbi varietetet dhe kushtet n\u00eb t\u00eb cilat do t\u00eb p\u00ebrdoret produkti.<\/p>\n<p style=\"text-align: center;\">Shmangni p\u00ebrzierjen e PERLAN me produkte alkaline si p\u00ebrzierje botdoleze dhe polisulfur. P\u00ebr m\u00eb shum\u00eb informacion mbi mund\u00ebsin\u00eb e p\u00ebrzierjes s\u00eb PERLAN me produkte t\u00eb tjera, konsultohuni me distributorin tuaj.<\/p>\n<p style=\"text-align: center;\">Shmangni aplikimin n\u00eb temperatura t\u00eb larta. Rekomandohet qe trajtimet te kryhen \u00a0her\u00ebt n\u00eb m\u00ebngjes ose pasdite von\u00eb, kur lag\u00ebshtia relative \u00ebsht\u00eb m\u00eb e lart\u00eb, duke siguruar k\u00ebshtu thithjen m\u00eb t\u00eb mir\u00eb t\u00eb PERLAN dhe rritjen e efektivitetit. Mos e aplikoni produktin n\u00eb bim\u00eb t\u00eb lagura ose kur priten shira brenda 4 deri n\u00eb 6 or\u00eb pas aplikimit. Mos e aplikoni produktin n\u00ebse temperatura \u00ebsht\u00eb n\u00ebn 7\u00baC ose mbi 32\u00baC.<\/p>\n<p style=\"text-align: center;\">N\u00eb kushte t\u00eb caktuara, PERLAN mund t\u00eb zvog\u00ebloj\u00eb lul\u00ebzimin n\u00eb vitin pas trajtimit.<\/p>\n<p style=\"text-align: center;\">Shishet \u00a0e hapura duhet t\u00eb p\u00ebrdoren n\u00eb t\u00eb nj\u00ebjt\u00ebn fushat\u00eb dhe t\u00eb mos ruhen p\u00ebr fushat\u00ebn tjet\u00ebr.<\/p>\n<p>[\/vc_column_text][vc_empty_space height=&#8221;22px&#8221;][\/vc_column][\/vc_row][vc_row][vc_column][vc_custom_heading text=&#8221;M\u00ebnyra e p\u00ebrgatitjes &#8221; font_container=&#8221;tag:h2|text_align:center|color:%2343932d&#8221; google_fonts=&#8221;font_family:Merienda%3Aregular%2C700|font_style:400%20regular%3A400%3Anormal&#8221;][vc_empty_space height=&#8221;22px&#8221;][vc_column_text]<\/p>\n<p style=\"text-align: center;\">Hidhni \u00a0ne depozite gjysm\u00ebn e v\u00ebllimit t\u00eb ujit te planifikuar per sprkatje. Shtoni sasin\u00eb e nevojshme t\u00eb produktit dhe plot\u00ebsoni v\u00ebllimin e d\u00ebshiruar t\u00eb ujit, duke siguruar p\u00ebrzierjen e vazhdueshme. Matni pH-n\u00eb e tret\u00ebsir\u00ebs dhe rregulloni pH-n\u00eb e ujit n\u00eb vlerat nd\u00ebrmjet 5 dhe 7 me nj\u00eb zgjidhje tampon kur \u00ebsht\u00eb e nevojshme.Mos e lini tret\u00ebsir\u00ebn sp\u00ebrkat\u00ebs t\u00eb q\u00ebndroi n\u00eb rezervuarin e sp\u00ebrkat\u00ebsit p\u00ebr periudha t\u00eb gjata kohore (p.sh. gjat\u00eb vakteve ose gjat\u00eb nat\u00ebs).<\/p>\n<p>[\/vc_column_text][\/vc_column][\/vc_row][vc_row][vc_column][vc_custom_heading text=&#8221;M\u00ebnyra e aplikimit&#8221; font_container=&#8221;tag:h2|text_align:center|color:%2343932d&#8221; google_fonts=&#8221;font_family:Merienda%3Aregular%2C700|font_style:400%20regular%3A400%3Anormal&#8221;][vc_empty_space height=&#8221;22px&#8221;][vc_column_text]<\/p>\n<p style=\"text-align: center;\">Kalibroni sakt\u00eb pajisjet, duke siguruar uniformitet n\u00eb shp\u00ebrndarjen e sp\u00ebrkatjes n\u00eb objektivin e synuar. Llogaritni v\u00ebllimin e sp\u00ebrkatjes s\u00eb p\u00ebrdorur p\u00ebr ha n\u00eb funksion t\u00eb shpejt\u00ebsis\u00eb s\u00eb rrjedh\u00ebs s\u00eb sp\u00ebrkat\u00ebs (L\/min), shpejt\u00ebsis\u00eb dhe gjer\u00ebsis\u00eb s\u00eb pun\u00ebs (distanca nd\u00ebrmjet rreshtave).<\/p>\n<p style=\"text-align: center;\">N\u00eb fazat fillestare t\u00eb zhvillimit t\u00eb\u00a0 bimeve , aplikoni tret\u00ebsir\u00ebn me p\u00ebrqendrimin e treguar. N\u00eb zhvillimin e plot\u00eb vegjetativ, shtoni sasin\u00eb e produktit proporcionalisht me v\u00ebllimin e ujit t\u00eb shp\u00ebrndar\u00eb p\u00ebr ha, nga sp\u00ebrkat\u00ebsi, p\u00ebr t\u00eb respektuar doz\u00ebn.<\/p>\n<p style=\"text-align: center;\">N\u00eb pemtoret ne prodhim, nj\u00eb v\u00ebllim t\u00eb mjaftuesh\u00ebm uji p\u00ebr t\u00eb siguruar mbulim t\u00eb mir\u00eb te mases vegjetativ deri ne brendesi te kurores. Rekomandohet p\u00ebrdorimi i 1000 lit\/ha uj\u00eb.<\/p>\n<p style=\"text-align: center;\">Ambalazhet e\u00a0 boshatisuea duhet t\u00eb lahet tre her\u00eb, t\u00eb mbyllen, dhe gtumbullohen ne kuti te vecanta duke u dorezuar ne pika t\u00eb autorizuar kthimi; uj\u00ebrat e larjes duhet t\u00eb p\u00ebrdoren n\u00eb p\u00ebrgatitjen e solucionit sperkates.<\/p>\n<p>[\/vc_column_text][\/vc_column][\/vc_row][vc_row][vc_column][vc_custom_heading text=&#8221;Fitotoksiciteti:&#8221; font_container=&#8221;tag:h2|text_align:center|color:%2343932d&#8221; google_fonts=&#8221;font_family:Merienda%3Aregular%2C700|font_style:400%20regular%3A400%3Anormal&#8221;][vc_empty_space height=&#8221;22px&#8221;][vc_column_text]<\/p>\n<p style=\"text-align: center;\">Nuk eshte fitotoksik nese perdoret sipas rekomandimeve te kesaj etikete<\/p>\n<p>[\/vc_column_text][\/vc_column][\/vc_row][vc_row][vc_column][vc_custom_heading text=&#8221;Ndikimi ne Ekosistem &#8221; font_container=&#8221;tag:h2|text_align:center|color:%2343932d&#8221; google_fonts=&#8221;font_family:Merienda%3Aregular%2C700|font_style:400%20regular%3A400%3Anormal&#8221;][vc_empty_space height=&#8221;22px&#8221;][vc_column_text]<\/p>\n<p style=\"text-align: center;\">Ky produkt nuk ka ndikime te vecanta ne mjedis , isnsekte te dobushme, apo organizma ujore si dhe kafshe shtepiake<\/p>\n<p>[\/vc_column_text][\/vc_column][\/vc_row]<\/p>\n<\/div>","protected":false},"excerpt":{"rendered":"<p>[vc_row][vc_column][vc_column_text] PERLAN eshte rregullator i rritjes s\u00eb bim\u00ebve me origjin\u00eb sintetike, i bazuar n\u00eb 6-benziladenin\u00eb dhe giberelin\u00eb GA4 dhe GA7. I p\u00ebrkasin p\u00ebrkat\u00ebsisht grupeve kimike t\u00eb citokininave dhe giberelinave. Jan\u00eb rregullator\u00eb natyror\u00eb t\u00eb rritjes s\u00eb bim\u00ebve te ciler rezultojn\u00eb gjate proceseve biokimike ne bime. Perdoren per te p\u00ebrmir\u00ebsuar dhe tipizuar form\u00ebn dhe madhesine e frutave&hellip;<\/p>\n","protected":false},"author":2,"featured_media":0,"parent":0,"menu_order":0,"comment_status":"closed","ping_status":"closed","template":"","meta":{"footnotes":""},"class_list":["post-1040","page","type-page","status-publish","hentry","description-off"],"_links":{"self":[{"href":"https:\/\/agrohelp.al\/index.php\/wp-json\/wp\/v2\/pages\/1040","targetHints":{"allow":["GET"]}}],"collection":[{"href":"https:\/\/agrohelp.al\/index.php\/wp-json\/wp\/v2\/pages"}],"about":[{"href":"https:\/\/agrohelp.al\/index.php\/wp-json\/wp\/v2\/types\/page"}],"author":[{"embeddable":true,"href":"https:\/\/agrohelp.al\/index.php\/wp-json\/wp\/v2\/users\/2"}],"replies":[{"embeddable":true,"href":"https:\/\/agrohelp.al\/index.php\/wp-json\/wp\/v2\/comments?post=1040"}],"version-history":[{"count":5,"href":"https:\/\/agrohelp.al\/index.php\/wp-json\/wp\/v2\/pages\/1040\/revisions"}],"predecessor-version":[{"id":1080,"href":"https:\/\/agrohelp.al\/index.php\/wp-json\/wp\/v2\/pages\/1040\/revisions\/1080"}],"wp:attachment":[{"href":"https:\/\/agrohelp.al\/index.php\/wp-json\/wp\/v2\/media?parent=1040"}],"curies":[{"name":"wp","href":"https:\/\/api.w.org\/{rel}","templated":true}]}}