{"id":1164,"date":"2025-06-12T10:18:44","date_gmt":"2025-06-12T10:18:44","guid":{"rendered":"https:\/\/agrohelp.al\/?page_id=1164"},"modified":"2025-06-13T08:32:11","modified_gmt":"2025-06-13T08:32:11","slug":"simpro","status":"publish","type":"page","link":"https:\/\/agrohelp.al\/index.php\/simpro\/","title":{"rendered":"SIMPRO"},"content":{"rendered":"<div class=\"wpb-content-wrapper\"><p>[vc_row full_width=&#8221;stretch_row_content&#8221;][vc_column width=&#8221;1\/6&#8243;][vc_single_image image=&#8221;54&#8243; img_size=&#8221;full&#8221; alignment=&#8221;right&#8221; image_hovers=&#8221;false&#8221;][\/vc_column][vc_column width=&#8221;2\/3&#8243;][vc_column_text css=&#8221;&#8221;]<\/p>\n<p style=\"text-align: center;\">Fungicid me p\u00ebrb\u00ebrje t\u00eb dy l\u00ebnd\u00ebve aktive Propamokarb dhe Cymoxanil t\u00eb dalluara p\u00ebr verpimin fungistatik ndaj k\u00ebpurdhave fitopatogjene t\u00eb klases <em>Oomycetes<\/em> si<em> Fitoftora, Peronospora, Pseudoperonospora, Plasmopara,<\/em> shkatar\u00eb t\u00eb s\u00ebmundjeve \u00a0t\u00eb njohura m\u00eb emrin \u201cvrugje\u201d n\u00eb kultura t\u00eb ndryshme bujq\u00ebsore. SIMPRO pasi p\u00ebrthithet nga indet e bim\u00ebve, qarkullon n\u00eb t\u00eb si n\u00eb menyr\u00eb lokosistemike ashtu edhe sistemike.<\/p>\n<p>[\/vc_column_text][\/vc_column][vc_column width=&#8221;1\/6&#8243;][\/vc_column][\/vc_row][vc_row][vc_column width=&#8221;1\/4&#8243;][\/vc_column][vc_column width=&#8221;1\/2&#8243;]<div id=\"ult-carousel-47467334769e89c445016b\" class=\"ult-carousel-wrapper   ult_horizontal\" data-gutter=\"15\" data-rtl=\"false\" ><div class=\"ult-carousel-88196931169e89c445006f \" >[vc_single_image image=&#8221;55&#8243; img_size=&#8221;104 \u00d7 104&#8243; alignment=&#8221;center&#8221; image_hovers=&#8221;false&#8221;][vc_single_image image=&#8221;56&#8243; img_size=&#8221;104 \u00d7 104&#8243; alignment=&#8221;center&#8221; image_hovers=&#8221;false&#8221;][vc_single_image image=&#8221;57&#8243; img_size=&#8221;104 \u00d7 104&#8243; alignment=&#8221;center&#8221; image_hovers=&#8221;false&#8221;][vc_single_image image=&#8221;59&#8243; img_size=&#8221;104 \u00d7 104&#8243; alignment=&#8221;center&#8221; image_hovers=&#8221;false&#8221;][vc_single_image image=&#8221;58&#8243; img_size=&#8221;104 \u00d7 104&#8243; alignment=&#8221;center&#8221; image_hovers=&#8221;false&#8221;]<\/div><\/div>\t\t\t<script type=\"text\/javascript\">\n\t\t\t\tjQuery(document).ready(function ($) {\n\t\t\t\t\tif( typeof jQuery('.ult-carousel-88196931169e89c445006f').slick == \"function\"){\n\t\t\t\t\t\t$('.ult-carousel-88196931169e89c445006f').slick({dots: false,autoplay: true,autoplaySpeed: \"2000\",speed: \"2000\",infinite: true,arrows: false,slidesToScroll:4,slidesToShow:4,swipe: true,draggable: true,touchMove: true,pauseOnHover: true,pauseOnFocus: false,responsive: [\n\t\t\t\t\t\t\t{\n\t\t\t\t\t\t\t  breakpoint: 1026,\n\t\t\t\t\t\t\t  settings: {\n\t\t\t\t\t\t\t\tslidesToShow: 4,\n\t\t\t\t\t\t\t\tslidesToScroll: 4,  \n\t\t\t\t\t\t\t  }\n\t\t\t\t\t\t\t},\n\t\t\t\t\t\t\t{\n\t\t\t\t\t\t\t  breakpoint: 1025,\n\t\t\t\t\t\t\t  settings: {\n\t\t\t\t\t\t\t\tslidesToShow: 1,\n\t\t\t\t\t\t\t\tslidesToScroll: 1\n\t\t\t\t\t\t\t  }\n\t\t\t\t\t\t\t},\n\t\t\t\t\t\t\t{\n\t\t\t\t\t\t\t  breakpoint: 760,\n\t\t\t\t\t\t\t  settings: {\n\t\t\t\t\t\t\t\tslidesToShow: 1,\n\t\t\t\t\t\t\t\tslidesToScroll: 1\n\t\t\t\t\t\t\t  }\n\t\t\t\t\t\t\t}\n\t\t\t\t\t\t],pauseOnDotsHover: true,customPaging: function(slider, i) {\n                   return '<i type=\"button\" style= \"color:#333333;\" class=\"ultsl-record\" data-role=\"none\"><\/i>';\n                },});\n\t\t\t\t\t}\n\t\t\t\t});\n\t\t\t<\/script>\n\t\t\t[\/vc_column][vc_column width=&#8221;1\/4&#8243;][\/vc_column][\/vc_row][vc_row][vc_column][vc_empty_space height=&#8221;25px&#8221;]<div class=\"standard-arrow list-divider bullet-top\"><ul>\n<li><strong><span style=\"color: #3366ff;\">Permbajtja<\/span><\/strong> : Propamocarb hidrochloride 400 gr\/lit+cymoxanil 50 gr\/lit<\/li>\n<li><strong><span style=\"color: #3366ff;\">Formulimi<\/span> <\/strong>: Koncentrat i Suspendueshem (SC).<\/li>\n<li><span style=\"color: #3366ff;\"><strong>Karenca<\/strong>\u00a0<span style=\"color: #000000;\">:<\/span><\/span><span style=\"color: #000000;\"> 14 dit\u00eb<\/span><\/li>\n<\/ul>\n<\/div>[\/vc_column][\/vc_row][vc_row][vc_column][vc_custom_heading text=&#8221;P\u00ebrdorimi&#8221; font_container=&#8221;tag:h2|text_align:center|color:%231e73be&#8221; google_fonts=&#8221;font_family:Merienda%3Aregular%2C700|font_style:400%20regular%3A400%3Anormal&#8221;][vc_empty_space height=&#8221;22px&#8221;][vc_message icon_fontawesome=&#8221;&#8221; css=&#8221;&#8221;]<\/p>\n<p style=\"text-align: center;\">SIMPRO p\u00ebrdoret para ose me dallimin e njollave t\u00eb para t\u00eb vrugut. Veprimi i shpejt\u00eb lokosistemk i Cimoxanilit\u00a0 dhe veprimi sistemik dhe parambrojt\u00ebs i Propamokarbit \u00e7rrenjosin infeksionin fillestar duke garantuar nj\u00eb mbrojtje p\u00ebr 7-10 dit\u00eb.<\/p>\n<p style=\"text-align: center;\">P\u00ebr t\u00eb shmangur lindjen e rezistenc\u00ebs p\u00ebrdoreni SIMPRO n\u00eb programin e trajtimeve kundra vrugut n\u00eb nj\u00eb sfond kombinimi me fungicide t\u00eb tjera dhe me nje\u00a0 program ushqimi me pleherues dhe biostimulante t\u00eb cil\u00ebt rritin rezistenc\u00ebn natyrale ndaj vrugjeve. Preparati p\u00ebrzihet fillimisht me pak uj\u00eb, homogjenizohet dhe shtohet n\u00eb tankun sp\u00ebrkat\u00ebs.Sasia e ujit p\u00ebr ha \u00ebsht\u00eb n\u00eb vartesi t\u00eb mas\u00ebs vegjetative por pa e tejkaluar p\u00ebr t\u00eb mos provokuar \u201cdrift\u201d t\u00eb solucionit. N\u00eb vart\u00ebsi t\u00eb kultur\u00ebs dhe faz\u00ebs vegjetative doza e solucionit \u00ebsht\u00eb 200-1000 lit.uj\u00eb\/ha.<\/p>\n<p style=\"text-align: center;\">P\u00ebr kontrollin e vrugt n\u00eb patate, domate,kungullore ,vreshta kultura te tjer ,doza e p\u00ebrgjith\u00ebshme e p\u00ebrdorimit \u00ebsht\u00eb \u00a02-2.5 lit\/ha n\u00eb vartesi t\u00eb intensitetit t\u00eb s\u00ebmundjes.<\/p>\n<p>[\/vc_message][\/vc_column][\/vc_row][vc_row][vc_column][vc_custom_heading text=&#8221;V\u00ebrejtje p\u00ebr p\u00ebrdorimin&#8221; font_container=&#8221;tag:h2|text_align:center|color:%231e73be&#8221; google_fonts=&#8221;font_family:Merienda%3Aregular%2C700|font_style:400%20regular%3A400%3Anormal&#8221;][vc_empty_space height=&#8221;22px&#8221;][\/vc_column][\/vc_row][vc_row][vc_column][vc_message icon_fontawesome=&#8221;&#8221; css=&#8221;&#8221;]<\/p>\n<p style=\"text-align: center;\">Numri i nd\u00ebrhyrjeve\u00a0 p\u00ebr nj\u00eb sezon bimor \u00ebsht\u00eb deri n\u00eb 4 trajtime.<\/p>\n<p style=\"text-align: center;\">SIMPOR nu perzihet me produkte me baz\u00eb alkaline. N\u00ebse do t\u00eb kryeni p\u00ebzierje p\u00ebr t\u00eb cil\u00ebn nuk keni nj\u00eb eksperienc\u00eb t\u00eb m\u00eb par\u00ebshme \u00a0duhet t\u00eb konsultoheni m\u00eb distributorin lokal.<\/p>\n<p>[\/vc_message][\/vc_column][\/vc_row][vc_row][vc_column][vc_custom_heading text=&#8221;Ndikim n\u00eb ekosistem&#8221; font_container=&#8221;tag:h2|text_align:center|color:%231e73be&#8221; google_fonts=&#8221;font_family:Merienda%3Aregular%2C700|font_style:400%20regular%3A400%3Anormal&#8221;][vc_empty_space height=&#8221;22px&#8221;][\/vc_column][\/vc_row][vc_row][vc_column][vc_message css=&#8221;&#8221;]<\/p>\n<p style=\"text-align: center;\"><span style=\"color: #000000;\">Nuk jep ndikim n\u00eb mjedis kur p\u00ebrdoret sipas rekomandimeve t\u00eb m\u00ebsiperme. <\/span><\/p>\n<p>[\/vc_message][\/vc_column][\/vc_row]<\/p>\n<\/div>","protected":false},"excerpt":{"rendered":"<p>[vc_row full_width=&#8221;stretch_row_content&#8221;][vc_column width=&#8221;1\/6&#8243;][vc_single_image image=&#8221;54&#8243; img_size=&#8221;full&#8221; alignment=&#8221;right&#8221; image_hovers=&#8221;false&#8221;][\/vc_column][vc_column width=&#8221;2\/3&#8243;][vc_column_text css=&#8221;&#8221;] Fungicid me p\u00ebrb\u00ebrje t\u00eb dy l\u00ebnd\u00ebve aktive Propamokarb dhe Cymoxanil t\u00eb dalluara p\u00ebr verpimin fungistatik ndaj k\u00ebpurdhave fitopatogjene t\u00eb klases Oomycetes si Fitoftora, Peronospora, Pseudoperonospora, Plasmopara, shkatar\u00eb t\u00eb s\u00ebmundjeve \u00a0t\u00eb njohura m\u00eb emrin \u201cvrugje\u201d n\u00eb kultura t\u00eb ndryshme bujq\u00ebsore. SIMPRO pasi p\u00ebrthithet nga indet e bim\u00ebve,&hellip;<\/p>\n","protected":false},"author":2,"featured_media":0,"parent":0,"menu_order":0,"comment_status":"closed","ping_status":"closed","template":"","meta":{"footnotes":""},"class_list":["post-1164","page","type-page","status-publish","hentry","description-off"],"_links":{"self":[{"href":"https:\/\/agrohelp.al\/index.php\/wp-json\/wp\/v2\/pages\/1164","targetHints":{"allow":["GET"]}}],"collection":[{"href":"https:\/\/agrohelp.al\/index.php\/wp-json\/wp\/v2\/pages"}],"about":[{"href":"https:\/\/agrohelp.al\/index.php\/wp-json\/wp\/v2\/types\/page"}],"author":[{"embeddable":true,"href":"https:\/\/agrohelp.al\/index.php\/wp-json\/wp\/v2\/users\/2"}],"replies":[{"embeddable":true,"href":"https:\/\/agrohelp.al\/index.php\/wp-json\/wp\/v2\/comments?post=1164"}],"version-history":[{"count":7,"href":"https:\/\/agrohelp.al\/index.php\/wp-json\/wp\/v2\/pages\/1164\/revisions"}],"predecessor-version":[{"id":1167,"href":"https:\/\/agrohelp.al\/index.php\/wp-json\/wp\/v2\/pages\/1164\/revisions\/1167"}],"wp:attachment":[{"href":"https:\/\/agrohelp.al\/index.php\/wp-json\/wp\/v2\/media?parent=1164"}],"curies":[{"name":"wp","href":"https:\/\/api.w.org\/{rel}","templated":true}]}}