{"id":1188,"date":"2025-06-12T12:35:32","date_gmt":"2025-06-12T12:35:32","guid":{"rendered":"https:\/\/agrohelp.al\/?page_id=1188"},"modified":"2025-06-13T08:58:51","modified_gmt":"2025-06-13T08:58:51","slug":"laotta","status":"publish","type":"page","link":"https:\/\/agrohelp.al\/index.php\/laotta\/","title":{"rendered":"LAOTTA"},"content":{"rendered":"<div class=\"wpb-content-wrapper\"><p>[vc_row full_width=&#8221;stretch_row_content&#8221;][vc_column width=&#8221;1\/6&#8243;][vc_single_image image=&#8221;54&#8243; img_size=&#8221;full&#8221; alignment=&#8221;right&#8221; image_hovers=&#8221;false&#8221;][\/vc_column][vc_column width=&#8221;2\/3&#8243;][vc_column_text css=&#8221;&#8221;]<\/p>\n<p style=\"text-align: center;\">LAOTTA \u00ebsht\u00eb nj\u00eb insekticid-akaricid me p\u00ebrmbajtje abamectine, nj\u00eb p\u00ebrb\u00ebr\u00ebs aktiv dhe \u00a0efektiv kund\u00ebr t\u00eb gjitha formave t\u00eb l\u00ebvizshme t\u00eb insekteve dhe kepushave. P\u00ebr t\u00eb arritur efektin\u00a0 maksimale ndaj fitofag\u00ebve mund t\u00eb duhen deri n\u00eb 3-5 dit\u00eb pas nd\u00ebrhyrjes me LAOTTA. Pas aplikimit, insektet dhe kepushat reduktojn\u00eb ndjesh\u00ebm te ushqyerit deri ne ngordhje.<\/p>\n<p>[\/vc_column_text][\/vc_column][vc_column width=&#8221;1\/6&#8243;][\/vc_column][\/vc_row][vc_row][vc_column width=&#8221;1\/4&#8243;][\/vc_column][vc_column width=&#8221;1\/2&#8243;]<div id=\"ult-carousel-385750494769dec78e0c3f7\" class=\"ult-carousel-wrapper   ult_horizontal\" data-gutter=\"15\" data-rtl=\"false\" ><div class=\"ult-carousel-206248412369dec78e0c2f3 \" >[vc_single_image image=&#8221;161&#8243; img_size=&#8221;104 \u00d7 104&#8243; alignment=&#8221;center&#8221; image_hovers=&#8221;false&#8221;][vc_single_image image=&#8221;162&#8243; img_size=&#8221;104 \u00d7 104&#8243; alignment=&#8221;center&#8221; image_hovers=&#8221;false&#8221;][vc_single_image image=&#8221;163&#8243; img_size=&#8221;104 \u00d7 104&#8243; alignment=&#8221;center&#8221; image_hovers=&#8221;false&#8221;][vc_single_image image=&#8221;164&#8243; img_size=&#8221;104 \u00d7 104&#8243; alignment=&#8221;center&#8221; image_hovers=&#8221;false&#8221;][vc_single_image image=&#8221;165&#8243; img_size=&#8221;104 \u00d7 104&#8243; alignment=&#8221;center&#8221; image_hovers=&#8221;false&#8221;]<\/div><\/div>\t\t\t<script type=\"text\/javascript\">\n\t\t\t\tjQuery(document).ready(function ($) {\n\t\t\t\t\tif( typeof jQuery('.ult-carousel-206248412369dec78e0c2f3').slick == \"function\"){\n\t\t\t\t\t\t$('.ult-carousel-206248412369dec78e0c2f3').slick({dots: false,autoplay: true,autoplaySpeed: \"2000\",speed: \"2000\",infinite: true,arrows: false,slidesToScroll:4,slidesToShow:4,swipe: true,draggable: true,touchMove: true,pauseOnHover: true,pauseOnFocus: false,responsive: [\n\t\t\t\t\t\t\t{\n\t\t\t\t\t\t\t  breakpoint: 1026,\n\t\t\t\t\t\t\t  settings: {\n\t\t\t\t\t\t\t\tslidesToShow: 4,\n\t\t\t\t\t\t\t\tslidesToScroll: 4,  \n\t\t\t\t\t\t\t  }\n\t\t\t\t\t\t\t},\n\t\t\t\t\t\t\t{\n\t\t\t\t\t\t\t  breakpoint: 1025,\n\t\t\t\t\t\t\t  settings: {\n\t\t\t\t\t\t\t\tslidesToShow: 1,\n\t\t\t\t\t\t\t\tslidesToScroll: 1\n\t\t\t\t\t\t\t  }\n\t\t\t\t\t\t\t},\n\t\t\t\t\t\t\t{\n\t\t\t\t\t\t\t  breakpoint: 760,\n\t\t\t\t\t\t\t  settings: {\n\t\t\t\t\t\t\t\tslidesToShow: 1,\n\t\t\t\t\t\t\t\tslidesToScroll: 1\n\t\t\t\t\t\t\t  }\n\t\t\t\t\t\t\t}\n\t\t\t\t\t\t],pauseOnDotsHover: true,customPaging: function(slider, i) {\n                   return '<i type=\"button\" style= \"color:#333333;\" class=\"ultsl-record\" data-role=\"none\"><\/i>';\n                },});\n\t\t\t\t\t}\n\t\t\t\t});\n\t\t\t<\/script>\n\t\t\t[\/vc_column][vc_column width=&#8221;1\/4&#8243;][\/vc_column][\/vc_row][vc_row][vc_column][vc_empty_space height=&#8221;25px&#8221;]<div class=\"standard-arrow list-divider bullet-top\"><ul>\n<li><span style=\"color: #ea8d35;\"><strong>Permbajtja<\/strong><\/span> : Abamectin: 1.8% w\/v (18 g\/l).<\/li>\n<li><span style=\"color: #ea8d35;\"><strong>Formulimi <\/strong><\/span>: koncentrat i emulsionueshem (ec)<\/li>\n<li><span style=\"color: #3366ff;\"><span style=\"color: #ea8d35;\"><strong>Karenca<\/strong>\u00a0<\/span><span style=\"color: #000000;\">: <\/span><\/span>3 dit\u00eb p\u00ebr moll\u00ebn, dardh\u00ebn, domaten serr\u00eb dhe domate n\u00eb fush\u00eb t\u00eb hapur, pat\u00ebllxhan, kastravec, tranguj, kungull i njom\u00eb, pjep\u00ebr serr\u00eb, kungull serr\u00eb, shalqi serr\u00eb, luleshtrydhe; 5 dit\u00eb p\u00ebr pjep\u00ebr, shalqi dhe kungull n\u00eb fush\u00eb; 7 dit\u00eb p\u00ebr marulet dhe sallatat, 10 dit\u00eb p\u00ebr agrumet dhe hardhit\u00eb (p\u00ebr ver\u00ebn dhe tryez\u00ebn); 14 dit\u00eb p\u00ebr pjeshk\u00eb.<\/li>\n<\/ul>\n<\/div>[\/vc_column][\/vc_row][vc_row][vc_column][vc_custom_heading text=&#8221;P\u00ebrdorimi&#8221; font_container=&#8221;tag:h2|text_align:center|color:%23ea8d35&#8243; google_fonts=&#8221;font_family:Merienda%3Aregular%2C700|font_style:400%20regular%3A400%3Anormal&#8221;][vc_empty_space height=&#8221;22px&#8221;][\/vc_column][\/vc_row][vc_row][vc_column][vc_tta_tabs color=&#8221;sandy-brown&#8221; spacing=&#8221;3&#8243; gap=&#8221;3&#8243; alignment=&#8221;center&#8221; active_section=&#8221;1&#8243;][vc_tta_section title=&#8221;AGRUME&#8221; tab_id=&#8221;1549981049149-80da51b1-b38043a9-127c&#8221;][vc_column_text css=&#8221;&#8221;](Portokalle, Mandarina, Klementin\u00eb dhe Limona) : Kundr Minueses serpentine <em>(Phyllocnistis citrella)<\/em> 40 ml\/hl (0,3-0,8 l\/ha) me shfaqjen e minave t\u00eb para n\u00eb lastar\u00ebt e rinj n\u00eb formim. Kunder kepushave (<em>Tetranychus urticae, Panonychus citri, Aceria sheldoni)<\/em> me 40 ml\/hl (0,4-0,8 l\/ha) me shfaqjen e formave t\u00eb para t\u00eb l\u00ebvizeshme nga lidhja e\u00a0 frutave deri n\u00eb zmadhimin tyre. Kryen 1-3 aplikime n\u00eb intervale 7 ditore, duke p\u00ebrdorur 1000-2000 litra uj\u00eb p\u00ebr ha.<\/p>\n<p style=\"text-align: justify;\"><span style=\"color: #000000;\">\u00a0<\/span><\/p>\n<p>[\/vc_column_text][\/vc_tta_section][vc_tta_section title=&#8221;MOLLE&#8221; tab_id=&#8221;1549981356521-b7b06a28-474543a9-127c&#8221;][vc_column_text css=&#8221;&#8221;]Kunder kepushave <em>(Tetranychus urticae dhe Panonychus ulmi)<\/em> me 80 ml\/hl (0,60-0,96 l\/ha), nga fundi i r\u00ebnies s\u00eb petaleve deri n\u00eb shfaqjen e fitofag\u00ebve. Kryen 1-2 nd\u00ebrhyrje n\u00eb intervale 15 ditore duke p\u00ebrdorur 750-1200 litra uj\u00eb p\u00ebr ha.<\/p>\n<p style=\"text-align: justify;\"><span style=\"color: #000000;\">\u00a0<\/span><\/p>\n<p>[\/vc_column_text][\/vc_tta_section][vc_tta_section title=&#8221;DARDHE&#8221; tab_id=&#8221;1549981049173-2221499d-443443a9-127c&#8221;][vc_column_text css=&#8221;&#8221;]Kunder\u00a0 Psylles (Psylla spp.) 50-100 ml\/hl (0,375-1,2 l\/ha) nga fund i r\u00ebnies s\u00eb petaleve ose n\u00eb breznine e ardheshme me cfaqien e \u00a0nimfave t\u00eb para, kunder kepushes se kuqe <em>(Tetranychus urticae dhe Panonychus ulmi)<\/em> 80 ml\/hl (0,60-0,96l\/ha) n\u00eb fund t\u00eb r\u00ebnies s\u00eb petaleve ose n\u00eb shfaqjen e formave t\u00eb para t\u00eb l\u00ebvizshme. Kryeni 1-2 nd\u00ebrhyrje n\u00eb intervale 15 ditore duke p\u00ebrdorur 750-1200 litra uj\u00eb p\u00ebr ha.[\/vc_column_text][\/vc_tta_section][vc_tta_section title=&#8221;PJESHKE&#8221; tab_id=&#8221;1549981422663-b25b877e-4c2643a9-127c&#8221;][vc_column_text css=&#8221;&#8221;]Kunder kepushes se kuqe <em>(Tetranychus urticae, Panonychus ulmi, Bryobia rubricolus),<\/em> 50-100 ml\/hl (0,5-1,2 l\/ha) n\u00eb fund t\u00eb r\u00ebnies s\u00eb petaleve ose me shfaqjen e formave t\u00eb para l\u00ebviz\u00ebse. P\u00ebrdorni v\u00ebllime uji 1000 &#8211; 1200 l\/ha.[\/vc_column_text][\/vc_tta_section][vc_tta_section title=&#8221;HARDHI&#8221; tab_id=&#8221;1549981414511-8b5cbd33-0bad43a9-127c&#8221;][vc_column_text css=&#8221;&#8221;]Kunder kepushes se kuqe <em>(Tetranychus urticae)<\/em> me 50-100 ml\/hl (0,25-1,0 l\/ha p\u00ebr rushin e ver\u00ebs dhe 0,5-1,2 l\/ha p\u00ebr rushin e tavolin\u00ebs) me shfaqjen e formave t\u00eb para t\u00eb l\u00ebvizshme. P\u00ebrdorni v\u00ebllime uji\u00a0 500 -1000 l\/ha p\u00ebr rushin e ver\u00ebs dhe 1000-1200 p\u00ebr rushin e tavolin\u00ebs. Mos\u00a0 trajtoni gjat\u00eb lul\u00ebzimit.[\/vc_column_text][\/vc_tta_section][vc_tta_section title=&#8221;DOMATE&#8221; tab_id=&#8221;1749731456090-06f22704-2918&#8243;][vc_column_text css=&#8221;&#8221;]Kunder \u00a0kepushes se kuqe <em>(Tetranychus urticae, Polyphagotarsonemus latus)<\/em>,dhe eriofideve \u00a0<em>(Aculus lycopersici)<\/em> 50-100 ml\/hl (0,15-1,0 l\/ha) me shfaqjen e formave t\u00eb para te levizeshme. Kunder minueses se gjetheve <em>(Liriomyza spp.)<\/em> 50-100 ml\/hl (0,15\u20131,0 l\/ha) m\u00eb shfaqjen e cpimeve te para te vezevendosjes<strong>.<\/strong> <strong>Kunder trpseve <\/strong><em>Frankliniella occidentalis, Thrips sp<\/em><strong>.<\/strong> Kryeni 1-3 aplikime n\u00eb intervale 7 ditore, duke p\u00ebrdorur 300-1000 litra uj\u00eb p\u00ebr hektar.[\/vc_column_text][\/vc_tta_section][vc_tta_section title=&#8221;PATELLXHANE&#8221; tab_id=&#8221;1749731483217-daf5e70e-3a68&#8243;][vc_column_text css=&#8221;&#8221;]Kunder Kepushes se kuqe <em>(Tetranychus urticae)<\/em> dhe eriofideve\u00a0 <em>(Aculus lycopersici)<\/em> 50-80 ml\/hl (0,15-0,8 l\/ha) me shfaqjen e formave t\u00eb para l\u00ebviz\u00ebse. Kryeni 1-3 aplikime n\u00eb intervale 7 ditore duke p\u00ebrdorur 300-1000 litra uj\u00eb p\u00ebr hektar. Kunder minueses se gjetheve <em>(Liriomyza spp.)<\/em> <strong>Kunder trpseve <\/strong><em>Frankliniella occidentalis, Thrips sp<\/em><strong>.<\/strong>50-100 ml\/hl (0,15\u20131,0 l\/ha) m\u00eb shfaqjen e cpimeve te para te vezevendosjes<strong>.<\/strong>[\/vc_column_text][\/vc_tta_section][vc_tta_section title=&#8221;PJEPER KUNGULL SHALQI&#8221; tab_id=&#8221;1749731518044-ebcd2d08-042e&#8221;][vc_column_text css=&#8221;&#8221;](n\u00eb fush\u00eb t\u00eb hapur dhe n\u00eb ser\u00eb), trangull, kurget, kungulleshka (n\u00eb ser\u00eb) kunder kepushes se \u00a0kuqe\u00a0 <em>(Tetranychus urticae)<\/em> 50-100 ml\/hl (0,15-1,0 l\/ha) me shfaqjen e formave t\u00eb para l\u00ebviz\u00ebse.<\/p>\n<p>Kunder minueses se \u00a0gjetheve <em>(Liriomyza spp.)<\/em> 50-100 ml\/hl (0,15-1,0 l\/ha) me vendosjen e vezeve te para.Kryen 1-2 aplikime n\u00eb intervale 7 ditore duke p\u00ebrdorur 300-1000 litra uj\u00eb p\u00ebr hektar.[\/vc_column_text][\/vc_tta_section][vc_tta_section title=&#8221;LULESHTRYDHE NE SERE&#8221; tab_id=&#8221;1749731570529-5704e39f-a353&#8243;][vc_column_text css=&#8221;&#8221;]Kunder kepushes se kuqe dhe t\u00eb verdh\u00eb <em>(Tetranychus urticae, Phytonemus pallidus)<\/em> 50-100 ml\/hl (0,15-1,0 l\/ha) me shfaqjen e formave t\u00eb para l\u00ebviz\u00ebse, kunder minuses se gjetheve (Liriomyza spp.) 50-100 ml\/hl (0,15-1,0 l\/ha) n\u00eb shfaqjen e pickimeve t\u00eb par\u00eb t\u00eb vez\u00ebvendosjes. Kryen 1-2 aplikime n\u00eb intervale 7 ditore duke p\u00ebrdorur 300-1000 litra uj\u00eb p\u00ebr hektar.[\/vc_column_text][\/vc_tta_section][vc_tta_section title=&#8221;MARULE DHE SALLATE&#8221; tab_id=&#8221;1749731599929-e728ae57-8327&#8243;][vc_column_text css=&#8221;&#8221;](me p\u00ebrjashtim te escarole\/endive me gjethe t\u00eb m\u00ebdha, lak\u00ebrisht\u00eb dhe lastar\u00eb dhe sytha t\u00eb tjer\u00eb, barbarea, rukola, mustarda), kunder kepushes se kuqe <em>(Tetranychus spp., Polyphagotarsonemus latus)<\/em> 50-100 ml\/hl (0,15-1,0 l\/ha) me shfaqjen e formave t\u00eb para te levizeshme, minueses se gjetheve <em>(Liriomyza spp.)<\/em> 50-100 ml\/hl (0,15-1,0 l\/ha) me vendosjen e vezeve te para. Kryen 1-3 aplikime n\u00eb intervale 7 ditore duke p\u00ebrdorur 300-1000 litra uj\u00eb p\u00ebr ha.[\/vc_column_text][\/vc_tta_section][vc_tta_section title=&#8221;MISER&#8221; tab_id=&#8221;1749731643841-0d66a5b9-c95f&#8221;][vc_column_text css=&#8221;&#8221;]Kunder kepushes se kuqe <em>(Panonychus ulmi, Tetranychus urticae)<\/em> 100 ml\/hl (0,3-0,4 l\/ha me shfaqjen e formave t\u00eb para te levizeshme deri n\u00eb faz\u00ebn e 6-t\u00eb t\u00eb gjethes s\u00eb zgjatur. Kryeni 1 trajtim n\u00eb vit duke p\u00ebrdorur v\u00ebllime uji 300-400 l\/ha. Siguroni lagje \u00a0adekuat t\u00eb bim\u00ebsis\u00eb.[\/vc_column_text][\/vc_tta_section][vc_tta_section title=&#8221;BIME ZBUKURUESE&#8221; tab_id=&#8221;1749731672907-e1c7fadc-dc00&#8243;][vc_column_text css=&#8221;&#8221;](bim\u00eb, bulba dhe bim\u00eb bulbore me lule, pem\u00eb, shkurre dhe fidanishte t\u00eb pem\u00ebve pyjore).<em> Tetranychus urticae,<\/em> <em>Eriophyes spp. <\/em><strong>Liriomiza: <\/strong><em>Liriomyza trifolii \u00a0<\/em><strong>Tripsi: <\/strong><em>Frankliniella occidentalis, <\/em><strong>Pleshtat:<\/strong><em> Psylla spp <\/em>75-100ml\/hl\u00a0 4 trajt.[\/vc_column_text][\/vc_tta_section][\/vc_tta_tabs][\/vc_column][\/vc_row][vc_row][vc_column][vc_custom_heading text=&#8221;V\u00ebrejtje p\u00ebr p\u00ebrdorimin&#8221; font_container=&#8221;tag:h2|text_align:center|color:%23ea8d35&#8243; google_fonts=&#8221;font_family:Merienda%3Aregular%2C700|font_style:400%20regular%3A400%3Anormal&#8221;][vc_empty_space height=&#8221;22px&#8221;][\/vc_column][\/vc_row][vc_row][vc_column][vc_message message_box_color=&#8221;orange&#8221; icon_fontawesome=&#8221;&#8221; css=&#8221;&#8221;]<\/p>\n<p style=\"text-align: center;\">N\u00eb rast t\u00eb p\u00ebrzierjes me formulime t\u00eb tjera, duhet t\u00eb respektohen rregullat paraprake t\u00eb p\u00ebrshkruara p\u00ebr produktet m\u00eb toksike. <strong>\u00a0<\/strong>Prodkti rekomandohet t\u00eb p\u00ebrdoret sipas nj\u00eb programi parandalues \u200b\u200bt\u00eb rezistenc\u00ebs, duke perdorur akaricide me m\u00ebnyra t\u00eb ndryshme veprimi. Mos e aplikoni produktin m\u00eb shum\u00eb se dy her\u00eb radhazi. Per te siguruar nje\u00a0 efektivitet e te larte shtoni solucionit sperkates SILWET GOLD. Ne rast infeksionesh masive shtoni nje ovicis Nissorun WP. Nuk perdoret\u00a0 i perzier me produkte te tjera.<\/p>\n<p>[\/vc_message][\/vc_column][\/vc_row][vc_row][vc_column][vc_custom_heading text=&#8221;Ndikim n\u00eb ekosistem&#8221; font_container=&#8221;tag:h2|text_align:center|color:%23f79468&#8243; google_fonts=&#8221;font_family:Merienda%3Aregular%2C700|font_style:400%20regular%3A400%3Anormal&#8221;][vc_empty_space height=&#8221;22px&#8221;][\/vc_column][\/vc_row][vc_row][vc_column][vc_message message_box_color=&#8221;orange&#8221;]<\/p>\n<p style=\"text-align: center;\"><span style=\"color: #000000;\">Nuk eshte helmues per insektet e dobishme, kafshet shtepiake, peshqit dhe kafshet e egra. Kur trajtojme prane mjediseve ku mbareshtrohen bletet, duhet te kujdesemi per mbylljen e tyre gjate trajtimit dhe nxjerjen pas 48-72 oresh. Mos ndotni basenet, pellgjet dhe ruget e ujit me produktin ose ambalazhin bosh.<\/span><\/p>\n<p>[\/vc_message][\/vc_column][\/vc_row]<\/p>\n<\/div>","protected":false},"excerpt":{"rendered":"<p>[vc_row full_width=&#8221;stretch_row_content&#8221;][vc_column width=&#8221;1\/6&#8243;][vc_single_image image=&#8221;54&#8243; img_size=&#8221;full&#8221; alignment=&#8221;right&#8221; image_hovers=&#8221;false&#8221;][\/vc_column][vc_column width=&#8221;2\/3&#8243;][vc_column_text css=&#8221;&#8221;] LAOTTA \u00ebsht\u00eb nj\u00eb insekticid-akaricid me p\u00ebrmbajtje abamectine, nj\u00eb p\u00ebrb\u00ebr\u00ebs aktiv dhe \u00a0efektiv kund\u00ebr t\u00eb gjitha formave t\u00eb l\u00ebvizshme t\u00eb insekteve dhe kepushave. P\u00ebr t\u00eb arritur efektin\u00a0 maksimale ndaj fitofag\u00ebve mund t\u00eb duhen deri n\u00eb 3-5 dit\u00eb pas nd\u00ebrhyrjes me LAOTTA. Pas aplikimit, insektet dhe kepushat reduktojn\u00eb&hellip;<\/p>\n","protected":false},"author":2,"featured_media":0,"parent":0,"menu_order":0,"comment_status":"closed","ping_status":"closed","template":"","meta":{"footnotes":""},"class_list":["post-1188","page","type-page","status-publish","hentry","description-off"],"_links":{"self":[{"href":"https:\/\/agrohelp.al\/index.php\/wp-json\/wp\/v2\/pages\/1188","targetHints":{"allow":["GET"]}}],"collection":[{"href":"https:\/\/agrohelp.al\/index.php\/wp-json\/wp\/v2\/pages"}],"about":[{"href":"https:\/\/agrohelp.al\/index.php\/wp-json\/wp\/v2\/types\/page"}],"author":[{"embeddable":true,"href":"https:\/\/agrohelp.al\/index.php\/wp-json\/wp\/v2\/users\/2"}],"replies":[{"embeddable":true,"href":"https:\/\/agrohelp.al\/index.php\/wp-json\/wp\/v2\/comments?post=1188"}],"version-history":[{"count":3,"href":"https:\/\/agrohelp.al\/index.php\/wp-json\/wp\/v2\/pages\/1188\/revisions"}],"predecessor-version":[{"id":1251,"href":"https:\/\/agrohelp.al\/index.php\/wp-json\/wp\/v2\/pages\/1188\/revisions\/1251"}],"wp:attachment":[{"href":"https:\/\/agrohelp.al\/index.php\/wp-json\/wp\/v2\/media?parent=1188"}],"curies":[{"name":"wp","href":"https:\/\/api.w.org\/{rel}","templated":true}]}}