{"id":131,"date":"2019-02-14T08:33:12","date_gmt":"2019-02-14T08:33:12","guid":{"rendered":"https:\/\/agrohelp.al\/?page_id=131"},"modified":"2025-06-13T08:25:11","modified_gmt":"2025-06-13T08:25:11","slug":"pyrus-400-sc","status":"publish","type":"page","link":"https:\/\/agrohelp.al\/index.php\/pyrus-400-sc\/","title":{"rendered":"PYRUS\u00ae 400 SC"},"content":{"rendered":"<div class=\"wpb-content-wrapper\"><p>[vc_row full_width=&#8221;stretch_row_content&#8221;][vc_column width=&#8221;1\/6&#8243;][vc_single_image image=&#8221;54&#8243; img_size=&#8221;full&#8221; alignment=&#8221;right&#8221; image_hovers=&#8221;false&#8221;][\/vc_column][vc_column width=&#8221;2\/3&#8243;][vc_column_text]<\/p>\n<p style=\"text-align: center;\"><span style=\"color: #000000;\"><strong> PYRUS 400 SC<\/strong> eshte fungicid sistemik dhe kontakti me veprim preventiv dhe kurativ., efektiv ne luftimin e Kromave<em> (Venturia ineaqualis, V.pirina)<\/em> ne molle e dardhe vecanerisht ne lulezim, periudhe ne te cilen preparatet e zakoneshme per luftimin e kesaj semundje nuk rekomandohen. PYRUS 400 SC perdoret me sukse ne luftimin e kalbezimit gri ne <em>(Botrytis cinerea)<\/em> ne vreshta dhe perime.<\/span><\/p>\n<p>[\/vc_column_text][\/vc_column][vc_column width=&#8221;1\/6&#8243;][\/vc_column][\/vc_row][vc_row][vc_column width=&#8221;1\/4&#8243;][\/vc_column][vc_column width=&#8221;1\/2&#8243;]<div id=\"ult-carousel-24065629369e5d13bb0cd3\" class=\"ult-carousel-wrapper   ult_horizontal\" data-gutter=\"15\" data-rtl=\"false\" ><div class=\"ult-carousel-44802054869e5d13baf5d1 \" >[vc_single_image image=&#8221;58&#8243; img_size=&#8221;104 \u00d7 104&#8243; alignment=&#8221;center&#8221; image_hovers=&#8221;false&#8221;][vc_single_image image=&#8221;65&#8243; img_size=&#8221;104 \u00d7 104&#8243; alignment=&#8221;center&#8221; image_hovers=&#8221;false&#8221;][vc_single_image image=&#8221;55&#8243; img_size=&#8221;104 \u00d7 104&#8243; alignment=&#8221;center&#8221; image_hovers=&#8221;false&#8221;]<\/div><\/div>\t\t\t<script type=\"text\/javascript\">\n\t\t\t\tjQuery(document).ready(function ($) {\n\t\t\t\t\tif( typeof jQuery('.ult-carousel-44802054869e5d13baf5d1').slick == \"function\"){\n\t\t\t\t\t\t$('.ult-carousel-44802054869e5d13baf5d1').slick({dots: false,autoplay: true,autoplaySpeed: \"2000\",speed: \"2000\",infinite: true,arrows: false,slidesToScroll:4,slidesToShow:4,swipe: true,draggable: true,touchMove: true,pauseOnHover: true,pauseOnFocus: false,responsive: [\n\t\t\t\t\t\t\t{\n\t\t\t\t\t\t\t  breakpoint: 1026,\n\t\t\t\t\t\t\t  settings: {\n\t\t\t\t\t\t\t\tslidesToShow: 4,\n\t\t\t\t\t\t\t\tslidesToScroll: 4,  \n\t\t\t\t\t\t\t  }\n\t\t\t\t\t\t\t},\n\t\t\t\t\t\t\t{\n\t\t\t\t\t\t\t  breakpoint: 1025,\n\t\t\t\t\t\t\t  settings: {\n\t\t\t\t\t\t\t\tslidesToShow: 1,\n\t\t\t\t\t\t\t\tslidesToScroll: 1\n\t\t\t\t\t\t\t  }\n\t\t\t\t\t\t\t},\n\t\t\t\t\t\t\t{\n\t\t\t\t\t\t\t  breakpoint: 760,\n\t\t\t\t\t\t\t  settings: {\n\t\t\t\t\t\t\t\tslidesToShow: 1,\n\t\t\t\t\t\t\t\tslidesToScroll: 1\n\t\t\t\t\t\t\t  }\n\t\t\t\t\t\t\t}\n\t\t\t\t\t\t],pauseOnDotsHover: true,customPaging: function(slider, i) {\n                   return '<i type=\"button\" style= \"color:#333333;\" class=\"ultsl-record\" data-role=\"none\"><\/i>';\n                },});\n\t\t\t\t\t}\n\t\t\t\t});\n\t\t\t<\/script>\n\t\t\t[\/vc_column][vc_column width=&#8221;1\/4&#8243;][\/vc_column][\/vc_row][vc_row][vc_column][vc_empty_space height=&#8221;25px&#8221;]<div class=\"standard-arrow list-divider bullet-top\"><ul>\n<li><strong><span style=\"color: #3366ff;\">Permbajtja<\/span><\/strong> :\u00a0<span style=\"color: #000000;\">400 gr\/lit Pyrimethanil<\/span><\/li>\n<li><strong><span style=\"color: #3366ff;\">Formulimi<\/span> <\/strong>: \u00a0<span style=\"color: #000000;\">Suspension i koncentruar<\/span><\/li>\n<li><span style=\"color: #3366ff;\"><strong>Karenca<\/strong>\u00a0<span style=\"color: #000000;\">:<\/span><\/span><span style=\"color: #000000;\"> Ne rrush 21 dite, ne domate 4 dite, ne perimete tjera 14 dite, ne molle the fruta te tjera 21 dite, ne luleshtrydhe 3 dite.<\/span><\/li>\n<\/ul>\n<\/div>[\/vc_column][\/vc_row][vc_row][vc_column][vc_custom_heading text=&#8221;P\u00ebrdorimi&#8221; font_container=&#8221;tag:h2|text_align:center|color:%231e73be&#8221; google_fonts=&#8221;font_family:Merienda%3Aregular%2C700|font_style:400%20regular%3A400%3Anormal&#8221;][vc_empty_space height=&#8221;22px&#8221;][\/vc_column][\/vc_row][vc_row][vc_column][vc_tta_tabs color=&#8221;blue&#8221; spacing=&#8221;3&#8243; gap=&#8221;3&#8243; alignment=&#8221;center&#8221; active_section=&#8221;1&#8243;][vc_tta_section title=&#8221;MOLLE, DARDHE&#8221; tab_id=&#8221;1549981049149-80da51b1-b3804981-3b9b&#8221;][vc_column_text]<\/p>\n<p style=\"text-align: justify;\"><span style=\"color: #000000;\">Per luftimin e kromes gjate fazave te para. Rezultatet me te mira arrihen kur perdoret nga periudha e vesheve te miut e deri ne fund te lulezimit. Megjithate PYRUS 400SC konsiderohet nje alternative efikase vecanerisht ne periudhen e lulezimit kur preparatet e tjera mund te shkaktojne demtime te lulerise. Perdorimi i PYRUS 400 SC ne kete faze eshte me efekt te dyfishte pasi lufton edhe kalbezimet e lastareve nga Monilia <em>(Monilinia spp.)<\/em>. Doza e perdorimit 50-75 ml per 100 litra uje ose 750-1500 gram per Ha.<\/span><\/p>\n<p>[\/vc_column_text][\/vc_tta_section][vc_tta_section title=&#8221;VRESHTA&#8221; tab_id=&#8221;1549981356521-b7b06a28-47454981-3b9b&#8221;][vc_column_text]<\/p>\n<p style=\"text-align: justify;\"><span style=\"color: #000000;\">Per luftimin e kalbezimit gri <em>(Botrytis cinera)<\/em> vecanerisht ndaj shtameve rezistente ndaj botricideve klasike. Perdoret ne te gjitha fazat delikate te kalbezimit gri ne vresht si para lulezimit, renie e petaleve, para mbylljes se veshuleve dhe ne fillim te ngjyrosjes se kokres. Kryhen dy trajtime per sezon duke u alternuar me IPPON 500 SC. Doza e perdorimit 200 ml per 100 liter uje, duke perdorur 2-2.5 liter produkt per hektar.<br \/>\n<\/span><\/p>\n<p>[\/vc_column_text][\/vc_tta_section][vc_tta_section title=&#8221;PERIME&#8221; tab_id=&#8221;1549981049173-2221499d-44344981-3b9b&#8221;][vc_column_text]<\/p>\n<p style=\"text-align: justify;\"><span style=\"color: #000000;\">Per luftimin e kalbezimit gri <em>(Botrytis cinerea)<\/em> ne fushe te hapur dhe ne sera. Ne domate, trangull, e perime te tjera te kultivuara ne sera trajtimet duhet te fillohen menjehere pas konstatimit te shenjave te para te semundjes e cila ne kushte te favoreshme lageshtie ajrore the temperature cfaqet ne luleri menjehere pas lidhjes se frutave e me pas duke u perhapur ne gjithe lulerine. Doza e perdorimit 200 ml per 100 lit uje duke perdorur 2-2.5 liter produkt per hektar.<\/span><\/p>\n<p>[\/vc_column_text][\/vc_tta_section][vc_tta_section title=&#8221;LULESHTRYDHE&#8221; tab_id=&#8221;1549981422663-b25b877e-4c264981-3b9b&#8221;][vc_column_text]<\/p>\n<p style=\"text-align: justify;\"><span style=\"color: #000000;\">Per luftimin e kalbezimit gri (Botrytis cinerea) me doze 200 ml per 100 lit. uje duke shpezuar 2 lit produkt per hektar.<\/span><\/p>\n<p>[\/vc_column_text][\/vc_tta_section][vc_tta_section title=&#8221;BIM\u00cb ORNAMENTALE&#8221; tab_id=&#8221;1549981414511-8b5cbd33-0bad4981-3b9b&#8221;][vc_column_text]<\/p>\n<p style=\"text-align: justify;\"><span style=\"color: #000000;\">Per luftimin e kalbezimit gri (Botrytis cinerea) me doze 200 ml per 100 lit. uje duke shpezuar 2 lit produkt per hektar.<\/span><\/p>\n<p>[\/vc_column_text][\/vc_tta_section][\/vc_tta_tabs][\/vc_column][\/vc_row][vc_row][vc_column][vc_custom_heading text=&#8221;V\u00ebrejtje p\u00ebr p\u00ebrdorimin&#8221; font_container=&#8221;tag:h2|text_align:center|color:%231e73be&#8221; google_fonts=&#8221;font_family:Merienda%3Aregular%2C700|font_style:400%20regular%3A400%3Anormal&#8221;][vc_empty_space height=&#8221;22px&#8221;][\/vc_column][\/vc_row][vc_row][vc_column][vc_message icon_fontawesome=&#8221;fa fa-exclamation-triangle&#8221;]<\/p>\n<p style=\"text-align: center;\"><span style=\"color: #000000;\">Per luftimin e kromes ne molle e dardhe kryhe jo me shume se dy trajtime per sezon.Per luftimin e kalbezimit gri ne vreshte nuk duhet te kryejme me shume se nje trajtim per sezon Nuk perzihet me produkte me reaksion alkaline si: polisulfur, lengu bordolez.<\/span><\/p>\n<p>[\/vc_message][\/vc_column][\/vc_row][vc_row][vc_column][vc_custom_heading text=&#8221;Ndikim n\u00eb ekosistem&#8221; font_container=&#8221;tag:h2|text_align:center|color:%231e73be&#8221; google_fonts=&#8221;font_family:Merienda%3Aregular%2C700|font_style:400%20regular%3A400%3Anormal&#8221;][vc_empty_space height=&#8221;22px&#8221;][\/vc_column][\/vc_row][vc_row][vc_column][vc_message]<\/p>\n<p style=\"text-align: center;\"><span style=\"color: #000000;\">Eshte toksik per organizmat ujore. Mos ndotni burimet e ujit.<\/span><\/p>\n<p>[\/vc_message][\/vc_column][\/vc_row]<\/p>\n<\/div>","protected":false},"excerpt":{"rendered":"<p>[vc_row full_width=&#8221;stretch_row_content&#8221;][vc_column width=&#8221;1\/6&#8243;][vc_single_image image=&#8221;54&#8243; img_size=&#8221;full&#8221; alignment=&#8221;right&#8221; image_hovers=&#8221;false&#8221;][\/vc_column][vc_column width=&#8221;2\/3&#8243;][vc_column_text] PYRUS 400 SC eshte fungicid sistemik dhe kontakti me veprim preventiv dhe kurativ., efektiv ne luftimin e Kromave (Venturia ineaqualis, V.pirina) ne molle e dardhe vecanerisht ne lulezim, periudhe ne te cilen preparatet e zakoneshme per luftimin e kesaj semundje nuk rekomandohen. PYRUS 400 SC perdoret me&hellip;<\/p>\n","protected":false},"author":2,"featured_media":0,"parent":0,"menu_order":0,"comment_status":"closed","ping_status":"closed","template":"","meta":{"footnotes":""},"class_list":["post-131","page","type-page","status-publish","hentry","description-off"],"_links":{"self":[{"href":"https:\/\/agrohelp.al\/index.php\/wp-json\/wp\/v2\/pages\/131","targetHints":{"allow":["GET"]}}],"collection":[{"href":"https:\/\/agrohelp.al\/index.php\/wp-json\/wp\/v2\/pages"}],"about":[{"href":"https:\/\/agrohelp.al\/index.php\/wp-json\/wp\/v2\/types\/page"}],"author":[{"embeddable":true,"href":"https:\/\/agrohelp.al\/index.php\/wp-json\/wp\/v2\/users\/2"}],"replies":[{"embeddable":true,"href":"https:\/\/agrohelp.al\/index.php\/wp-json\/wp\/v2\/comments?post=131"}],"version-history":[{"count":4,"href":"https:\/\/agrohelp.al\/index.php\/wp-json\/wp\/v2\/pages\/131\/revisions"}],"predecessor-version":[{"id":1222,"href":"https:\/\/agrohelp.al\/index.php\/wp-json\/wp\/v2\/pages\/131\/revisions\/1222"}],"wp:attachment":[{"href":"https:\/\/agrohelp.al\/index.php\/wp-json\/wp\/v2\/media?parent=131"}],"curies":[{"name":"wp","href":"https:\/\/api.w.org\/{rel}","templated":true}]}}