{"id":138,"date":"2019-02-14T08:59:20","date_gmt":"2019-02-14T08:59:20","guid":{"rendered":"https:\/\/agrohelp.al\/?page_id=138"},"modified":"2025-06-13T08:35:21","modified_gmt":"2025-06-13T08:35:21","slug":"takumi","status":"publish","type":"page","link":"https:\/\/agrohelp.al\/index.php\/takumi\/","title":{"rendered":"TAKUMI\u00ae"},"content":{"rendered":"<div class=\"wpb-content-wrapper\"><p>[vc_row full_width=&#8221;stretch_row_content&#8221;][vc_column width=&#8221;1\/6&#8243;][vc_single_image image=&#8221;54&#8243; img_size=&#8221;full&#8221; alignment=&#8221;right&#8221; image_hovers=&#8221;false&#8221;][\/vc_column][vc_column width=&#8221;2\/3&#8243;][vc_column_text]<\/p>\n<p style=\"text-align: center;\"><span style=\"color: #000000;\"><strong>TAKUMI<\/strong> eshte <em>fungicid antioidik<\/em> me baze CYFLUFENAMIDI i cili karakterizohet nga veprimi preventiv dhe kurativ me efekt te zgjatur. Mekanizmi specifik i veprimit te CIFLUFENAMIDIT si dhe veprimi i zgjatur kunder patogjeneve, jane tiparet te cilat e bejne kete produkt nje alternative te re ne kontrollin e hireve. Ka gjetur perdorim te gjere per mbrojtjen nga hiri ne Kungullore, Domate, Patllixhan dhe Speca, kulura ne te cilat luftimi i ketij patogjeni po gjen veshtiresi per tu kontrolluar me produktet aktuale ne treg.<\/span><\/p>\n<p>[\/vc_column_text][\/vc_column][vc_column width=&#8221;1\/6&#8243;][\/vc_column][\/vc_row][vc_row][vc_column width=&#8221;1\/4&#8243;][\/vc_column][vc_column width=&#8221;1\/2&#8243;]<div id=\"ult-carousel-95828840269e5d196dd258\" class=\"ult-carousel-wrapper   ult_horizontal\" data-gutter=\"15\" data-rtl=\"false\" ><div class=\"ult-carousel-167973310169e5d196da8a9 \" >[vc_single_image image=&#8221;107&#8243; img_size=&#8221;104 \u00d7 104&#8243; alignment=&#8221;center&#8221; image_hovers=&#8221;false&#8221;][vc_single_image image=&#8221;71&#8243; img_size=&#8221;104 \u00d7 104&#8243; alignment=&#8221;center&#8221; image_hovers=&#8221;false&#8221;][vc_single_image image=&#8221;65&#8243; img_size=&#8221;104 \u00d7 104&#8243; alignment=&#8221;center&#8221; image_hovers=&#8221;false&#8221;][vc_single_image image=&#8221;55&#8243; img_size=&#8221;104 \u00d7 104&#8243; alignment=&#8221;center&#8221; image_hovers=&#8221;false&#8221;]<\/div><\/div>\t\t\t<script type=\"text\/javascript\">\n\t\t\t\tjQuery(document).ready(function ($) {\n\t\t\t\t\tif( typeof jQuery('.ult-carousel-167973310169e5d196da8a9').slick == \"function\"){\n\t\t\t\t\t\t$('.ult-carousel-167973310169e5d196da8a9').slick({dots: false,autoplay: true,autoplaySpeed: \"2000\",speed: \"2000\",infinite: true,arrows: false,slidesToScroll:4,slidesToShow:4,swipe: true,draggable: true,touchMove: true,pauseOnHover: true,pauseOnFocus: false,responsive: [\n\t\t\t\t\t\t\t{\n\t\t\t\t\t\t\t  breakpoint: 1026,\n\t\t\t\t\t\t\t  settings: {\n\t\t\t\t\t\t\t\tslidesToShow: 4,\n\t\t\t\t\t\t\t\tslidesToScroll: 4,  \n\t\t\t\t\t\t\t  }\n\t\t\t\t\t\t\t},\n\t\t\t\t\t\t\t{\n\t\t\t\t\t\t\t  breakpoint: 1025,\n\t\t\t\t\t\t\t  settings: {\n\t\t\t\t\t\t\t\tslidesToShow: 1,\n\t\t\t\t\t\t\t\tslidesToScroll: 1\n\t\t\t\t\t\t\t  }\n\t\t\t\t\t\t\t},\n\t\t\t\t\t\t\t{\n\t\t\t\t\t\t\t  breakpoint: 760,\n\t\t\t\t\t\t\t  settings: {\n\t\t\t\t\t\t\t\tslidesToShow: 1,\n\t\t\t\t\t\t\t\tslidesToScroll: 1\n\t\t\t\t\t\t\t  }\n\t\t\t\t\t\t\t}\n\t\t\t\t\t\t],pauseOnDotsHover: true,customPaging: function(slider, i) {\n                   return '<i type=\"button\" style= \"color:#333333;\" class=\"ultsl-record\" data-role=\"none\"><\/i>';\n                },});\n\t\t\t\t\t}\n\t\t\t\t});\n\t\t\t<\/script>\n\t\t\t[\/vc_column][vc_column width=&#8221;1\/4&#8243;][\/vc_column][\/vc_row][vc_row][vc_column][vc_empty_space height=&#8221;25px&#8221;]<div class=\"standard-arrow list-divider bullet-top\"><ul>\n<li><strong><span style=\"color: #3366ff;\">Permbajtja<\/span><\/strong> : <span style=\"color: #000000;\">Cyflufenamid 10%<\/span><\/li>\n<li><strong><span style=\"color: #3366ff;\">Formulimi<\/span> <\/strong>: <span style=\"color: #000000;\">Koncentrat i Suspendueshem (SC)<\/span><\/li>\n<li><span style=\"color: #3366ff;\"><strong>Karenca<\/strong>\u00a0<span style=\"color: #000000;\">:<\/span><\/span><span style=\"color: #000000;\"> 1 dit\u00eb<\/span><\/li>\n<\/ul>\n<\/div>[\/vc_column][\/vc_row][vc_row][vc_column][vc_custom_heading text=&#8221;P\u00ebrdorimi&#8221; font_container=&#8221;tag:h2|text_align:center|color:%231e73be&#8221; google_fonts=&#8221;font_family:Merienda%3Aregular%2C700|font_style:400%20regular%3A400%3Anormal&#8221;][vc_empty_space height=&#8221;22px&#8221;][\/vc_column][\/vc_row][vc_row][vc_column][vc_tta_tabs color=&#8221;blue&#8221; spacing=&#8221;3&#8243; gap=&#8221;3&#8243; alignment=&#8221;center&#8221; active_section=&#8221;1&#8243;][vc_tta_section title=&#8221;PJEP\u00cbR, SHALQI, KUNGULL&#8221; tab_id=&#8221;1549981049149-80da51b1-b3803e80-333d&#8221;][vc_column_text]<\/p>\n<p style=\"text-align: justify;\"><span style=\"color: #000000;\"><strong>Ne fushe te hapur<\/strong>: perdoret me doze 150ml\/ha (10-30ml\/100 lit.uje),duke perdorur nje volum uji 500-1500 lit.\/ha ne vartesi te mase vegjetative.<br \/>\n<strong>Ne sera dhe ambjente te tjera te mbrojtura<\/strong>: perdoret me doze 150ml\/ha (10-30ml\/100 lit.uje),duke perdorur nje volum uji 500-1500 lit.\/ha ne vartesi te mase vegjetative.<br \/>\nTajtimet fillohen si mase preventive ose sapo te dallojme shenjat e para te cfaqies se semundjes. Trajtimi mund te perseritet pas 7ditesh nese do te jete e nevojeshme.<\/span><\/p>\n<p>[\/vc_column_text][\/vc_tta_section][vc_tta_section title=&#8221;TRANGULL DHE KUNGUJ GJELLE&#8221; tab_id=&#8221;1549981356521-b7b06a28-47453e80-333d&#8221;][vc_column_text]<\/p>\n<p style=\"text-align: justify;\"><span style=\"color: #000000;\"><strong>Ne fushe te hapur<\/strong>: perdoret me doze 150ml\/ha (10-30ml\/100 lit.uje),duke perdorur nje volum uji 500-1500 lit.\/ha ne vartesi te mase vegjetative<br \/>\n<strong>Ne sera dhe ambjente te tjera te mbrojtura<\/strong>: perdoret me doze 150ml\/ha (10-30ml\/100 lit.uje),duke perdorur nje volum uji 500-1500 lit.\/ha ne vartesi te mase vegjetative.<br \/>\nTajtimet fillohen si mase preventive ose sapo te dallojme shenjat e para te cfaqies se semundjes. Trajtimi mund te perseritet pas 7ditesh nese do te jete e nevojeshme.<\/span><\/p>\n<p>[\/vc_column_text][\/vc_tta_section][vc_tta_section title=&#8221;DOMATE, SPECA&#8221; tab_id=&#8221;1549981049173-2221499d-44343e80-333d&#8221;][vc_column_text]<\/p>\n<p style=\"text-align: justify;\"><span style=\"color: #000000;\"><strong>Ne fushe te hapur<\/strong> : perdoret me doze 150ml\/ha (10-30ml\/100 lit.uje),duke perdorur nje volum uji 500-1500 lit.\/ha ne vartesi te mase vegjetative.<br \/>\n<strong>Ne sera dhe ambjente te tjera te mbrojtura:<\/strong> perdoret me doze 150ml\/ha (10-30ml\/100 lit.uje),duke perdorur nje volum uji 500-1500 lit.\/ha ne vartesi te mase vegjetative.<br \/>\nTajtimet fillohen si mase preventive ose sapo te dallojme shenjat e para te cfaqies se semundjes. Trajtimi mund te perseritet pas 7ditesh nese do te jete e nevojeshme.<\/span><\/p>\n<p>[\/vc_column_text][\/vc_tta_section][vc_tta_section title=&#8221;VRESHTA&#8221; tab_id=&#8221;1549981422663-b25b877e-4c263e80-333d&#8221;][vc_column_text]<\/p>\n<p style=\"text-align: justify;\"><span style=\"color: #000000;\">Kunder hirit me doze 0.15-0.25 lit\/ha duke perdorur 1000 liter uje\/ha<\/span><\/p>\n<p>[\/vc_column_text][\/vc_tta_section][vc_tta_section title=&#8221;MOLL\u00cb&#8221; tab_id=&#8221;1549981414511-8b5cbd33-0bad3e80-333d&#8221;][vc_column_text]<\/p>\n<p style=\"text-align: justify;\"><span style=\"color: #000000;\">Kunder hirit me doze 0.3 lit\/ha duke perdorur 1500 liter uje\/ha.<\/span><\/p>\n<p>[\/vc_column_text][\/vc_tta_section][\/vc_tta_tabs][\/vc_column][\/vc_row][vc_row][vc_column][vc_custom_heading text=&#8221;V\u00ebrejtje p\u00ebr p\u00ebrdorimin&#8221; font_container=&#8221;tag:h2|text_align:center|color:%231e73be&#8221; google_fonts=&#8221;font_family:Merienda%3Aregular%2C700|font_style:400%20regular%3A400%3Anormal&#8221;][vc_empty_space height=&#8221;22px&#8221;][\/vc_column][\/vc_row][vc_row][vc_column][vc_message icon_fontawesome=&#8221;fa fa-exclamation-triangle&#8221;]<\/p>\n<p style=\"text-align: center;\"><span style=\"color: #000000;\">Mos trajtoni ne bimet qe akoma nuk kane kaluar krizen e trapjantimit dhe ne bime te dobeta per shkakte disekulibrit hidrik, termik ose ushqyes. Ne rastet kur duhet te perdorni doza apo volume te pa parashikuara ne etikete ,duhet te beni disa prova paraprake ne siperfaqe te vogla. Ne fushe te hapur nuk duhet te beni me shume se dy trajtime per sezon. Ne sera nuk duhet te beni me shume se dy trajtime per nje kulture.Pregatitje e tretesires sperkatese: Produkti hidhet ne nje sasi te vogel uji ku tretet me kujdes, pastaj hidhet ne sasine totale te ujit duke e perziere perseri me kujdes der ne homogjenizim te plot te tretsires sperkatese. Nuk perzihet me produkte e tejra qe shfaqin reaksion alkalin.<\/span><\/p>\n<p>[\/vc_message][\/vc_column][\/vc_row][vc_row][vc_column][vc_custom_heading text=&#8221;Ndikim n\u00eb ekosistem&#8221; font_container=&#8221;tag:h2|text_align:center|color:%231e73be&#8221; google_fonts=&#8221;font_family:Merienda%3Aregular%2C700|font_style:400%20regular%3A400%3Anormal&#8221;][vc_empty_space height=&#8221;22px&#8221;][\/vc_column][\/vc_row][vc_row][vc_column][vc_message]<\/p>\n<p style=\"text-align: center;\"><span style=\"color: #000000;\">Nuk eshte demtues ndaj bleteve. Eshte demtues ndaj peshqeve dhe organizmave te tjera ujore. <\/span><\/p>\n<p>[\/vc_message][\/vc_column][\/vc_row]<\/p>\n<\/div>","protected":false},"excerpt":{"rendered":"<p>[vc_row full_width=&#8221;stretch_row_content&#8221;][vc_column width=&#8221;1\/6&#8243;][vc_single_image image=&#8221;54&#8243; img_size=&#8221;full&#8221; alignment=&#8221;right&#8221; image_hovers=&#8221;false&#8221;][\/vc_column][vc_column width=&#8221;2\/3&#8243;][vc_column_text] TAKUMI eshte fungicid antioidik me baze CYFLUFENAMIDI i cili karakterizohet nga veprimi preventiv dhe kurativ me efekt te zgjatur. Mekanizmi specifik i veprimit te CIFLUFENAMIDIT si dhe veprimi i zgjatur kunder patogjeneve, jane tiparet te cilat e bejne kete produkt nje alternative te re ne kontrollin e&hellip;<\/p>\n","protected":false},"author":2,"featured_media":0,"parent":0,"menu_order":0,"comment_status":"closed","ping_status":"closed","template":"","meta":{"footnotes":""},"class_list":["post-138","page","type-page","status-publish","hentry","description-off"],"_links":{"self":[{"href":"https:\/\/agrohelp.al\/index.php\/wp-json\/wp\/v2\/pages\/138","targetHints":{"allow":["GET"]}}],"collection":[{"href":"https:\/\/agrohelp.al\/index.php\/wp-json\/wp\/v2\/pages"}],"about":[{"href":"https:\/\/agrohelp.al\/index.php\/wp-json\/wp\/v2\/types\/page"}],"author":[{"embeddable":true,"href":"https:\/\/agrohelp.al\/index.php\/wp-json\/wp\/v2\/users\/2"}],"replies":[{"embeddable":true,"href":"https:\/\/agrohelp.al\/index.php\/wp-json\/wp\/v2\/comments?post=138"}],"version-history":[{"count":4,"href":"https:\/\/agrohelp.al\/index.php\/wp-json\/wp\/v2\/pages\/138\/revisions"}],"predecessor-version":[{"id":1229,"href":"https:\/\/agrohelp.al\/index.php\/wp-json\/wp\/v2\/pages\/138\/revisions\/1229"}],"wp:attachment":[{"href":"https:\/\/agrohelp.al\/index.php\/wp-json\/wp\/v2\/media?parent=138"}],"curies":[{"name":"wp","href":"https:\/\/api.w.org\/{rel}","templated":true}]}}