{"id":146,"date":"2019-02-14T09:54:11","date_gmt":"2019-02-14T09:54:11","guid":{"rendered":"https:\/\/agrohelp.al\/?page_id=146"},"modified":"2025-06-13T08:37:21","modified_gmt":"2025-06-13T08:37:21","slug":"topenco-100-ec","status":"publish","type":"page","link":"https:\/\/agrohelp.al\/index.php\/topenco-100-ec\/","title":{"rendered":"TOPENCO\u00ae 100 EC"},"content":{"rendered":"<div class=\"wpb-content-wrapper\"><p>[vc_row full_width=&#8221;stretch_row_content&#8221;][vc_column width=&#8221;1\/6&#8243;][vc_single_image image=&#8221;54&#8243; img_size=&#8221;full&#8221; alignment=&#8221;right&#8221; image_hovers=&#8221;false&#8221;][\/vc_column][vc_column width=&#8221;2\/3&#8243;][vc_column_text]<\/p>\n<p style=\"text-align: center;\"><span style=\"color: #000000;\">TOPENCO 100 EC eshte fungicid sistemik me veprim parambrojtes, kurues dhecrenjoses per luftimin e hirit, kromave, monilies ne peme frutore, vreshtari e perime.<\/span><\/p>\n<p>[\/vc_column_text][\/vc_column][vc_column width=&#8221;1\/6&#8243;][\/vc_column][\/vc_row][vc_row][vc_column width=&#8221;1\/4&#8243;][\/vc_column][vc_column width=&#8221;1\/2&#8243;]<div id=\"ult-carousel-239393699469e5d0ecda1cc\" class=\"ult-carousel-wrapper   ult_horizontal\" data-gutter=\"15\" data-rtl=\"false\" ><div class=\"ult-carousel-295521750969e5d0ecd96a0 \" >[vc_single_image image=&#8221;55&#8243; img_size=&#8221;104 \u00d7 104&#8243; alignment=&#8221;center&#8221; image_hovers=&#8221;false&#8221;][vc_single_image image=&#8221;56&#8243; img_size=&#8221;104 \u00d7 104&#8243; alignment=&#8221;center&#8221; image_hovers=&#8221;false&#8221;][vc_single_image image=&#8221;59&#8243; img_size=&#8221;104 \u00d7 104&#8243; alignment=&#8221;center&#8221; image_hovers=&#8221;false&#8221;][vc_single_image image=&#8221;72&#8243; img_size=&#8221;104 \u00d7 104&#8243; alignment=&#8221;center&#8221; image_hovers=&#8221;false&#8221;]<\/div><\/div>\t\t\t<script type=\"text\/javascript\">\n\t\t\t\tjQuery(document).ready(function ($) {\n\t\t\t\t\tif( typeof jQuery('.ult-carousel-295521750969e5d0ecd96a0').slick == \"function\"){\n\t\t\t\t\t\t$('.ult-carousel-295521750969e5d0ecd96a0').slick({dots: false,autoplay: true,autoplaySpeed: \"2000\",speed: \"2000\",infinite: true,arrows: false,slidesToScroll:4,slidesToShow:4,swipe: true,draggable: true,touchMove: true,pauseOnHover: true,pauseOnFocus: false,responsive: [\n\t\t\t\t\t\t\t{\n\t\t\t\t\t\t\t  breakpoint: 1026,\n\t\t\t\t\t\t\t  settings: {\n\t\t\t\t\t\t\t\tslidesToShow: 4,\n\t\t\t\t\t\t\t\tslidesToScroll: 4,  \n\t\t\t\t\t\t\t  }\n\t\t\t\t\t\t\t},\n\t\t\t\t\t\t\t{\n\t\t\t\t\t\t\t  breakpoint: 1025,\n\t\t\t\t\t\t\t  settings: {\n\t\t\t\t\t\t\t\tslidesToShow: 1,\n\t\t\t\t\t\t\t\tslidesToScroll: 1\n\t\t\t\t\t\t\t  }\n\t\t\t\t\t\t\t},\n\t\t\t\t\t\t\t{\n\t\t\t\t\t\t\t  breakpoint: 760,\n\t\t\t\t\t\t\t  settings: {\n\t\t\t\t\t\t\t\tslidesToShow: 1,\n\t\t\t\t\t\t\t\tslidesToScroll: 1\n\t\t\t\t\t\t\t  }\n\t\t\t\t\t\t\t}\n\t\t\t\t\t\t],pauseOnDotsHover: true,customPaging: function(slider, i) {\n                   return '<i type=\"button\" style= \"color:#333333;\" class=\"ultsl-record\" data-role=\"none\"><\/i>';\n                },});\n\t\t\t\t\t}\n\t\t\t\t});\n\t\t\t<\/script>\n\t\t\t[\/vc_column][vc_column width=&#8221;1\/4&#8243;][\/vc_column][\/vc_row][vc_row][vc_column][vc_empty_space height=&#8221;25px&#8221;]<div class=\"standard-arrow list-divider bullet-top\"><ul>\n<li><strong><span style=\"color: #3366ff;\">Permbajtja<\/span><\/strong> : <span style=\"color: #000000;\">10% Penconazole<\/span><\/li>\n<li><strong><span style=\"color: #3366ff;\">Formulimi<\/span> <\/strong>: <span style=\"color: #000000;\">Koncentrat i emulsionueshem<\/span><\/li>\n<li><strong><span style=\"color: #3366ff;\">Numri i regjistrimit : <\/span><\/strong><span style=\"color: #3366ff;\"><span style=\"color: #000000;\">(ne proces)<\/span><\/span><\/li>\n<li><strong><span style=\"color: #3366ff;\">Marke e Rregjistruar e GLOBACHEM nv, Belgjike.<\/span><\/strong><\/li>\n<li><span style=\"color: #3366ff;\"><strong>Karenca<\/strong>\u00a0<span style=\"color: #000000;\">:<\/span><\/span><span style=\"color: #000000;\"> P\u00ebr kulturat e rekomanduara, 14 dit\u00eb.<\/span><\/li>\n<\/ul>\n<\/div>[\/vc_column][\/vc_row][vc_row][vc_column][vc_custom_heading text=&#8221;P\u00ebrdorimi&#8221; font_container=&#8221;tag:h2|text_align:center|color:%231e73be&#8221; google_fonts=&#8221;font_family:Merienda%3Aregular%2C700|font_style:400%20regular%3A400%3Anormal&#8221;][vc_empty_space height=&#8221;22px&#8221;][\/vc_column][\/vc_row][vc_row][vc_column][vc_tta_tabs color=&#8221;blue&#8221; spacing=&#8221;3&#8243; gap=&#8221;3&#8243; alignment=&#8221;center&#8221; active_section=&#8221;1&#8243;][vc_tta_section title=&#8221;VRESHTA&#8221; tab_id=&#8221;1549981356521-b7b06a28-4745fc92-a5d4&#8243;][vc_column_text]<\/p>\n<p style=\"text-align: justify;\"><span style=\"color: #000000;\">Per luftimin e hirit, trajtimet fillohen her\u00ebt n\u00eb faz\u00ebn e 2-3 gjetheve dhe p\u00ebrs\u00ebriten sipas infeksionit duke p\u00ebrdorur 30ml\/100 lit. uj\u00eb. N\u00eb infeksione t\u00eb r\u00ebnda kur k\u00ebrkohen t\u00eb kryhen trajtime eradikative doza mund t\u00eb rritet n\u00eb 60ml\/100 lit uj\u00eb.<\/span><\/p>\n<p>[\/vc_column_text][\/vc_tta_section][vc_tta_section title=&#8221;MOLLE, DARDHE&#8221; tab_id=&#8221;1549981049149-80da51b1-b380fc92-a5d4&#8243;][vc_column_text]<\/p>\n<p style=\"text-align: justify;\"><span style=\"color: #000000;\">Per luftimin e hirit, trajtimet kryhen n\u00eb vart\u00ebsi t\u00eb kushteve atmosferike t\u00eb cilat favorizojn\u00eb zhvillimin e s\u00ebmundjes. N\u00eb mot me lag\u00ebshti trajtimet mund t\u00eb fillojn\u00eb her\u00ebt me shfaqjen e vesh\u00ebve t\u00eb miut, nd\u00ebrpriten n\u00eb lul\u00ebzim dhe rifillohen pas r\u00ebnies s\u00eb petaleve.Trajtimet kryhen jo m\u00eb von\u00eb se 72 or\u00eb pas r\u00ebnies s\u00eb reshjeve. Doza e p\u00ebrdorimit 40ml\/100 lit uj\u00eb. N\u00eb mot me lag\u00ebshti dhe intensitet t\u00eb lart\u00eb t\u00eb s\u00ebmundjes rekomandohet p\u00ebrzierja me nj\u00eb produkt kontakti specifik p\u00ebr luftimin e kromes si Kaptan, Dodene, Mancozeb.<\/span><\/p>\n<p>[\/vc_column_text][\/vc_tta_section][vc_tta_section title=&#8221;PJESHKE, NEKTARIN\u00cb&#8221; tab_id=&#8221;1549981049173-2221499d-4434fc92-a5d4&#8243;][vc_column_text]<\/p>\n<p style=\"text-align: justify;\"><span style=\"color: #000000;\">Per luftimin e hirit dhe monilies,rekomandohet t\u00eb kryhet trajtimi i par\u00eb n\u00eb momentin e r\u00ebnies s\u00eb petaleve dhe trajtimi i dyt\u00eb kur fruti arrin madh\u00ebsin\u00eb e kokrr\u00ebs s\u00eb arr\u00ebs. doza e p\u00ebrdorimit \u00ebsht\u00eb 50ml\/100 it. uj\u00eb.<\/span><\/p>\n<p>[\/vc_column_text][\/vc_tta_section][vc_tta_section title=&#8221;PERIME&#8221; tab_id=&#8221;1549981422663-b25b877e-4c26fc92-a5d4&#8243;][vc_column_text]<\/p>\n<p style=\"text-align: justify;\"><span style=\"color: #000000;\">Per luftimin e hirit (Erysiphe dhe Spaerotecha,Leveilulla,etj) trajtimet fillohen me konstatimin e shenjave t\u00eb para dhe p\u00ebrs\u00ebriten \u00e7do 7-10 dit\u00eb. Doza e p\u00ebrdorimit \u00ebsht\u00eb 40-50 ml\/100 lit. uj\u00eb.<\/span><\/p>\n<p>[\/vc_column_text][\/vc_tta_section][vc_tta_section title=&#8221;TR\u00cbNDAFILA &amp; KULTURA TE TJERA BUJQESORE DHE ORNAMENTALE&#8221; tab_id=&#8221;1549981414511-8b5cbd33-0badfc92-a5d4&#8243;][vc_column_text]<\/p>\n<p style=\"text-align: justify;\"><span style=\"color: #000000;\">Per luftimin e hireve dhe kromave me doze 40-50ml\/100 lit. uje.<\/span><\/p>\n<p>[\/vc_column_text][\/vc_tta_section][\/vc_tta_tabs][\/vc_column][\/vc_row][vc_row][vc_column][vc_custom_heading text=&#8221;V\u00ebrejtje p\u00ebr p\u00ebrdorimin&#8221; font_container=&#8221;tag:h2|text_align:center|color:%231e73be&#8221; google_fonts=&#8221;font_family:Merienda%3Aregular%2C700|font_style:400%20regular%3A400%3Anormal&#8221;][vc_empty_space height=&#8221;22px&#8221;][\/vc_column][\/vc_row][vc_row][vc_column][vc_message icon_fontawesome=&#8221;fa fa-exclamation-triangle&#8221;]<\/p>\n<p style=\"text-align: center;\"><span style=\"color: #000000;\">P\u00ebrzihet me t\u00eb gjitha fungicidet me p\u00ebrjashtim t\u00eb atyre me reaksion alkalin si polisulfuri dhe preparatet me baz\u00eb bakri si oksikloruri i bakrit dhe hidroksidi i bakrit.<\/span><\/p>\n<p>[\/vc_message][\/vc_column][\/vc_row][vc_row][vc_column][vc_custom_heading text=&#8221;Ndikim n\u00eb ekosistem&#8221; font_container=&#8221;tag:h2|text_align:center|color:%231e73be&#8221; google_fonts=&#8221;font_family:Merienda%3Aregular%2C700|font_style:400%20regular%3A400%3Anormal&#8221;][vc_empty_space height=&#8221;22px&#8221;][\/vc_column][\/vc_row][vc_row][vc_column][vc_message]<\/p>\n<p style=\"text-align: center;\"><span style=\"color: #000000;\">Nuk \u00ebsht\u00eb helmues p\u00ebr insektet e dobish\u00ebm, kafsh\u00ebt sht\u00ebpiake e t\u00eb egra. \u00cbsht\u00eb helmues p\u00ebr peshqit dhe invertebror\u00ebt ujor\u00eb. Mos ndotni basenet, pellgjet dhe rrug\u00ebt e ujit me produktin ose ambalazhin bosh.<\/span><\/p>\n<p>[\/vc_message][\/vc_column][\/vc_row]<\/p>\n<\/div>","protected":false},"excerpt":{"rendered":"<p>[vc_row full_width=&#8221;stretch_row_content&#8221;][vc_column width=&#8221;1\/6&#8243;][vc_single_image image=&#8221;54&#8243; img_size=&#8221;full&#8221; alignment=&#8221;right&#8221; image_hovers=&#8221;false&#8221;][\/vc_column][vc_column width=&#8221;2\/3&#8243;][vc_column_text] TOPENCO 100 EC eshte fungicid sistemik me veprim parambrojtes, kurues dhecrenjoses per luftimin e hirit, kromave, monilies ne peme frutore, vreshtari e perime. [\/vc_column_text][\/vc_column][vc_column width=&#8221;1\/6&#8243;][\/vc_column][\/vc_row][vc_row][vc_column width=&#8221;1\/4&#8243;][\/vc_column][vc_column width=&#8221;1\/2&#8243;][\/vc_column][vc_column width=&#8221;1\/4&#8243;][\/vc_column][\/vc_row][vc_row][vc_column][vc_empty_space height=&#8221;25px&#8221;][\/vc_column][\/vc_row][vc_row][vc_column][vc_custom_heading text=&#8221;P\u00ebrdorimi&#8221; font_container=&#8221;tag:h2|text_align:center|color:%231e73be&#8221; google_fonts=&#8221;font_family:Merienda%3Aregular%2C700|font_style:400%20regular%3A400%3Anormal&#8221;][vc_empty_space height=&#8221;22px&#8221;][\/vc_column][\/vc_row][vc_row][vc_column][vc_tta_tabs color=&#8221;blue&#8221; spacing=&#8221;3&#8243; gap=&#8221;3&#8243; alignment=&#8221;center&#8221; active_section=&#8221;1&#8243;][vc_tta_section title=&#8221;VRESHTA&#8221; tab_id=&#8221;1549981356521-b7b06a28-4745fc92-a5d4&#8243;][vc_column_text] Per luftimin e hirit, trajtimet fillohen her\u00ebt&hellip;<\/p>\n","protected":false},"author":2,"featured_media":0,"parent":0,"menu_order":0,"comment_status":"closed","ping_status":"closed","template":"","meta":{"footnotes":""},"class_list":["post-146","page","type-page","status-publish","hentry","description-off"],"_links":{"self":[{"href":"https:\/\/agrohelp.al\/index.php\/wp-json\/wp\/v2\/pages\/146","targetHints":{"allow":["GET"]}}],"collection":[{"href":"https:\/\/agrohelp.al\/index.php\/wp-json\/wp\/v2\/pages"}],"about":[{"href":"https:\/\/agrohelp.al\/index.php\/wp-json\/wp\/v2\/types\/page"}],"author":[{"embeddable":true,"href":"https:\/\/agrohelp.al\/index.php\/wp-json\/wp\/v2\/users\/2"}],"replies":[{"embeddable":true,"href":"https:\/\/agrohelp.al\/index.php\/wp-json\/wp\/v2\/comments?post=146"}],"version-history":[{"count":4,"href":"https:\/\/agrohelp.al\/index.php\/wp-json\/wp\/v2\/pages\/146\/revisions"}],"predecessor-version":[{"id":1231,"href":"https:\/\/agrohelp.al\/index.php\/wp-json\/wp\/v2\/pages\/146\/revisions\/1231"}],"wp:attachment":[{"href":"https:\/\/agrohelp.al\/index.php\/wp-json\/wp\/v2\/media?parent=146"}],"curies":[{"name":"wp","href":"https:\/\/api.w.org\/{rel}","templated":true}]}}