{"id":156,"date":"2019-02-14T10:32:10","date_gmt":"2019-02-14T10:32:10","guid":{"rendered":"https:\/\/agrohelp.al\/?page_id=156"},"modified":"2025-06-13T08:39:14","modified_gmt":"2025-06-13T08:39:14","slug":"zolfo-ventilato-bio","status":"publish","type":"page","link":"https:\/\/agrohelp.al\/index.php\/zolfo-ventilato-bio\/","title":{"rendered":"ZOLFO VENTILATO\u00ae (BIO!)"},"content":{"rendered":"<div class=\"wpb-content-wrapper\"><p>[vc_row full_width=&#8221;stretch_row_content&#8221;][vc_column width=&#8221;1\/6&#8243;][vc_single_image image=&#8221;54&#8243; img_size=&#8221;full&#8221; alignment=&#8221;right&#8221; image_hovers=&#8221;false&#8221;][\/vc_column][vc_column width=&#8221;2\/3&#8243;][vc_column_text]<\/p>\n<p style=\"text-align: center;\"><span style=\"color: #000000;\"> Fungicid me baze squfuri per luftimin e hirit ne vreshta. Vepron nepermjet gazrave (oksidit te squfurit dhe gazit sulfhidrik) te cilet krijohen ne kushtet e nje tempearture mbi 120 C. Ky mekanizem specifik i veprimit ben te mundur veprimin ndaj hirit edhe ne ato pjese vegjetative te cilat nuk arihen me trajtimet me sperkatje. Nga ana tjeter ZOLFO VENTILATO eshte nje alternative e pa zevendesueshme ne luftimin e shtameve rezistente te hirit te cilat lindin nga perdorimi i zgjatur i fungicideve sistemike..<br \/>\n<\/span><\/p>\n<p>[\/vc_column_text][\/vc_column][vc_column width=&#8221;1\/6&#8243;][\/vc_column][\/vc_row][vc_row][vc_column width=&#8221;1\/4&#8243;][\/vc_column][vc_column width=&#8221;1\/2&#8243;]<div id=\"ult-carousel-73760945569e5d17858b2d\" class=\"ult-carousel-wrapper   ult_horizontal\" data-gutter=\"15\" data-rtl=\"false\" ><div class=\"ult-carousel-170500954269e5d17858a60 \" >[vc_single_image image=&#8221;55&#8243; img_size=&#8221;104 \u00d7 104&#8243; alignment=&#8221;center&#8221; image_hovers=&#8221;false&#8221;]<\/div><\/div>\t\t\t<script type=\"text\/javascript\">\n\t\t\t\tjQuery(document).ready(function ($) {\n\t\t\t\t\tif( typeof jQuery('.ult-carousel-170500954269e5d17858a60').slick == \"function\"){\n\t\t\t\t\t\t$('.ult-carousel-170500954269e5d17858a60').slick({dots: false,autoplay: true,autoplaySpeed: \"2000\",speed: \"2000\",infinite: true,arrows: false,slidesToScroll:4,slidesToShow:4,swipe: true,draggable: true,touchMove: true,pauseOnHover: true,pauseOnFocus: false,responsive: [\n\t\t\t\t\t\t\t{\n\t\t\t\t\t\t\t  breakpoint: 1026,\n\t\t\t\t\t\t\t  settings: {\n\t\t\t\t\t\t\t\tslidesToShow: 4,\n\t\t\t\t\t\t\t\tslidesToScroll: 4,  \n\t\t\t\t\t\t\t  }\n\t\t\t\t\t\t\t},\n\t\t\t\t\t\t\t{\n\t\t\t\t\t\t\t  breakpoint: 1025,\n\t\t\t\t\t\t\t  settings: {\n\t\t\t\t\t\t\t\tslidesToShow: 1,\n\t\t\t\t\t\t\t\tslidesToScroll: 1\n\t\t\t\t\t\t\t  }\n\t\t\t\t\t\t\t},\n\t\t\t\t\t\t\t{\n\t\t\t\t\t\t\t  breakpoint: 760,\n\t\t\t\t\t\t\t  settings: {\n\t\t\t\t\t\t\t\tslidesToShow: 1,\n\t\t\t\t\t\t\t\tslidesToScroll: 1\n\t\t\t\t\t\t\t  }\n\t\t\t\t\t\t\t}\n\t\t\t\t\t\t],pauseOnDotsHover: true,customPaging: function(slider, i) {\n                   return '<i type=\"button\" style= \"color:#333333;\" class=\"ultsl-record\" data-role=\"none\"><\/i>';\n                },});\n\t\t\t\t\t}\n\t\t\t\t});\n\t\t\t<\/script>\n\t\t\t[\/vc_column][vc_column width=&#8221;1\/4&#8243;][\/vc_column][\/vc_row][vc_row][vc_column][vc_empty_space height=&#8221;25px&#8221;]<div class=\"standard-arrow list-divider bullet-top\"><ul>\n<li><strong><span style=\"color: #3366ff;\">Permbajtja<\/span><\/strong> : <span style=\"color: #000000;\">960 gr\/kg Squfur<\/span><\/li>\n<li><strong><span style=\"color: #3366ff;\">Formulimi<\/span> <\/strong>: <span style=\"color: #000000;\">Pluhur per pluhurosje<\/span><\/li>\n<li><strong><span style=\"color: #3366ff;\">Numri i regjistrimit<\/span> <\/strong>: <span style=\"color: #000000;\">460<\/span><\/li>\n<li><strong><span style=\"color: #3366ff;\">Marke e Regjistruar e ZOLFINDUSTRIA Srl, Itali<\/span><\/strong><\/li>\n<li><span style=\"color: #3366ff;\"><b>Karenca<\/b><\/span>: <span style=\"color: #000000;\">5 dit\u00eb\u00a0<\/span><\/li>\n<\/ul>\n<\/div>[\/vc_column][\/vc_row][vc_row][vc_column][vc_custom_heading text=&#8221;P\u00ebrdorimi&#8221; font_container=&#8221;tag:h2|text_align:center|color:%231e73be&#8221; google_fonts=&#8221;font_family:Merienda%3Aregular%2C700|font_style:400%20regular%3A400%3Anormal&#8221;][vc_empty_space height=&#8221;22px&#8221;][\/vc_column][\/vc_row][vc_row][vc_column][vc_column_text]<\/p>\n<p style=\"text-align: center;\">Perdoret me paisje pluhurosese mekanike ose motorike.Gjate perdorimit duhet te bejme kujdes qe pluhuri te shperndahet dhe mbuloje uniformisht masen vegjetative. Doza e perdorimit eshte 25-35 kg\/ha ne vartesi te mases vegjetative dhe kushteve klimatike. Trajtimet fillojne kur cfaqen shenjat e para te semundjes dhe alternohen regullisht me produktet e tjera per luftimin e hirit si MICROTHIOL DISPERSS, MYSTIC 25 WG dhe DIFCOR 250 EC.<\/p>\n<p>[\/vc_column_text][\/vc_column][\/vc_row][vc_row][vc_column][vc_custom_heading text=&#8221;V\u00ebrejtje p\u00ebr p\u00ebrdorimin&#8221; font_container=&#8221;tag:h2|text_align:center|color:%231e73be&#8221; google_fonts=&#8221;font_family:Merienda%3Aregular%2C700|font_style:400%20regular%3A400%3Anormal&#8221;][vc_empty_space height=&#8221;22px&#8221;][\/vc_column][\/vc_row][vc_row][vc_column][vc_message icon_fontawesome=&#8221;fa fa-exclamation-triangle&#8221;]<\/p>\n<p style=\"text-align: center;\"><span style=\"color: #000000;\">Mund te perzihet edhe me produkte te tjera te cilet perdoren ne trajtimet pluhurosese. Ne rastet kur kultura eshte trajtuar me Vajra minerale ose Kaptan, trajtimet me ZOLFO VENTILATO duhet te kryhen vetem pas tre javesh. Trajtimet kryhen ne mengjes heret ose mbasdite vone. Nuk trajtohet ne oret e nxehta te dites.<br \/>\n<\/span><\/p>\n<p>[\/vc_message][\/vc_column][\/vc_row][vc_row][vc_column][vc_custom_heading text=&#8221;Ndikim n\u00eb ekosistem&#8221; font_container=&#8221;tag:h2|text_align:center|color:%231e73be&#8221; google_fonts=&#8221;font_family:Merienda%3Aregular%2C700|font_style:400%20regular%3A400%3Anormal&#8221;][vc_empty_space height=&#8221;22px&#8221;][\/vc_column][\/vc_row][vc_row][vc_column][vc_message]<\/p>\n<p style=\"text-align: center;\"><span style=\"color: #000000;\">Mos trajtoni ne dite me ere, per te evituar ndotjen e ujrave te rjedheshme, kanalev dhe baseneve.<\/span><\/p>\n<p style=\"text-align: center;\"><span style=\"color: #000000;\"><strong>Fitotoksiciteti<\/strong> : eshte fitotoksik ne kultivarin e rushit Sanxhoveze.<\/span><\/p>\n<p>[\/vc_message][\/vc_column][\/vc_row]<\/p>\n<\/div>","protected":false},"excerpt":{"rendered":"<p>[vc_row full_width=&#8221;stretch_row_content&#8221;][vc_column width=&#8221;1\/6&#8243;][vc_single_image image=&#8221;54&#8243; img_size=&#8221;full&#8221; alignment=&#8221;right&#8221; image_hovers=&#8221;false&#8221;][\/vc_column][vc_column width=&#8221;2\/3&#8243;][vc_column_text] Fungicid me baze squfuri per luftimin e hirit ne vreshta. Vepron nepermjet gazrave (oksidit te squfurit dhe gazit sulfhidrik) te cilet krijohen ne kushtet e nje tempearture mbi 120 C. Ky mekanizem specifik i veprimit ben te mundur veprimin ndaj hirit edhe ne ato pjese vegjetative te&hellip;<\/p>\n","protected":false},"author":2,"featured_media":0,"parent":0,"menu_order":0,"comment_status":"closed","ping_status":"closed","template":"","meta":{"footnotes":""},"class_list":["post-156","page","type-page","status-publish","hentry","description-off"],"_links":{"self":[{"href":"https:\/\/agrohelp.al\/index.php\/wp-json\/wp\/v2\/pages\/156","targetHints":{"allow":["GET"]}}],"collection":[{"href":"https:\/\/agrohelp.al\/index.php\/wp-json\/wp\/v2\/pages"}],"about":[{"href":"https:\/\/agrohelp.al\/index.php\/wp-json\/wp\/v2\/types\/page"}],"author":[{"embeddable":true,"href":"https:\/\/agrohelp.al\/index.php\/wp-json\/wp\/v2\/users\/2"}],"replies":[{"embeddable":true,"href":"https:\/\/agrohelp.al\/index.php\/wp-json\/wp\/v2\/comments?post=156"}],"version-history":[{"count":3,"href":"https:\/\/agrohelp.al\/index.php\/wp-json\/wp\/v2\/pages\/156\/revisions"}],"predecessor-version":[{"id":1233,"href":"https:\/\/agrohelp.al\/index.php\/wp-json\/wp\/v2\/pages\/156\/revisions\/1233"}],"wp:attachment":[{"href":"https:\/\/agrohelp.al\/index.php\/wp-json\/wp\/v2\/media?parent=156"}],"curies":[{"name":"wp","href":"https:\/\/api.w.org\/{rel}","templated":true}]}}