{"id":178,"date":"2019-02-14T13:27:32","date_gmt":"2019-02-14T13:27:32","guid":{"rendered":"https:\/\/agrohelp.al\/?page_id=178"},"modified":"2019-02-15T14:20:51","modified_gmt":"2019-02-15T14:20:51","slug":"biocide","status":"publish","type":"page","link":"https:\/\/agrohelp.al\/index.php\/biocide\/","title":{"rendered":"BIOCIDE"},"content":{"rendered":"<div class=\"wpb-content-wrapper\"><p>[vc_row][vc_column][vc_custom_heading text=&#8221;EXIT SC 100 SC&#8221; font_container=&#8221;tag:h2|text_align:left|color:%23ea8d35&#8243; google_fonts=&#8221;font_family:Arimo%3Aregular%2Citalic%2C700%2C700italic|font_style:700%20bold%20regular%3A700%3Anormal&#8221;][vc_column_text]<\/p>\n<p style=\"text-align: left;\"><span style=\"color: #000000;\"><strong>EXIT 100 SC<\/strong> eshte insekticid me veprim te gjere dhe te shpejte (\u201cnock dow\u201d) ne formen e suspensionit te koncentruar per luftimin insekteve fluturuese ( mizave, mushkonjave dhe tenjave), insekteve zvarites (milingona, furtare) dhe grerezave. Perdoret ne brendesi te ambjenteve publike si banesa, spitale (me perjashtim te vendeve ku rine pacientet), fabrika, magazina, dyqane, hotele, restorante etj. Ne ambjente e jshteme perdoret ne zona te gjelberuara, taraca, garazhe,etj. Siperfaqet qe do te trajtohen keshillohet qe me pare te jene pastruar.<\/span><\/p>\n<p>[\/vc_column_text][\/vc_column][\/vc_row][vc_row][vc_column]<div class=\"standard-arrow list-divider bullet-top\"><ul>\n<li><span style=\"color: #ea8d35;\"><strong>Lenda vepruese<\/strong><\/span> : <span style=\"color: #000000;\">Cypermetrine\u00a0100 gr\/lit<\/span><\/li>\n<\/ul>\n<\/div>[\/vc_column][\/vc_row][vc_row][vc_column][vc_custom_heading text=&#8221;P\u00ebrdorimi&#8221; font_container=&#8221;tag:h2|text_align:center|color:%23ea8d35&#8243; google_fonts=&#8221;font_family:Merienda%3Aregular%2C700|font_style:400%20regular%3A400%3Anormal&#8221;][vc_empty_space height=&#8221;22px&#8221;][\/vc_column][\/vc_row][vc_row][vc_column][vc_tta_tabs color=&#8221;sandy-brown&#8221; spacing=&#8221;3&#8243; gap=&#8221;3&#8243; alignment=&#8221;center&#8221; active_section=&#8221;1&#8243;][vc_tta_section title=&#8221;NE TRAJTIMET PREVENTIVE&#8221; tab_id=&#8221;1549981049149-80da51b1-b38043a9-127c306b-f843&#8243;][vc_column_text]<\/p>\n<p style=\"text-align: justify;\"><span style=\"color: #000000;\">1 liter produkt tretet ne 200 liter uje, duke perdorur 5 litra solucion per 100-150 m2 siperfaqe.<br \/>\n<\/span><\/p>\n<p>[\/vc_column_text][\/vc_tta_section][vc_tta_section title=&#8221;NE INFEKSIONE TE RENDA&#8221; tab_id=&#8221;1549981356521-b7b06a28-474543a9-127c306b-f843&#8243;][vc_column_text]<\/p>\n<p style=\"text-align: justify;\"><span style=\"color: #000000;\">1 liter produkt tretet ne 100 liter uje, duke perdorur 5 litra solucion per 100-150 m2 siperfaqe. Trajtimet perqendrohen ne vendet ku rine insektet dhe ne rruget e kalimit te tyre. Paisjet sperkatese perdoren me presion te ulet dhe behet kujdes qe te mos kemi kullim te solucionit nga siperfaqet vertikale. Nuk rekomandohet te perdoret me mjete ajrore.<br \/>\n<\/span><\/p>\n<p>[\/vc_column_text][\/vc_tta_section][\/vc_tta_tabs][\/vc_column][\/vc_row][vc_row][vc_column][vc_separator color=&#8221;sandy_brown&#8221; border_width=&#8221;4&#8243;][\/vc_column][\/vc_row][vc_row][vc_column][vc_custom_heading text=&#8221;EXIT DUST&#8221; font_container=&#8221;tag:h2|text_align:left|color:%23ea8d35&#8243; google_fonts=&#8221;font_family:Arimo%3Aregular%2Citalic%2C700%2C700italic|font_style:700%20bold%20regular%3A700%3Anormal&#8221;][vc_column_text]<\/p>\n<p style=\"text-align: left;\"><span style=\"color: #000000;\"><strong>EXIT DUST<\/strong> eshte insekticid me veprim te gjere dhe te shpejte (\u201cnock dow\u201d) i cili perdoret ne forme pluhuri. Rekomandohet per luftimin insekteve zvarites (milingona, furtare,cimka ,tartabiqe) dhe folete e grerezave. Perdoret ne brendesi te ambjenteve publike si banesa, spitale (me perjashtim te vendeve ku rine pacientet), fabrika, magazina, dyqane, hotele, restorante etj. Ne ambjente e jshteme perdoret ne zona te gjelberuara, taraca, garazhe,etj. Siperfaqet qe do te trajtohen keshillohet qe me pare te jene pastruar.<\/span><\/p>\n<p>[\/vc_column_text][\/vc_column][\/vc_row][vc_row][vc_column]<div class=\"standard-arrow list-divider bullet-top\"><ul>\n<li><span style=\"color: #ea8d35;\"><strong>Lenda vepruese<\/strong><\/span> : <span style=\"color: #000000;\">Cypermetrine\u00a02.5 gr\/kg<\/span><\/li>\n<\/ul>\n<\/div>[\/vc_column][\/vc_row][vc_row][vc_column][vc_custom_heading text=&#8221;P\u00ebrdorimi&#8221; font_container=&#8221;tag:h2|text_align:center|color:%23ea8d35&#8243; google_fonts=&#8221;font_family:Merienda%3Aregular%2C700|font_style:400%20regular%3A400%3Anormal&#8221;][vc_empty_space height=&#8221;22px&#8221;][\/vc_column][\/vc_row][vc_row][vc_column][vc_tta_tabs color=&#8221;sandy-brown&#8221; spacing=&#8221;3&#8243; gap=&#8221;3&#8243; active_section=&#8221;1&#8243;][vc_tta_section title=&#8221;NE AMBJENTET E BRENDSHME&#8221; tab_id=&#8221;1550142346966-ce1f520c-f19f&#8221;][vc_column_text]<\/p>\n<p style=\"text-align: justify;\"><span style=\"color: #000000;\">Pluhurosen vendet ku jetojne insektet si poshte paisjeve elektroshtepiake, lavamaneve, tapeteve, kolltukeve, mbrapa batiskopeve,etj. Perdoret 10 gr\/m2.<\/span><\/p>\n<p>[\/vc_column_text][\/vc_tta_section][vc_tta_section title=&#8221;NE AMBJENTET E JASHTME&#8221; tab_id=&#8221;1550142347017-7a07f038-d1e7&#8243;][vc_column_text]<\/p>\n<p style=\"text-align: justify;\"><span style=\"color: #000000;\">Pluhurosen vendet ku banojne kafshet, trotuaret,garazhet, venet e grumbullimit te mbeturinave si dhe ne te gjitha vendet ku mund te jetojne dhe levizin insektet. Perdoret 10 gr\/m2 . Mund te perdoret gjithashtu me sperkatje me doze 25-50 gr. te tretur ne 5 litra uje.<br \/>\n<\/span><\/p>\n<p>[\/vc_column_text][\/vc_tta_section][vc_tta_section title=&#8221;NE FOLETE E MILINGONAVE&#8221; tab_id=&#8221;1550142415884-e83636ac-b9a3&#8243;][vc_column_text]<span style=\"color: #000000;\">Pluhurosen reth vendeve ku hyjne milingonat. Trajtimi perseritet sipas nevojave. Mund te perdoret gjithashtu me sperkatje me doze 25-50 gr. te tretur ne 5 litra uje.<\/span>[\/vc_column_text][\/vc_tta_section][vc_tta_section title=&#8221;NE FOLETE E GREREZAVE&#8221; tab_id=&#8221;1550142439989-122249ca-7ed0&#8243;][vc_column_text]<span style=\"color: #000000;\">Perdoret duke pluhurosur folete ne mbremje pasi grerezat jane kthyer ne fole.<\/span>[\/vc_column_text][\/vc_tta_section][\/vc_tta_tabs][\/vc_column][\/vc_row][vc_row][vc_column][vc_separator color=&#8221;sandy_brown&#8221; border_width=&#8221;4&#8243;][\/vc_column][\/vc_row][vc_row][vc_column][vc_custom_heading text=&#8221;VICTOR GEL&#8221; font_container=&#8221;tag:h2|text_align:left|color:%23ea8d35&#8243; google_fonts=&#8221;font_family:Arimo%3Aregular%2Citalic%2C700%2C700italic|font_style:700%20bold%20regular%3A700%3Anormal&#8221;][vc_column_text]<\/p>\n<p style=\"text-align: left;\"><span style=\"color: #000000;\">Eshte nje formulim specifik i cili garanton efikasitet te larte n\u00eb kontrollin e furtareve si <em>Biattella germanica<\/em> (furtarja verdh\u00eb), <em>Blatta orietalis<\/em> (furtaria e zeze) dhe <em>Periplaneta americana<\/em> (furtarja amerikane) n\u00eb t\u00eb gjitha fazat e zhvillimit. <strong>VICTOR GEL<\/strong> eshte nje karrem insekticid n\u00eb form\u00eb xheli p\u00ebr p\u00ebrdorim profesional q\u00eb lejon nje aplikim te lokalizuar dhe ideale p\u00ebr kontrollin e furtareve si <em>Biattella germanica<\/em> (furtarja verdh\u00eb), Blatta orietalis (furtaria e zeze) dhe <em>Periplaneta americana<\/em> (furtarja amerikane) n\u00eb t\u00eb gjitha fazat e zhvillimit.<\/span><\/p>\n<p>[\/vc_column_text][\/vc_column][\/vc_row][vc_row][vc_column]<div class=\"standard-arrow list-divider bullet-top\"><ul>\n<li><span style=\"color: #ea8d35;\"><strong>Lenda vepruese<\/strong><\/span> : <span style=\"color: #000000;\">Imidacloprid : 2,15 % ; Lende me shije te hidhur : 0,001 %<\/span><\/li>\n<\/ul>\n<\/div>[\/vc_column][\/vc_row][vc_row][vc_column][vc_custom_heading text=&#8221;Menyra e perdorimit<br \/>\n&#8221; font_container=&#8221;tag:h2|text_align:center|color:%23ea8d35&#8243; google_fonts=&#8221;font_family:Merienda%3Aregular%2C700|font_style:400%20regular%3A400%3Anormal&#8221;][vc_empty_space height=&#8221;22px&#8221;][\/vc_column][\/vc_row][vc_row][vc_column][vc_column_text]Perdoret i lokalizuar nepermjet aplikuesit n\u00eb vende t\u00eb frekuentuara nga furtaret, si vende t\u00eb \u00e7ara ne kuzhines, menteshe te dollapeve, rakorderite e ujrave sanitare, vendet ku pregatiten ushqimet n\u00ebn dhe pas pajisjeve t\u00eb tilla si lar\u00ebse en\u00ebsh, frigorifer\u00eb, ngrir\u00ebs, furra, etj.[\/vc_column_text][\/vc_column][\/vc_row][vc_row][vc_column][vc_separator color=&#8221;sandy_brown&#8221; border_width=&#8221;4&#8243;][\/vc_column][\/vc_row][vc_row][vc_column][vc_custom_heading text=&#8221;CYPESECT CAPS<br \/>\n&#8221; font_container=&#8221;tag:h2|text_align:left|color:%23ea8d35&#8243; google_fonts=&#8221;font_family:Arimo%3Aregular%2Citalic%2C700%2C700italic|font_style:700%20bold%20regular%3A700%3Anormal&#8221;][vc_column_text]<\/p>\n<p style=\"text-align: left;\"><span style=\"color: #000000;\"><strong>CYPESECT CAPS\u00ae<\/strong> eshte insekticid me veprim te shpejte dhe te zgjatur, i formuluar sipas teknikes se MIKROENKAPSULIMIT. Kjo teknike konsiston ne mbylljen e insekti-cidit ne mikrokapsula polimere te cilat pezullojne ne nje formulim me baze ujore. Pas sperkatjes Mikrokapsulat clirojne gradualisht insekticidin duke garantuar nje veprim te zgjatur dhe maksimal i cili shkon deri ne 4 jave.<\/span><\/p>\n<p>[\/vc_column_text][\/vc_column][\/vc_row][vc_row][vc_column]<div class=\"standard-arrow list-divider bullet-top\"><ul>\n<li><span style=\"color: #ea8d35;\"><strong>Lenda vepruese<\/strong><\/span> :<span style=\"color: #000000;\"> Cypermetrine 10% ; PBO 10 %<\/span><\/li>\n<\/ul>\n<\/div>[\/vc_column][\/vc_row][vc_row][vc_column][vc_custom_heading text=&#8221;Perdorimi&#8221; font_container=&#8221;tag:h2|text_align:center|color:%23ea8d35&#8243; google_fonts=&#8221;font_family:Merienda%3Aregular%2C700|font_style:400%20regular%3A400%3Anormal&#8221;][vc_empty_space height=&#8221;22px&#8221;][\/vc_column][\/vc_row][vc_row][vc_column][vc_column_text]Kunder mizave, milingonave, furtareve me tretesire 1%; kunder mushkonjave, flebo-tomusit, etj. me 0.5%; Nje liter tretesire perdoret per 10-15 m\u00b2 me pompe te zakoneshme me presion te ulet si dhe me pompa nebulizatore dhe atomizatore.[\/vc_column_text][\/vc_column][\/vc_row][vc_row][vc_column][vc_custom_heading text=&#8221;Mjediset e perdorimit<\/p>\n<p>&#8221; font_container=&#8221;tag:h2|text_align:center|color:%23ea8d35&#8243; google_fonts=&#8221;font_family:Merienda%3Aregular%2C700|font_style:400%20regular%3A400%3Anormal&#8221;][vc_empty_space height=&#8221;22px&#8221;][\/vc_column][\/vc_row][vc_row][vc_column][vc_column_text]Perdoret ne vende publike (banesa, spitale, shkolla) si jashte ashtu edhe brenda tyre; ne vendeve komerciale (fabrika, magazina, dyqane, hotele, restorante etj).[\/vc_column_text][\/vc_column][\/vc_row][vc_row][vc_column][vc_separator color=&#8221;sandy_brown&#8221; border_width=&#8221;4&#8243;][\/vc_column][\/vc_row][vc_row][vc_column][vc_custom_heading text=&#8221;ECOREX AQUAFLOW&#8221; font_container=&#8221;tag:h2|text_align:left|color:%23ea8d35&#8243; google_fonts=&#8221;font_family:Arimo%3Aregular%2Citalic%2C700%2C700italic|font_style:700%20bold%20regular%3A700%3Anormal&#8221;][vc_column_text]<\/p>\n<p style=\"text-align: left;\"><span style=\"color: #000000;\"><strong>ECOREX AQUAFLOW<\/strong> eshte insekticid me veprim kontaktit dhe ngrenie. Dallohet per kombinimin e efektit te shpejte (\u201cknock down\u201d) te Tetrametrines me ate te zgjatur te Deltametrines. Ka spekter te gjere veprimit ne luftimin e demtuesve te ndryshem brejtes dhe fluturues ne ambjentet publike dhe industri. Eshte formulim i gjenerates se fundit ne form suspensioni te koncentruar (SC) dhe emulsioni te koncentruar ujor (EW).<\/span><\/p>\n<p>[\/vc_column_text][\/vc_column][\/vc_row][vc_row][vc_column]<div class=\"standard-arrow list-divider bullet-top\"><ul>\n<li><span style=\"color: #ea8d35;\"><strong>Lenda vepruese<\/strong><\/span> :<span style=\"color: #000000;\"> Deltametrine 2.5 % Tetrametrine 4% PBO 10 %<br \/>\n<\/span><\/li>\n<\/ul>\n<\/div>[\/vc_column][\/vc_row][vc_row][vc_column][vc_custom_heading text=&#8221;Perdorimi&#8221; font_container=&#8221;tag:h2|text_align:center|color:%23ea8d35&#8243; google_fonts=&#8221;font_family:Merienda%3Aregular%2C700|font_style:400%20regular%3A400%3Anormal&#8221;][vc_empty_space height=&#8221;22px&#8221;][\/vc_column][\/vc_row][vc_row][vc_column][vc_column_text]Kunder mizave, milingonave, furtareve , mushkonjave, flebo-tomusit, etj. me doze perdorimi 50 ml \/ 5 lit.uje duke trajtuar nje siperfaqe 100 m2. Perdoret me pompe te zakoneshme me presion te ulet si dhe me pompa nebulizatore dhe atomizatore. Mepompe nebulizatore perdoret 100ml\/5 lit uje per tembuluar nje vellim 500 m3. Me mjete ULV perdoret 1 lit \/ 5 lit.uje per te mbuluar nje vellim 5000 m3[\/vc_column_text][\/vc_column][\/vc_row][vc_row][vc_column][vc_custom_heading text=&#8221;Mjediset e perdorimit<\/p>\n<p>&#8221; font_container=&#8221;tag:h2|text_align:center|color:%23ea8d35&#8243; google_fonts=&#8221;font_family:Merienda%3Aregular%2C700|font_style:400%20regular%3A400%3Anormal&#8221;][vc_empty_space height=&#8221;22px&#8221;][\/vc_column][\/vc_row][vc_row][vc_column][vc_column_text]Perdoret ne vende publike (banesa, spitale, shkolla) si jashte ashtu edhe brenda tyre; ne vendeve komerciale (fabrika, magazina, dyqane, hotele, restorante etj).<\/p>\n<p>[\/vc_column_text][\/vc_column][\/vc_row]<\/p>\n<\/div>","protected":false},"excerpt":{"rendered":"<p>[vc_row][vc_column][vc_custom_heading text=&#8221;EXIT SC 100 SC&#8221; font_container=&#8221;tag:h2|text_align:left|color:%23ea8d35&#8243; google_fonts=&#8221;font_family:Arimo%3Aregular%2Citalic%2C700%2C700italic|font_style:700%20bold%20regular%3A700%3Anormal&#8221;][vc_column_text] EXIT 100 SC eshte insekticid me veprim te gjere dhe te shpejte (\u201cnock dow\u201d) ne formen e suspensionit te koncentruar per luftimin insekteve fluturuese ( mizave, mushkonjave dhe tenjave), insekteve zvarites (milingona, furtare) dhe grerezave. Perdoret ne brendesi te ambjenteve publike si banesa, spitale (me perjashtim te vendeve&hellip;<\/p>\n","protected":false},"author":2,"featured_media":0,"parent":0,"menu_order":0,"comment_status":"closed","ping_status":"closed","template":"","meta":{"footnotes":""},"class_list":["post-178","page","type-page","status-publish","hentry","description-off"],"_links":{"self":[{"href":"https:\/\/agrohelp.al\/index.php\/wp-json\/wp\/v2\/pages\/178","targetHints":{"allow":["GET"]}}],"collection":[{"href":"https:\/\/agrohelp.al\/index.php\/wp-json\/wp\/v2\/pages"}],"about":[{"href":"https:\/\/agrohelp.al\/index.php\/wp-json\/wp\/v2\/types\/page"}],"author":[{"embeddable":true,"href":"https:\/\/agrohelp.al\/index.php\/wp-json\/wp\/v2\/users\/2"}],"replies":[{"embeddable":true,"href":"https:\/\/agrohelp.al\/index.php\/wp-json\/wp\/v2\/comments?post=178"}],"version-history":[{"count":9,"href":"https:\/\/agrohelp.al\/index.php\/wp-json\/wp\/v2\/pages\/178\/revisions"}],"predecessor-version":[{"id":608,"href":"https:\/\/agrohelp.al\/index.php\/wp-json\/wp\/v2\/pages\/178\/revisions\/608"}],"wp:attachment":[{"href":"https:\/\/agrohelp.al\/index.php\/wp-json\/wp\/v2\/media?parent=178"}],"curies":[{"name":"wp","href":"https:\/\/api.w.org\/{rel}","templated":true}]}}