{"id":208,"date":"2019-02-14T14:33:35","date_gmt":"2019-02-14T14:33:35","guid":{"rendered":"https:\/\/agrohelp.al\/?page_id=208"},"modified":"2025-06-13T08:59:49","modified_gmt":"2025-06-13T08:59:49","slug":"lumakidn-5g","status":"publish","type":"page","link":"https:\/\/agrohelp.al\/index.php\/lumakidn-5g\/","title":{"rendered":"LUMAKIDN\u00ae 5G"},"content":{"rendered":"<div class=\"wpb-content-wrapper\"><p>[vc_row full_width=&#8221;stretch_row_content&#8221;][vc_column width=&#8221;1\/6&#8243;][vc_single_image image=&#8221;54&#8243; img_size=&#8221;full&#8221; alignment=&#8221;right&#8221; image_hovers=&#8221;false&#8221;][\/vc_column][vc_column width=&#8221;2\/3&#8243;][vc_column_text]<\/p>\n<p style=\"text-align: center;\"><span style=\"color: #000000;\"><strong>LUMAKIDIN 5 G<\/strong> eshte nje moluskicid me permbajtje Metaldehidi efikas kund\u00ebr k\u00ebrmijeve me dhe pa guaske si kermilli gri<em> (Agriolimax agriestis),<\/em> kermilli i perimoreve <em>(Arion hortensis)<\/em> etj. . Eshte formulim i nje gjenerate te re e njohur me termin \u201cwet process\u201d i cili karakterizohet nga rezistenca e larte ndaj lageshtise ne toke si dhe ndaj reshjeve. Kjo e ben kete produkt te perdoret me doze me te vogel me ndikim minimal ne mjedis.Produkti eshte ne forme cilindrike gati sferike i cili n\u00eb saj\u00eb t\u00eb permbajtjes n\u00eb formulimin te lendeve aromatike dhe Metaldeidit , behet terheqes per gastropodet. Kontaki me Metaldehidin si me gelltitje ashtu dhe me kontakt stimulon mbiprodhimin e mukoz\u00ebs se gastropodeve e per pasoje shkakton ngordhjen nga dehidratimi. <strong>LUMAKIDIN 5G<\/strong> p\u00ebrmban denatonium benzoate, nj\u00eb substanc\u00eb teper e hidhur dhe unike e cila shmang rezikun e gelltitjes aksidentale prej femijeve apo kafsheve shtepijake. Formulimi p\u00ebrmban gjithashtu nj\u00eb shtes\u00eb t\u00eb ve\u00e7ant\u00eb e cila pengon formimin e myk.<\/span><\/p>\n<p>[\/vc_column_text][\/vc_column][vc_column width=&#8221;1\/6&#8243;][\/vc_column][\/vc_row][vc_row][vc_column width=&#8221;1\/4&#8243;][\/vc_column][vc_column width=&#8221;1\/2&#8243;]<div id=\"ult-carousel-37792223866a0082d920cf8\" class=\"ult-carousel-wrapper   ult_horizontal\" data-gutter=\"15\" data-rtl=\"false\" ><div class=\"ult-carousel-1160501676a0082d920bec \" >[vc_single_image image=&#8221;209&#8243; img_size=&#8221;104 \u00d7 104&#8243; alignment=&#8221;center&#8221; image_hovers=&#8221;false&#8221;][vc_single_image image=&#8221;211&#8243; img_size=&#8221;104 \u00d7 104&#8243; alignment=&#8221;center&#8221; image_hovers=&#8221;false&#8221;][vc_single_image image=&#8221;210&#8243; img_size=&#8221;104 \u00d7 104&#8243; alignment=&#8221;center&#8221; image_hovers=&#8221;false&#8221;]<\/div><\/div>\t\t\t<script type=\"text\/javascript\">\n\t\t\t\tjQuery(document).ready(function ($) {\n\t\t\t\t\tif( typeof jQuery('.ult-carousel-1160501676a0082d920bec').slick == \"function\"){\n\t\t\t\t\t\t$('.ult-carousel-1160501676a0082d920bec').slick({dots: false,autoplay: true,autoplaySpeed: \"2000\",speed: \"2000\",infinite: true,arrows: false,slidesToScroll:4,slidesToShow:4,swipe: true,draggable: true,touchMove: true,pauseOnHover: true,pauseOnFocus: false,responsive: [\n\t\t\t\t\t\t\t{\n\t\t\t\t\t\t\t  breakpoint: 1026,\n\t\t\t\t\t\t\t  settings: {\n\t\t\t\t\t\t\t\tslidesToShow: 4,\n\t\t\t\t\t\t\t\tslidesToScroll: 4,  \n\t\t\t\t\t\t\t  }\n\t\t\t\t\t\t\t},\n\t\t\t\t\t\t\t{\n\t\t\t\t\t\t\t  breakpoint: 1025,\n\t\t\t\t\t\t\t  settings: {\n\t\t\t\t\t\t\t\tslidesToShow: 1,\n\t\t\t\t\t\t\t\tslidesToScroll: 1\n\t\t\t\t\t\t\t  }\n\t\t\t\t\t\t\t},\n\t\t\t\t\t\t\t{\n\t\t\t\t\t\t\t  breakpoint: 760,\n\t\t\t\t\t\t\t  settings: {\n\t\t\t\t\t\t\t\tslidesToShow: 1,\n\t\t\t\t\t\t\t\tslidesToScroll: 1\n\t\t\t\t\t\t\t  }\n\t\t\t\t\t\t\t}\n\t\t\t\t\t\t],pauseOnDotsHover: true,customPaging: function(slider, i) {\n                   return '<i type=\"button\" style= \"color:#333333;\" class=\"ultsl-record\" data-role=\"none\"><\/i>';\n                },});\n\t\t\t\t\t}\n\t\t\t\t});\n\t\t\t<\/script>\n\t\t\t[\/vc_column][vc_column width=&#8221;1\/4&#8243;][\/vc_column][\/vc_row][vc_row][vc_column][vc_empty_space height=&#8221;25px&#8221;]<div class=\"standard-arrow list-divider bullet-top\"><ul>\n<li><span style=\"color: #ea8d35;\"><strong>Permbajtja<\/strong><\/span> :\u00a0<span style=\"color: #000000;\">Metaldehid 4,9 g ; Denatonium Benzoate: 0.03%<\/span><\/li>\n<li><span style=\"color: #ea8d35;\"><strong>Formulimi <\/strong><\/span>: <span style=\"color: #000000;\">Glanula uniforme<\/span><\/li>\n<li><span style=\"color: #3366ff;\"><span style=\"color: #ea8d35;\"><strong>Karenca<\/strong>\u00a0<\/span><span style=\"color: #000000;\">:<\/span><\/span><span style=\"color: #000000;\"> Nuk aplikohet<br \/>\n<\/span><\/li>\n<\/ul>\n<\/div>[\/vc_column][\/vc_row][vc_row][vc_column][vc_custom_heading text=&#8221;P\u00ebrdorimi&#8221; font_container=&#8221;tag:h2|text_align:center|color:%23ea8d35&#8243; google_fonts=&#8221;font_family:Merienda%3Aregular%2C700|font_style:400%20regular%3A400%3Anormal&#8221;][vc_empty_space height=&#8221;22px&#8221;][\/vc_column][\/vc_row][vc_row][vc_column][vc_column_text]<\/p>\n<p style=\"text-align: center;\">Perdoret ne te gjitha kulturat bujqesore si patate, luleshtrydhe, karrota, perimet gjethore dhe t\u00eb ngjashme, brokoli, laker,lulelaker, artichoke, asparagus, fasule, drith\u00ebra, kolez, lule dhe bim\u00eb zbukuruese. Aplikohet duke u shprendare ne menyre uniforme n\u00eb sip\u00ebrfaqet q\u00eb do t\u00eb trajtohen. Trajtmet kryhen menjeher pas renies se shiut dhe pas perendimit te diellit.<\/p>\n<p>[\/vc_column_text][vc_tta_tabs color=&#8221;sandy-brown&#8221; alignment=&#8221;center&#8221; active_section=&#8221;1&#8243;][vc_tta_section title=&#8221;TRAJTIME T\u00cb LOKALIZUARA N\u00cb KOPSHTE (Amatore)&#8221; tab_id=&#8221;1550154656228-91671b09-dff1&#8243;][vc_column_text]Per luftimin e krahebardhave <em>(Trialeurodes vaporariorum dhe Bemisia tabaci)<\/em> : APPLAUD 25 WP nuk lufton direkt fluturen e krahebardhes, ai lufton me sukses te gjitha fazat e tjera te ketij insekti, ( veze, larva dhe nimfa) ndersa fluturat pjellin veze sterile. Trajtimet fillojne me cfaqien e flutrave te para dhe perseriten cdo 10-15 dite. Doza e perdorimit 60-80 gram per 100 liter uje. Nuk rekomandohen me shume se dy trajtime per cdo sezon. Kur trajtimet ndaj krahebardhave fillojne me vonese dhe infeksionet jane te renda rekomandohet te perzihet me MOSPILAN ose NUPRID SUPREM. Trajtimet jane njekohesisht te vlefshme edhe per kontrollin e kepushave eriofide<em> (Eriophyes spp.,)<\/em> dhe tarsonemide <em>(Seneotarsonemus pallidus).<\/em>[\/vc_column_text][\/vc_tta_section][vc_tta_section title=&#8221;P\u00cbRDORIM PROFESIONAL&#8221; tab_id=&#8221;1550154656261-716b9818-045f&#8221;][vc_column_text]Aplikohen 70\/100 gram \u00e7do 100 m2. Trajtimi nderpritet 20 dit\u00eb para vjeljes.[\/vc_column_text][\/vc_tta_section][\/vc_tta_tabs][\/vc_column][\/vc_row][vc_row][vc_column][vc_custom_heading text=&#8221;V\u00ebrejtje p\u00ebr p\u00ebrdorimin&#8221; font_container=&#8221;tag:h2|text_align:center|color:%23ea8d35&#8243; google_fonts=&#8221;font_family:Merienda%3Aregular%2C700|font_style:400%20regular%3A400%3Anormal&#8221;][vc_empty_space height=&#8221;22px&#8221;][\/vc_column][\/vc_row][vc_row][vc_column][vc_message message_box_color=&#8221;orange&#8221; icon_fontawesome=&#8221;fa fa-exclamation-triangle&#8221;]<\/p>\n<p style=\"text-align: center;\"><span style=\"color: #000000;\">Nuk perdoret me mjete ajrore. Mos ndotni kuturat e tjera , ujerat e rjedheshme dhe rezervuret. Ambalazhet e boshatisura nuk duhet te shperndahen ne mjedis ato dhe mbeturinat e tjera te krijuara pas pune asgjesohen sipas regullave ne fuqi.<\/span><\/p>\n<p>[\/vc_message][\/vc_column][\/vc_row][vc_row][vc_column][vc_custom_heading text=&#8221;Ndikim n\u00eb ekosistem&#8221; font_container=&#8221;tag:h2|text_align:center|color:%23f79468&#8243; google_fonts=&#8221;font_family:Merienda%3Aregular%2C700|font_style:400%20regular%3A400%3Anormal&#8221;][vc_empty_space height=&#8221;22px&#8221;][\/vc_column][\/vc_row][vc_row][vc_column][vc_message message_box_color=&#8221;orange&#8221;]<\/p>\n<p style=\"text-align: center;\"><span style=\"color: #000000;\">Eshte helmues per peshqit, shpendet dhe kafshet shtepiake.<\/span><\/p>\n<p style=\"text-align: center;\"><span style=\"color: #000000;\"><strong>Fitotoksiciteti<\/strong> \u2192 Nuk eshte fitotoksik<\/span><\/p>\n<p>[\/vc_message][\/vc_column][\/vc_row]<\/p>\n<\/div>","protected":false},"excerpt":{"rendered":"<p>[vc_row full_width=&#8221;stretch_row_content&#8221;][vc_column width=&#8221;1\/6&#8243;][vc_single_image image=&#8221;54&#8243; img_size=&#8221;full&#8221; alignment=&#8221;right&#8221; image_hovers=&#8221;false&#8221;][\/vc_column][vc_column width=&#8221;2\/3&#8243;][vc_column_text] LUMAKIDIN 5 G eshte nje moluskicid me permbajtje Metaldehidi efikas kund\u00ebr k\u00ebrmijeve me dhe pa guaske si kermilli gri (Agriolimax agriestis), kermilli i perimoreve (Arion hortensis) etj. . Eshte formulim i nje gjenerate te re e njohur me termin \u201cwet process\u201d i cili karakterizohet nga rezistenca e&hellip;<\/p>\n","protected":false},"author":2,"featured_media":0,"parent":0,"menu_order":0,"comment_status":"closed","ping_status":"closed","template":"","meta":{"footnotes":""},"class_list":["post-208","page","type-page","status-publish","hentry","description-off"],"_links":{"self":[{"href":"https:\/\/agrohelp.al\/index.php\/wp-json\/wp\/v2\/pages\/208","targetHints":{"allow":["GET"]}}],"collection":[{"href":"https:\/\/agrohelp.al\/index.php\/wp-json\/wp\/v2\/pages"}],"about":[{"href":"https:\/\/agrohelp.al\/index.php\/wp-json\/wp\/v2\/types\/page"}],"author":[{"embeddable":true,"href":"https:\/\/agrohelp.al\/index.php\/wp-json\/wp\/v2\/users\/2"}],"replies":[{"embeddable":true,"href":"https:\/\/agrohelp.al\/index.php\/wp-json\/wp\/v2\/comments?post=208"}],"version-history":[{"count":4,"href":"https:\/\/agrohelp.al\/index.php\/wp-json\/wp\/v2\/pages\/208\/revisions"}],"predecessor-version":[{"id":1253,"href":"https:\/\/agrohelp.al\/index.php\/wp-json\/wp\/v2\/pages\/208\/revisions\/1253"}],"wp:attachment":[{"href":"https:\/\/agrohelp.al\/index.php\/wp-json\/wp\/v2\/media?parent=208"}],"curies":[{"name":"wp","href":"https:\/\/api.w.org\/{rel}","templated":true}]}}