{"id":240,"date":"2019-02-14T14:51:25","date_gmt":"2019-02-14T14:51:25","guid":{"rendered":"https:\/\/agrohelp.al\/?page_id=240"},"modified":"2025-06-13T09:02:03","modified_gmt":"2025-06-13T09:02:03","slug":"nissorun-10-wp","status":"publish","type":"page","link":"https:\/\/agrohelp.al\/index.php\/nissorun-10-wp\/","title":{"rendered":"NISSORUN\u00ae 10 WP"},"content":{"rendered":"<div class=\"wpb-content-wrapper\"><p>[vc_row full_width=&#8221;stretch_row_content&#8221;][vc_column width=&#8221;1\/6&#8243;][vc_single_image image=&#8221;54&#8243; img_size=&#8221;full&#8221; alignment=&#8221;right&#8221; image_hovers=&#8221;false&#8221;][\/vc_column][vc_column width=&#8221;2\/3&#8243;][vc_column_text]<\/p>\n<p style=\"text-align: center;\"><span style=\"color: #000000;\">Eshte Akaricid specifik per kontrollin e kepushave tetranichide. <em>Panonychus spp<\/em>., <em>Tetranychus spp., Eotetranychus spp.,<\/em> Vepron me sukses ndaj fazave te vezeve , larvave dhe nimfave. Megjithese nuk vepron direk ndaj inskteve te ritura, femrat e atakuara nga preparati prodhojne veze sterile. Karakterizohet nga levizja translaminare ne gjethe duke u bere i pranishem shume shpejt pas sperkatjes ne te dyja faqet e gjetheve dhe duke atakuar keshtu si individet qe ndodhen ne pjesen e siperme ashtu edhe ato qe ndothen ne pjesen e poshteme te gjethes. Kjo e ben edhe me te efekteshem preparatin, pasi kepushat preferojne me shume pjesen e poshteme te gjethes. Vepron si nepermjet kontaktit ashtu edhe ne permjet aparatit tretes. Karakterizohet nga qendrushmeri e larte duke rezultuar nje efrekt te zgjatur i cili shkon 4-8 jave.<\/span><\/p>\n<p>[\/vc_column_text][\/vc_column][vc_column width=&#8221;1\/6&#8243;][\/vc_column][\/vc_row][vc_row][vc_column width=&#8221;1\/4&#8243;][\/vc_column][vc_column width=&#8221;1\/2&#8243;]<div id=\"ult-carousel-109025861769edfe81b7522\" class=\"ult-carousel-wrapper   ult_horizontal\" data-gutter=\"15\" data-rtl=\"false\" ><div class=\"ult-carousel-265145236069edfe81b747d \" >[vc_single_image image=&#8221;241&#8243; img_size=&#8221;104 \u00d7 104&#8243; alignment=&#8221;center&#8221; image_hovers=&#8221;false&#8221;][vc_single_image image=&#8221;242&#8243; img_size=&#8221;104 \u00d7 104&#8243; alignment=&#8221;center&#8221; image_hovers=&#8221;false&#8221;][vc_single_image image=&#8221;164&#8243; img_size=&#8221;104 \u00d7 104&#8243; alignment=&#8221;center&#8221; image_hovers=&#8221;false&#8221;][vc_single_image image=&#8221;161&#8243; img_size=&#8221;104 \u00d7 104&#8243; alignment=&#8221;center&#8221; image_hovers=&#8221;false&#8221;]<\/div><\/div>\t\t\t<script type=\"text\/javascript\">\n\t\t\t\tjQuery(document).ready(function ($) {\n\t\t\t\t\tif( typeof jQuery('.ult-carousel-265145236069edfe81b747d').slick == \"function\"){\n\t\t\t\t\t\t$('.ult-carousel-265145236069edfe81b747d').slick({dots: false,autoplay: true,autoplaySpeed: \"2000\",speed: \"2000\",infinite: true,arrows: false,slidesToScroll:4,slidesToShow:4,swipe: true,draggable: true,touchMove: true,pauseOnHover: true,pauseOnFocus: false,responsive: [\n\t\t\t\t\t\t\t{\n\t\t\t\t\t\t\t  breakpoint: 1026,\n\t\t\t\t\t\t\t  settings: {\n\t\t\t\t\t\t\t\tslidesToShow: 4,\n\t\t\t\t\t\t\t\tslidesToScroll: 4,  \n\t\t\t\t\t\t\t  }\n\t\t\t\t\t\t\t},\n\t\t\t\t\t\t\t{\n\t\t\t\t\t\t\t  breakpoint: 1025,\n\t\t\t\t\t\t\t  settings: {\n\t\t\t\t\t\t\t\tslidesToShow: 1,\n\t\t\t\t\t\t\t\tslidesToScroll: 1\n\t\t\t\t\t\t\t  }\n\t\t\t\t\t\t\t},\n\t\t\t\t\t\t\t{\n\t\t\t\t\t\t\t  breakpoint: 760,\n\t\t\t\t\t\t\t  settings: {\n\t\t\t\t\t\t\t\tslidesToShow: 1,\n\t\t\t\t\t\t\t\tslidesToScroll: 1\n\t\t\t\t\t\t\t  }\n\t\t\t\t\t\t\t}\n\t\t\t\t\t\t],pauseOnDotsHover: true,customPaging: function(slider, i) {\n                   return '<i type=\"button\" style= \"color:#333333;\" class=\"ultsl-record\" data-role=\"none\"><\/i>';\n                },});\n\t\t\t\t\t}\n\t\t\t\t});\n\t\t\t<\/script>\n\t\t\t[\/vc_column][vc_column width=&#8221;1\/4&#8243;][\/vc_column][\/vc_row][vc_row][vc_column][vc_empty_space height=&#8221;25px&#8221;]<div class=\"standard-arrow list-divider bullet-top\"><ul>\n<li><span style=\"color: #ea8d35;\"><strong>Permbajtja<\/strong><\/span> : <span style=\"color: #000000;\">10% Hexythiazox<\/span><\/li>\n<li><span style=\"color: #ea8d35;\"><strong>Formulimi <\/strong><\/span>: <span style=\"color: #000000;\">Pluhur i lageshem<\/span><\/li>\n<li><span style=\"color: #3366ff;\"><span style=\"color: #ea8d35;\"><strong>Karenca<\/strong>\u00a0<\/span><span style=\"color: #000000;\">:<\/span><\/span><span style=\"color: #000000;\"> Molle, dardhe, vreshta , agrume 14 dite . Perime dhe ornamentale 14 dite<br \/>\n<\/span><\/li>\n<\/ul>\n<\/div>[\/vc_column][\/vc_row][vc_row][vc_column][vc_custom_heading text=&#8221;P\u00ebrdorimi&#8221; font_container=&#8221;tag:h2|text_align:center|color:%23ea8d35&#8243; google_fonts=&#8221;font_family:Merienda%3Aregular%2C700|font_style:400%20regular%3A400%3Anormal&#8221;][vc_empty_space height=&#8221;22px&#8221;][\/vc_column][\/vc_row][vc_row][vc_column][vc_tta_tabs color=&#8221;sandy-brown&#8221; spacing=&#8221;3&#8243; gap=&#8221;3&#8243; alignment=&#8221;center&#8221; active_section=&#8221;1&#8243;][vc_tta_section title=&#8221;MOLL\u00cb, DARDH\u00cb, AGRUME, VRESHTA, PERIME &amp; BIM\u00cb ZBUKURUESE&#8221; tab_id=&#8221;1549981049149-80da51b1-b38043a9-127ca86d-489b&#8221;][vc_column_text]<\/p>\n<p style=\"text-align: justify;\"><span style=\"color: #000000;\">Suksesi i preparatit varet nga koha e trajtimit. Duhet te trajtojme sa me heret, kur vezet dimerore kane filluar te celin. NISSORUN karakterizohet nga nje veprim residual qe shkon 4-8 jave sipas kushteve klimatike. Kryhen deri ne dy trajtime per sezon. Doza e perdorimit 50gr per 100 liter uje.<br \/>\n<\/span><\/p>\n<p>[\/vc_column_text][\/vc_tta_section][\/vc_tta_tabs][\/vc_column][\/vc_row][vc_row][vc_column][vc_custom_heading text=&#8221;V\u00ebrejtje p\u00ebr p\u00ebrdorimin&#8221; font_container=&#8221;tag:h2|text_align:center|color:%23ea8d35&#8243; google_fonts=&#8221;font_family:Merienda%3Aregular%2C700|font_style:400%20regular%3A400%3Anormal&#8221;][vc_empty_space height=&#8221;22px&#8221;][\/vc_column][\/vc_row][vc_row][vc_column][vc_message message_box_color=&#8221;orange&#8221; icon_fontawesome=&#8221;fa fa-exclamation-triangle&#8221;]<\/p>\n<p style=\"text-align: center;\"><span style=\"color: #000000;\">Trajtimet fillojne kur konstatojme te pakten 2-3 kepusha per gjethe. Ne trajtimet e vonuara kur infeksioni eshte i larte rekomandohet te shtohet ORTUS, akaricid specifik per stadet e rritura te kepushave.Nuk rekomandohet te perdoret ne oret e nxehta te dites. Nuk perzihet me produktet acide apo alkaline. Kombinimi me insekticide apo fungicide te tjera vecanerisht ne molle do te ishte me i rekomandueshem te behej me formulime pluhura te lageshme.<\/span><\/p>\n<p>[\/vc_message][\/vc_column][\/vc_row][vc_row][vc_column][vc_custom_heading text=&#8221;Ndikim n\u00eb ekosistem&#8221; font_container=&#8221;tag:h2|text_align:center|color:%23f79468&#8243; google_fonts=&#8221;font_family:Merienda%3Aregular%2C700|font_style:400%20regular%3A400%3Anormal&#8221;][vc_empty_space height=&#8221;22px&#8221;][\/vc_column][\/vc_row][vc_row][vc_column][vc_message message_box_color=&#8221;orange&#8221;]<\/p>\n<p style=\"text-align: center;\"><span style=\"color: #000000;\">Eshte helmues ndaj peshqve the organizmave te tjera ujore, prandaj duhet te behet kujdes te mos ndoten basenet ujore si dhe ato te rjedheshme me produktin apo solicionet qe rezultojne nga perdorimi apo nga shplarja e paisjeve dhe mjeteve te punes.<\/span><\/p>\n<p>[\/vc_message][\/vc_column][\/vc_row]<\/p>\n<\/div>","protected":false},"excerpt":{"rendered":"<p>[vc_row full_width=&#8221;stretch_row_content&#8221;][vc_column width=&#8221;1\/6&#8243;][vc_single_image image=&#8221;54&#8243; img_size=&#8221;full&#8221; alignment=&#8221;right&#8221; image_hovers=&#8221;false&#8221;][\/vc_column][vc_column width=&#8221;2\/3&#8243;][vc_column_text] Eshte Akaricid specifik per kontrollin e kepushave tetranichide. Panonychus spp., Tetranychus spp., Eotetranychus spp., Vepron me sukses ndaj fazave te vezeve , larvave dhe nimfave. Megjithese nuk vepron direk ndaj inskteve te ritura, femrat e atakuara nga preparati prodhojne veze sterile. Karakterizohet nga levizja translaminare ne gjethe&hellip;<\/p>\n","protected":false},"author":2,"featured_media":0,"parent":0,"menu_order":0,"comment_status":"closed","ping_status":"closed","template":"","meta":{"footnotes":""},"class_list":["post-240","page","type-page","status-publish","hentry","description-off"],"_links":{"self":[{"href":"https:\/\/agrohelp.al\/index.php\/wp-json\/wp\/v2\/pages\/240","targetHints":{"allow":["GET"]}}],"collection":[{"href":"https:\/\/agrohelp.al\/index.php\/wp-json\/wp\/v2\/pages"}],"about":[{"href":"https:\/\/agrohelp.al\/index.php\/wp-json\/wp\/v2\/types\/page"}],"author":[{"embeddable":true,"href":"https:\/\/agrohelp.al\/index.php\/wp-json\/wp\/v2\/users\/2"}],"replies":[{"embeddable":true,"href":"https:\/\/agrohelp.al\/index.php\/wp-json\/wp\/v2\/comments?post=240"}],"version-history":[{"count":4,"href":"https:\/\/agrohelp.al\/index.php\/wp-json\/wp\/v2\/pages\/240\/revisions"}],"predecessor-version":[{"id":1258,"href":"https:\/\/agrohelp.al\/index.php\/wp-json\/wp\/v2\/pages\/240\/revisions\/1258"}],"wp:attachment":[{"href":"https:\/\/agrohelp.al\/index.php\/wp-json\/wp\/v2\/media?parent=240"}],"curies":[{"name":"wp","href":"https:\/\/api.w.org\/{rel}","templated":true}]}}