{"id":274,"date":"2019-02-14T15:16:49","date_gmt":"2019-02-14T15:16:49","guid":{"rendered":"https:\/\/agrohelp.al\/?page_id=274"},"modified":"2019-02-15T14:22:43","modified_gmt":"2019-02-15T14:22:43","slug":"ortus","status":"publish","type":"page","link":"https:\/\/agrohelp.al\/index.php\/ortus\/","title":{"rendered":"ORTUS\u00ae"},"content":{"rendered":"<div class=\"wpb-content-wrapper\"><p>[vc_row full_width=&#8221;stretch_row_content&#8221;][vc_column width=&#8221;1\/6&#8243;][vc_single_image image=&#8221;54&#8243; img_size=&#8221;full&#8221; alignment=&#8221;right&#8221; image_hovers=&#8221;false&#8221;][\/vc_column][vc_column width=&#8221;2\/3&#8243;][vc_column_text]<\/p>\n<p style=\"text-align: center;\"><span style=\"color: #000000;\"><strong> ORTUS<\/strong> eshte akaricid i ri i cili dallohet per spektirin e gjere ne luftimit fazat e levizeshme te kepushave fitofage tetranikide, tarsonemide dhe eriofide. Karakterizohet nga veprimi i shpejte (knockdown effect) dhe i zgjatur nepermjet kntaktit dhe ngrenies,duke shkaktuar ngordhjen ne mase brenda nje dite. Ne doza me te larat cfaq veprim te moderuar ovicid.<\/span><\/p>\n<p>[\/vc_column_text][\/vc_column][vc_column width=&#8221;1\/6&#8243;][\/vc_column][\/vc_row][vc_row][vc_column width=&#8221;1\/4&#8243;][\/vc_column][vc_column width=&#8221;1\/2&#8243;]<div id=\"ult-carousel-35188588566a058aa4ec204\" class=\"ult-carousel-wrapper   ult_horizontal\" data-gutter=\"15\" data-rtl=\"false\" ><div class=\"ult-carousel-14290440956a058aa4ec11c \" >[vc_single_image image=&#8221;165&#8243; img_size=&#8221;104 \u00d7 104&#8243; alignment=&#8221;center&#8221; image_hovers=&#8221;false&#8221;][vc_single_image image=&#8221;242&#8243; img_size=&#8221;104 \u00d7 104&#8243; alignment=&#8221;center&#8221; image_hovers=&#8221;false&#8221;][vc_single_image image=&#8221;162&#8243; img_size=&#8221;104 \u00d7 104&#8243; alignment=&#8221;center&#8221; image_hovers=&#8221;false&#8221;][vc_single_image image=&#8221;164&#8243; img_size=&#8221;104 \u00d7 104&#8243; alignment=&#8221;center&#8221; image_hovers=&#8221;false&#8221;][vc_single_image image=&#8221;241&#8243; img_size=&#8221;104 \u00d7 104&#8243; alignment=&#8221;center&#8221; image_hovers=&#8221;false&#8221;]<\/div><\/div>\t\t\t<script type=\"text\/javascript\">\n\t\t\t\tjQuery(document).ready(function ($) {\n\t\t\t\t\tif( typeof jQuery('.ult-carousel-14290440956a058aa4ec11c').slick == \"function\"){\n\t\t\t\t\t\t$('.ult-carousel-14290440956a058aa4ec11c').slick({dots: false,autoplay: true,autoplaySpeed: \"2000\",speed: \"2000\",infinite: true,arrows: false,slidesToScroll:4,slidesToShow:4,swipe: true,draggable: true,touchMove: true,pauseOnHover: true,pauseOnFocus: false,responsive: [\n\t\t\t\t\t\t\t{\n\t\t\t\t\t\t\t  breakpoint: 1026,\n\t\t\t\t\t\t\t  settings: {\n\t\t\t\t\t\t\t\tslidesToShow: 4,\n\t\t\t\t\t\t\t\tslidesToScroll: 4,  \n\t\t\t\t\t\t\t  }\n\t\t\t\t\t\t\t},\n\t\t\t\t\t\t\t{\n\t\t\t\t\t\t\t  breakpoint: 1025,\n\t\t\t\t\t\t\t  settings: {\n\t\t\t\t\t\t\t\tslidesToShow: 1,\n\t\t\t\t\t\t\t\tslidesToScroll: 1\n\t\t\t\t\t\t\t  }\n\t\t\t\t\t\t\t},\n\t\t\t\t\t\t\t{\n\t\t\t\t\t\t\t  breakpoint: 760,\n\t\t\t\t\t\t\t  settings: {\n\t\t\t\t\t\t\t\tslidesToShow: 1,\n\t\t\t\t\t\t\t\tslidesToScroll: 1\n\t\t\t\t\t\t\t  }\n\t\t\t\t\t\t\t}\n\t\t\t\t\t\t],pauseOnDotsHover: true,customPaging: function(slider, i) {\n                   return '<i type=\"button\" style= \"color:#333333;\" class=\"ultsl-record\" data-role=\"none\"><\/i>';\n                },});\n\t\t\t\t\t}\n\t\t\t\t});\n\t\t\t<\/script>\n\t\t\t[\/vc_column][vc_column width=&#8221;1\/4&#8243;][\/vc_column][\/vc_row][vc_row][vc_column width=&#8221;1\/3&#8243;][vc_single_image image=&#8221;166&#8243; img_size=&#8221;full&#8221; alignment=&#8221;right&#8221; style=&#8221;vc_box_border&#8221; border_color=&#8221;sandy_brown&#8221; image_hovers=&#8221;false&#8221;][\/vc_column][vc_column width=&#8221;2\/3&#8243;][vc_empty_space height=&#8221;25px&#8221;]<div class=\"standard-arrow list-divider bullet-top\"><ul>\n<li><span style=\"color: #ea8d35;\"><strong>Permbajtja<\/strong><\/span> : <span style=\"color: #000000;\">50 gr\/lit Fenpyroximate<\/span><\/li>\n<li><span style=\"color: #ea8d35;\"><strong>Formulimi <\/strong><\/span>: <span style=\"color: #000000;\">Koncentrat i suspendueshem<\/span><\/li>\n<li><span style=\"color: #3366ff;\"><span style=\"color: #ea8d35;\"><strong>Karenca<\/strong>\u00a0<\/span><span style=\"color: #000000;\">:<\/span><\/span><span style=\"color: #000000;\"> Molle dhe rrush 28 dite, agrume 30 dite, kulturat e tjera 14 dite.<br \/>\n<\/span><\/li>\n<\/ul>\n<\/div>[\/vc_column][\/vc_row][vc_row][vc_column][vc_custom_heading text=&#8221;P\u00ebrdorimi&#8221; font_container=&#8221;tag:h2|text_align:center|color:%23ea8d35&#8243; google_fonts=&#8221;font_family:Merienda%3Aregular%2C700|font_style:400%20regular%3A400%3Anormal&#8221;][vc_empty_space height=&#8221;22px&#8221;][\/vc_column][\/vc_row][vc_row][vc_column][vc_tta_tabs color=&#8221;sandy-brown&#8221; spacing=&#8221;3&#8243; gap=&#8221;3&#8243; alignment=&#8221;center&#8221; active_section=&#8221;1&#8243;][vc_tta_section title=&#8221;MOLLE &amp; DARDHE&#8221; tab_id=&#8221;1549981049149-80da51b1-b38043a9-127c0263-54dd&#8221;][vc_column_text]<\/p>\n<p style=\"text-align: justify;\"><span style=\"color: #000000;\">Per lufimin e kepushes se kuqe <em>(Panonychus ulmi)<\/em>,kepushes se zakoneshme <em>(Tetranychus ulticae,Eotetranychus carpini )<\/em> dhe kepushave eriofide <em>(Eriophyes spp., Aculops spp., Aculus spp.)<\/em> Doza e perdorimit eshte . Doza e perdorimit 100-150 ml\/100 lit uje.<br \/>\n<\/span><\/p>\n<p>[\/vc_column_text][\/vc_tta_section][vc_tta_section title=&#8221;AGRUME &amp; VRESHTA&#8221; tab_id=&#8221;1549981356521-b7b06a28-474543a9-127c0263-54dd&#8221;][vc_column_text]<\/p>\n<p style=\"text-align: justify;\"><span style=\"color: #000000;\">Per luftimin e kepushes se kuqe<em> (Panonychus citri)<\/em> dhe kepushave eriofide <em>(Eriophyes spp., Aculops spp., Aculus spp.)<\/em>. Doza e perdorimit 100-150 ml\/100 lit uje.<br \/>\n<\/span><\/p>\n<p>[\/vc_column_text][\/vc_tta_section][vc_tta_section title=&#8221;PERIME&#8221; tab_id=&#8221;1549981049173-2221499d-443443a9-127c0263-54dd&#8221;][vc_column_text]<\/p>\n<p style=\"text-align: justify;\"><span style=\"color: #000000;\">Per lufimin kepushes se zakoneshme <em>(Tetranychus ulticae, Eotetranychus carpini)<\/em>, dhe Tarsonemideve<em> (Polyphagotarsonemus latus, Seneotarsonemus pallidus)<\/em>. Doza e perdorimit 100-150 ml\/100 lit uje. <\/span><\/p>\n<p>[\/vc_column_text][\/vc_tta_section][\/vc_tta_tabs][\/vc_column][\/vc_row][vc_row][vc_column][vc_custom_heading text=&#8221;V\u00ebrejtje p\u00ebr p\u00ebrdorimin&#8221; font_container=&#8221;tag:h2|text_align:center|color:%23ea8d35&#8243; google_fonts=&#8221;font_family:Merienda%3Aregular%2C700|font_style:400%20regular%3A400%3Anormal&#8221;][vc_empty_space height=&#8221;22px&#8221;][\/vc_column][\/vc_row][vc_row][vc_column][vc_message message_box_color=&#8221;orange&#8221; icon_fontawesome=&#8221;fa fa-exclamation-triangle&#8221;]<\/p>\n<p style=\"text-align: center;\"><span style=\"color: #000000;\">Rekomandohet te mos perdoret me shume se dy trajtime per sezon dhe te alternohet me akaricide me mekanizem te ndryshem veprimi. ORTUS eshte akaricid kontakt prandaj duhet te bejme kujdes te lagim mire dhe ne menyre uniforme te gjithe masen vegjetative .<br \/>\n<\/span><\/p>\n<p>[\/vc_message][\/vc_column][\/vc_row][vc_row][vc_column][vc_custom_heading text=&#8221;Ndikim n\u00eb ekosistem&#8221; font_container=&#8221;tag:h2|text_align:center|color:%23f79468&#8243; google_fonts=&#8221;font_family:Merienda%3Aregular%2C700|font_style:400%20regular%3A400%3Anormal&#8221;][vc_empty_space height=&#8221;22px&#8221;][\/vc_column][\/vc_row][vc_row][vc_column][vc_message message_box_color=&#8221;orange&#8221;]<\/p>\n<p style=\"text-align: center;\"><span style=\"color: #000000;\">Eshte helmues per insektet e dobishme, kafshet shtepiake, peshqit dhe kafshet e egra. Mos ndotni basenet, pellgjet dhe ruget e ujit me produktin ose ambalazhin bosh.<\/span><\/p>\n<p>[\/vc_message][\/vc_column][\/vc_row]<\/p>\n<\/div>","protected":false},"excerpt":{"rendered":"<p>[vc_row full_width=&#8221;stretch_row_content&#8221;][vc_column width=&#8221;1\/6&#8243;][vc_single_image image=&#8221;54&#8243; img_size=&#8221;full&#8221; alignment=&#8221;right&#8221; image_hovers=&#8221;false&#8221;][\/vc_column][vc_column width=&#8221;2\/3&#8243;][vc_column_text] ORTUS eshte akaricid i ri i cili dallohet per spektirin e gjere ne luftimit fazat e levizeshme te kepushave fitofage tetranikide, tarsonemide dhe eriofide. Karakterizohet nga veprimi i shpejte (knockdown effect) dhe i zgjatur nepermjet kntaktit dhe ngrenies,duke shkaktuar ngordhjen ne mase brenda nje dite. Ne doza&hellip;<\/p>\n","protected":false},"author":2,"featured_media":0,"parent":0,"menu_order":0,"comment_status":"closed","ping_status":"closed","template":"","meta":{"footnotes":""},"class_list":["post-274","page","type-page","status-publish","hentry","description-off"],"_links":{"self":[{"href":"https:\/\/agrohelp.al\/index.php\/wp-json\/wp\/v2\/pages\/274","targetHints":{"allow":["GET"]}}],"collection":[{"href":"https:\/\/agrohelp.al\/index.php\/wp-json\/wp\/v2\/pages"}],"about":[{"href":"https:\/\/agrohelp.al\/index.php\/wp-json\/wp\/v2\/types\/page"}],"author":[{"embeddable":true,"href":"https:\/\/agrohelp.al\/index.php\/wp-json\/wp\/v2\/users\/2"}],"replies":[{"embeddable":true,"href":"https:\/\/agrohelp.al\/index.php\/wp-json\/wp\/v2\/comments?post=274"}],"version-history":[{"count":2,"href":"https:\/\/agrohelp.al\/index.php\/wp-json\/wp\/v2\/pages\/274\/revisions"}],"predecessor-version":[{"id":618,"href":"https:\/\/agrohelp.al\/index.php\/wp-json\/wp\/v2\/pages\/274\/revisions\/618"}],"wp:attachment":[{"href":"https:\/\/agrohelp.al\/index.php\/wp-json\/wp\/v2\/media?parent=274"}],"curies":[{"name":"wp","href":"https:\/\/api.w.org\/{rel}","templated":true}]}}