{"id":289,"date":"2019-02-14T15:30:08","date_gmt":"2019-02-14T15:30:08","guid":{"rendered":"https:\/\/agrohelp.al\/?page_id=289"},"modified":"2025-06-13T09:03:55","modified_gmt":"2025-06-13T09:03:55","slug":"polithiol-bio","status":"publish","type":"page","link":"https:\/\/agrohelp.al\/index.php\/polithiol-bio\/","title":{"rendered":"POLITHIOL\u00ae (Bio!)"},"content":{"rendered":"<div class=\"wpb-content-wrapper\"><p>[vc_row full_width=&#8221;stretch_row_content&#8221;][vc_column width=&#8221;1\/6&#8243;][vc_single_image image=&#8221;54&#8243; img_size=&#8221;full&#8221; alignment=&#8221;right&#8221; image_hovers=&#8221;false&#8221;][\/vc_column][vc_column width=&#8221;2\/3&#8243;][vc_column_text]<\/p>\n<p style=\"text-align: center;\"><span style=\"color: #000000;\">Eshte nje produkt specifik me baze vajrash minerale i cili perdoret ne trajtimet dimerore per luftimin e fazave dimeruese te mjaft insekteve si breshkezat, kepushat, tripset, afidet, si dhe semundjeve kepurdhore si monilies, fleteperdredheses, hirit etj.<\/span><\/p>\n<p>[\/vc_column_text][\/vc_column][vc_column width=&#8221;1\/6&#8243;][\/vc_column][\/vc_row][vc_row][vc_column width=&#8221;1\/4&#8243;][\/vc_column][vc_column width=&#8221;1\/2&#8243;]<div id=\"ult-carousel-305929232669fdd21e8a3e9\" class=\"ult-carousel-wrapper   ult_horizontal\" data-gutter=\"15\" data-rtl=\"false\" ><div class=\"ult-carousel-406848665269fdd21e8a2ed \" >[vc_single_image image=&#8221;242&#8243; img_size=&#8221;104 \u00d7 104&#8243; alignment=&#8221;center&#8221; image_hovers=&#8221;false&#8221;][vc_single_image image=&#8221;248&#8243; img_size=&#8221;104 \u00d7 104&#8243; alignment=&#8221;center&#8221; image_hovers=&#8221;false&#8221;][vc_single_image image=&#8221;164&#8243; img_size=&#8221;104 \u00d7 104&#8243; alignment=&#8221;center&#8221; image_hovers=&#8221;false&#8221;][vc_single_image image=&#8221;241&#8243; img_size=&#8221;104 \u00d7 104&#8243; alignment=&#8221;center&#8221; image_hovers=&#8221;false&#8221;]<\/div><\/div>\t\t\t<script type=\"text\/javascript\">\n\t\t\t\tjQuery(document).ready(function ($) {\n\t\t\t\t\tif( typeof jQuery('.ult-carousel-406848665269fdd21e8a2ed').slick == \"function\"){\n\t\t\t\t\t\t$('.ult-carousel-406848665269fdd21e8a2ed').slick({dots: false,autoplay: true,autoplaySpeed: \"2000\",speed: \"2000\",infinite: true,arrows: false,slidesToScroll:4,slidesToShow:4,swipe: true,draggable: true,touchMove: true,pauseOnHover: true,pauseOnFocus: false,responsive: [\n\t\t\t\t\t\t\t{\n\t\t\t\t\t\t\t  breakpoint: 1026,\n\t\t\t\t\t\t\t  settings: {\n\t\t\t\t\t\t\t\tslidesToShow: 4,\n\t\t\t\t\t\t\t\tslidesToScroll: 4,  \n\t\t\t\t\t\t\t  }\n\t\t\t\t\t\t\t},\n\t\t\t\t\t\t\t{\n\t\t\t\t\t\t\t  breakpoint: 1025,\n\t\t\t\t\t\t\t  settings: {\n\t\t\t\t\t\t\t\tslidesToShow: 1,\n\t\t\t\t\t\t\t\tslidesToScroll: 1\n\t\t\t\t\t\t\t  }\n\t\t\t\t\t\t\t},\n\t\t\t\t\t\t\t{\n\t\t\t\t\t\t\t  breakpoint: 760,\n\t\t\t\t\t\t\t  settings: {\n\t\t\t\t\t\t\t\tslidesToShow: 1,\n\t\t\t\t\t\t\t\tslidesToScroll: 1\n\t\t\t\t\t\t\t  }\n\t\t\t\t\t\t\t}\n\t\t\t\t\t\t],pauseOnDotsHover: true,customPaging: function(slider, i) {\n                   return '<i type=\"button\" style= \"color:#333333;\" class=\"ultsl-record\" data-role=\"none\"><\/i>';\n                },});\n\t\t\t\t\t}\n\t\t\t\t});\n\t\t\t<\/script>\n\t\t\t[\/vc_column][vc_column width=&#8221;1\/4&#8243;][\/vc_column][\/vc_row][vc_row][vc_column][vc_empty_space height=&#8221;25px&#8221;]<div class=\"standard-arrow list-divider bullet-top\"><ul>\n<li><span style=\"color: #ea8d35;\"><strong>Permbajtja<\/strong><\/span> :\u00a0400 gr\/liter vaj mineral ultra i rafinuar +100 g\/lit polisulfure<\/li>\n<li><span style=\"color: #ea8d35;\"><strong>Formulimi <\/strong><\/span>: Koncentrat i emulsionueshem<\/li>\n<li><span style=\"color: #3366ff;\"><span style=\"color: #ea8d35;\"><strong>Karenca<\/strong>\u00a0<\/span><span style=\"color: #000000;\">: Nuk aplikohet<\/span><\/span><span style=\"color: #000000;\"><br \/>\n<\/span><\/li>\n<\/ul>\n<\/div>[\/vc_column][\/vc_row][vc_row][vc_column][vc_custom_heading text=&#8221;P\u00ebrdorimi&#8221; font_container=&#8221;tag:h2|text_align:center|color:%23ea8d35&#8243; google_fonts=&#8221;font_family:Merienda%3Aregular%2C700|font_style:400%20regular%3A400%3Anormal&#8221;][vc_empty_space height=&#8221;22px&#8221;][\/vc_column][\/vc_row][vc_row][vc_column][vc_tta_tabs color=&#8221;sandy-brown&#8221; spacing=&#8221;3&#8243; gap=&#8221;3&#8243; active_section=&#8221;1&#8243;][vc_tta_section title=&#8221;PEME FRUTORE FARORE &amp; BERTHAMORE&#8221; tab_id=&#8221;1549981049149-80da51b1-b38043a9-127c67d1-6b4e&#8221;][vc_column_text]<\/p>\n<p style=\"text-align: justify;\"><span style=\"color: #000000;\">Per luftimin e formave dimerore te Kepushave Tetranikide dhe Eriofide, Cikadave, Breshkezave, Tripseve, Vezeve te lepidoptereve, Hirit, Monilies dhe Fleteperdredheses. Trajtimet kryhen gjate periudhes se qetesise vegjetative duke preferuar fazen e fryrjes se sythave. Doza e perdorimit 5 liter per 100 liter uje.<br \/>\n<\/span><\/p>\n<p>[\/vc_column_text][\/vc_tta_section][vc_tta_section title=&#8221;VRESHTA&#8221; tab_id=&#8221;1549981356521-b7b06a28-474543a9-127c67d1-6b4e&#8221;][vc_column_text]<\/p>\n<p style=\"text-align: justify;\"><span style=\"color: #000000;\">Per luftimin e formave dimerore te Kepushave Tetranikide dhe Eriofide, Cikadave, Breshkezave, Tripseve, Vezeve te tenjes, Hirit. Trajtimet jane me efikase kur kryhen gjate periudhes se fryrjes dhe pushezimit te sythave. Doza e perdorimit 5 liter per 100 liter uje.<br \/>\n<\/span><\/p>\n<p>[\/vc_column_text][\/vc_tta_section][\/vc_tta_tabs][\/vc_column][\/vc_row][vc_row][vc_column][vc_custom_heading text=&#8221;V\u00ebrejtje p\u00ebr p\u00ebrdorimin&#8221; font_container=&#8221;tag:h2|text_align:center|color:%23ea8d35&#8243; google_fonts=&#8221;font_family:Merienda%3Aregular%2C700|font_style:400%20regular%3A400%3Anormal&#8221;][vc_empty_space height=&#8221;22px&#8221;][\/vc_column][\/vc_row][vc_row][vc_column][vc_message message_box_color=&#8221;orange&#8221; icon_fontawesome=&#8221;fa fa-exclamation-triangle&#8221;]<\/p>\n<p style=\"text-align: center;\"><span style=\"color: #000000;\">Perzihet me Bordolezin Dispers dhe insekticidet fosforganike. Nuk eshte helmues per bletet dhe zogjte. Ruhet ne vende te mbrojtura nga dielli e lageshtia dhe ne ambalazhin origjinal.<\/span><\/p>\n<p>[\/vc_message][\/vc_column][\/vc_row]<\/p>\n<\/div>","protected":false},"excerpt":{"rendered":"<p>[vc_row full_width=&#8221;stretch_row_content&#8221;][vc_column width=&#8221;1\/6&#8243;][vc_single_image image=&#8221;54&#8243; img_size=&#8221;full&#8221; alignment=&#8221;right&#8221; image_hovers=&#8221;false&#8221;][\/vc_column][vc_column width=&#8221;2\/3&#8243;][vc_column_text] Eshte nje produkt specifik me baze vajrash minerale i cili perdoret ne trajtimet dimerore per luftimin e fazave dimeruese te mjaft insekteve si breshkezat, kepushat, tripset, afidet, si dhe semundjeve kepurdhore si monilies, fleteperdredheses, hirit etj. [\/vc_column_text][\/vc_column][vc_column width=&#8221;1\/6&#8243;][\/vc_column][\/vc_row][vc_row][vc_column width=&#8221;1\/4&#8243;][\/vc_column][vc_column width=&#8221;1\/2&#8243;][\/vc_column][vc_column width=&#8221;1\/4&#8243;][\/vc_column][\/vc_row][vc_row][vc_column][vc_empty_space height=&#8221;25px&#8221;][\/vc_column][\/vc_row][vc_row][vc_column][vc_custom_heading text=&#8221;P\u00ebrdorimi&#8221; font_container=&#8221;tag:h2|text_align:center|color:%23ea8d35&#8243; google_fonts=&#8221;font_family:Merienda%3Aregular%2C700|font_style:400%20regular%3A400%3Anormal&#8221;][vc_empty_space height=&#8221;22px&#8221;][\/vc_column][\/vc_row][vc_row][vc_column][vc_tta_tabs color=&#8221;sandy-brown&#8221;&hellip;<\/p>\n","protected":false},"author":2,"featured_media":0,"parent":0,"menu_order":0,"comment_status":"closed","ping_status":"closed","template":"","meta":{"footnotes":""},"class_list":["post-289","page","type-page","status-publish","hentry","description-off"],"_links":{"self":[{"href":"https:\/\/agrohelp.al\/index.php\/wp-json\/wp\/v2\/pages\/289","targetHints":{"allow":["GET"]}}],"collection":[{"href":"https:\/\/agrohelp.al\/index.php\/wp-json\/wp\/v2\/pages"}],"about":[{"href":"https:\/\/agrohelp.al\/index.php\/wp-json\/wp\/v2\/types\/page"}],"author":[{"embeddable":true,"href":"https:\/\/agrohelp.al\/index.php\/wp-json\/wp\/v2\/users\/2"}],"replies":[{"embeddable":true,"href":"https:\/\/agrohelp.al\/index.php\/wp-json\/wp\/v2\/comments?post=289"}],"version-history":[{"count":3,"href":"https:\/\/agrohelp.al\/index.php\/wp-json\/wp\/v2\/pages\/289\/revisions"}],"predecessor-version":[{"id":1262,"href":"https:\/\/agrohelp.al\/index.php\/wp-json\/wp\/v2\/pages\/289\/revisions\/1262"}],"wp:attachment":[{"href":"https:\/\/agrohelp.al\/index.php\/wp-json\/wp\/v2\/media?parent=289"}],"curies":[{"name":"wp","href":"https:\/\/api.w.org\/{rel}","templated":true}]}}