{"id":298,"date":"2019-02-14T15:33:34","date_gmt":"2019-02-14T15:33:34","guid":{"rendered":"https:\/\/agrohelp.al\/?page_id=298"},"modified":"2025-06-13T09:04:54","modified_gmt":"2025-06-13T09:04:54","slug":"quickphos","status":"publish","type":"page","link":"https:\/\/agrohelp.al\/index.php\/quickphos\/","title":{"rendered":"QUICKPHOS\u00ae"},"content":{"rendered":"<div class=\"wpb-content-wrapper\"><p>[vc_row full_width=&#8221;stretch_row_content&#8221;][vc_column width=&#8221;1\/6&#8243;][vc_single_image image=&#8221;54&#8243; img_size=&#8221;full&#8221; alignment=&#8221;right&#8221; image_hovers=&#8221;false&#8221;][\/vc_column][vc_column width=&#8221;2\/3&#8243;][vc_column_text]<\/p>\n<p style=\"text-align: center;\"><span style=\"color: #000000;\"><strong>QUICKPHOS<\/strong> eshte insekticid fumigant me spekter te gjere.Vepron nepermjet avujve helmues qe cliron ne kontakt me lageshtin ajrore. Shume helmues me frymemarje. Shume helmues me gelltitje. Ruhet ne ambalazhe origjinale ne vende te sigurta te mbyllura me celes dhe te pa arritshme nga femijet. Rruajeni produktin ne vende te ajrosura mire, larg prej ushqimeve, pijeve dhe ushqimeve per kafsh. Ne rast ndezje perdorni shkumat dhe pudrat speciale ose CO2. Evitoni kontaktet me syte dhe lekuren. Gjate perdorimit te tij mos ha e mos pi uje dhe duhan.Gjate punes perdor paisje mbrojtese : kominoshe, doreza, maska, syze. Pas perfundimit te punes lani duart dhe pjeset e ekspozuara te trupit.Lani paisjet mbrojtese ne perfundim te punes.<\/span><\/p>\n<p style=\"text-align: center;\"><strong>Nuk ka antidot specifik dhe i helmuari trajtohet sipas simptomave<\/strong><\/p>\n<p>[\/vc_column_text][\/vc_column][vc_column width=&#8221;1\/6&#8243;][\/vc_column][\/vc_row][vc_row][vc_column][vc_empty_space height=&#8221;25px&#8221;]<div class=\"standard-arrow list-divider bullet-top\"><ul>\n<li><span style=\"color: #ea8d35;\"><strong>Permbajtja<\/strong><\/span> : <span style=\"color: #000000;\">56% ALUMINIUM PHOSPHIDE<\/span><\/li>\n<li><span style=\"color: #ea8d35;\"><strong>Formulimi <\/strong><\/span>: <span style=\"color: #000000;\">Tableta<\/span><span style=\"color: #000000;\"><br \/>\n<\/span><\/li>\n<\/ul>\n<\/div>[\/vc_column][\/vc_row][vc_row][vc_column][vc_custom_heading text=&#8221;P\u00ebrdorimi&#8221; font_container=&#8221;tag:h2|text_align:center|color:%23ea8d35&#8243; google_fonts=&#8221;font_family:Merienda%3Aregular%2C700|font_style:400%20regular%3A400%3Anormal&#8221;][vc_empty_space height=&#8221;22px&#8221;][\/vc_column][\/vc_row][vc_row][vc_column][vc_column_text]Per luftimin e demtuesve te depove kur drithrat jane rifuxho: 2-6 tableta per ton.<br \/>\nPer luftimin e demtuesve te depove kur drithrat jane ne thase: 1-3 tableta per m<sup>3<\/sup>. Per luftimin e demtuesve te duhanit ne depo: 0.5- 1tablete per m<sup>3<\/sup>.\u00a0\u00a0 Per luftimin e demtuesve ne ushqimet e paketuara: 1- 3 tableta per m<sup>3<\/sup>\u00a0. Per dizinfektimin e depove apo mjediseve te tjera te mbyllura: 1-3 tableta per m<sup>3<\/sup>. Kohe zgjatja e trajtimit varet nga temperatura e mjedisit si me poshte:[\/vc_column_text][vc_single_image image=&#8221;302&#8243; img_size=&#8221;full&#8221; alignment=&#8221;center&#8221; onclick=&#8221;link_image&#8221; image_hovers=&#8221;false&#8221;][vc_column_text]Per te realizuar nje dizinfektim efektiv prodhimet duhet te mbulohen me plasmas ose mjete te tjera te pa pershkueshme nga gazi.<br \/>\n[\/vc_column_text][\/vc_column][\/vc_row][vc_row][vc_column][vc_custom_heading text=&#8221;V\u00ebrejtje p\u00ebr p\u00ebrdorimin&#8221; font_container=&#8221;tag:h2|text_align:center|color:%23ea8d35&#8243; google_fonts=&#8221;font_family:Merienda%3Aregular%2C700|font_style:400%20regular%3A400%3Anormal&#8221;][vc_empty_space height=&#8221;22px&#8221;][\/vc_column][\/vc_row][vc_row][vc_column][vc_message message_box_color=&#8221;orange&#8221; icon_fontawesome=&#8221;fa fa-exclamation-triangle&#8221;]<\/p>\n<p style=\"text-align: center;\"><span style=\"color: #000000;\">Perdorimi i <strong>QUICKPHOS<\/strong> eshte i lejuar vetem per persona te cilet jane te paisur me Deshmi Kualifikimi te vecant. Dhomat ose mjediset e tjera te cilat kufizohen me ambjentin qe dizinfektohet duhet te ajrosen gjithmone dhe duhet te kufizohet qendrimi ne to. Perdoruesit e ketyre mjediseve duhet te jene te informuar per rrezikun qe vjen nga dizinfektimi me <strong>QUICKPHOS<\/strong>.<\/span><\/p>\n<p>[\/vc_message][\/vc_column][\/vc_row]<\/p>\n<\/div>","protected":false},"excerpt":{"rendered":"<p>[vc_row full_width=&#8221;stretch_row_content&#8221;][vc_column width=&#8221;1\/6&#8243;][vc_single_image image=&#8221;54&#8243; img_size=&#8221;full&#8221; alignment=&#8221;right&#8221; image_hovers=&#8221;false&#8221;][\/vc_column][vc_column width=&#8221;2\/3&#8243;][vc_column_text] QUICKPHOS eshte insekticid fumigant me spekter te gjere.Vepron nepermjet avujve helmues qe cliron ne kontakt me lageshtin ajrore. Shume helmues me frymemarje. Shume helmues me gelltitje. Ruhet ne ambalazhe origjinale ne vende te sigurta te mbyllura me celes dhe te pa arritshme nga femijet. Rruajeni produktin ne&hellip;<\/p>\n","protected":false},"author":2,"featured_media":0,"parent":0,"menu_order":0,"comment_status":"closed","ping_status":"closed","template":"","meta":{"footnotes":""},"class_list":["post-298","page","type-page","status-publish","hentry","description-off"],"_links":{"self":[{"href":"https:\/\/agrohelp.al\/index.php\/wp-json\/wp\/v2\/pages\/298","targetHints":{"allow":["GET"]}}],"collection":[{"href":"https:\/\/agrohelp.al\/index.php\/wp-json\/wp\/v2\/pages"}],"about":[{"href":"https:\/\/agrohelp.al\/index.php\/wp-json\/wp\/v2\/types\/page"}],"author":[{"embeddable":true,"href":"https:\/\/agrohelp.al\/index.php\/wp-json\/wp\/v2\/users\/2"}],"replies":[{"embeddable":true,"href":"https:\/\/agrohelp.al\/index.php\/wp-json\/wp\/v2\/comments?post=298"}],"version-history":[{"count":3,"href":"https:\/\/agrohelp.al\/index.php\/wp-json\/wp\/v2\/pages\/298\/revisions"}],"predecessor-version":[{"id":1264,"href":"https:\/\/agrohelp.al\/index.php\/wp-json\/wp\/v2\/pages\/298\/revisions\/1264"}],"wp:attachment":[{"href":"https:\/\/agrohelp.al\/index.php\/wp-json\/wp\/v2\/media?parent=298"}],"curies":[{"name":"wp","href":"https:\/\/api.w.org\/{rel}","templated":true}]}}