{"id":325,"date":"2019-02-14T15:51:25","date_gmt":"2019-02-14T15:51:25","guid":{"rendered":"https:\/\/agrohelp.al\/?page_id=325"},"modified":"2025-06-13T09:15:29","modified_gmt":"2025-06-13T09:15:29","slug":"ikanos-4-od","status":"publish","type":"page","link":"https:\/\/agrohelp.al\/index.php\/ikanos-4-od\/","title":{"rendered":"IKANOS\u00ae 4 OD"},"content":{"rendered":"<div class=\"wpb-content-wrapper\"><p>[vc_row full_width=&#8221;stretch_row_content&#8221;][vc_column width=&#8221;1\/6&#8243;][vc_single_image image=&#8221;54&#8243; img_size=&#8221;full&#8221; alignment=&#8221;right&#8221; image_hovers=&#8221;false&#8221;][\/vc_column][vc_column width=&#8221;2\/3&#8243;][vc_column_text]<\/p>\n<p style=\"text-align: center;\"><span style=\"color: #000000;\"><strong>IKANOS\u00ae 4 OD<\/strong> eshte herbicid i pasmbirjes, selektiv per misrin dhe per zonat jobujqesore, thithet me shpejtesi nga gjethet. Spektri i tij i veprimit eshte shume i gjere duke luftuar barerat e keqija me te rendesishme mono dhe dikotiledone.<\/span><\/p>\n<p>[\/vc_column_text][\/vc_column][vc_column width=&#8221;1\/6&#8243;][\/vc_column][\/vc_row][vc_row][vc_column][vc_empty_space height=&#8221;25px&#8221;]<div class=\"standard-arrow list-divider bullet-top\"><ul>\n<li><span style=\"color: #7e20cc;\"><strong>Permbajtja<\/strong><\/span> : <span style=\"color: #000000;\">Dispersion vajor (OD \u2013 Oil Dispersion)<\/span><\/li>\n<li><span style=\"color: #7e20cc;\"><strong>Formulimi <\/strong><\/span>: <span style=\"color: #000000;\">40g\/l Nikosulfuron<\/span><\/li>\n<li><span style=\"color: #3366ff;\"><span style=\"color: #ea8d35;\"><span style=\"color: #7e20cc;\"><strong>Karenca<\/strong><\/span>\u00a0<\/span><span style=\"color: #000000;\">:\u00a0Nuk aplikohet. Kujdes: Ne rast perzierje me produkte te tjera, duhet te respektohet produkti me periode karence me te gjate.<\/span><\/span><span style=\"color: #000000;\"><br \/>\n<\/span><\/li>\n<\/ul>\n<\/div>[\/vc_column][\/vc_row][vc_row][vc_column width=&#8221;1\/4&#8243;][\/vc_column][vc_column width=&#8221;1\/2&#8243;]<div id=\"ult-carousel-236687082869e5d1938f4ab\" class=\"ult-carousel-wrapper   ult_horizontal\" data-gutter=\"15\" data-rtl=\"false\" ><div class=\"ult-carousel-65500940469e5d1938f3a6 \" >[vc_single_image image=&#8221;317&#8243; img_size=&#8221;104 \u00d7 104&#8243; alignment=&#8221;center&#8221; image_hovers=&#8221;false&#8221;]<\/div><\/div>\t\t\t<script type=\"text\/javascript\">\n\t\t\t\tjQuery(document).ready(function ($) {\n\t\t\t\t\tif( typeof jQuery('.ult-carousel-65500940469e5d1938f3a6').slick == \"function\"){\n\t\t\t\t\t\t$('.ult-carousel-65500940469e5d1938f3a6').slick({dots: false,autoplay: true,autoplaySpeed: \"2000\",speed: \"2000\",infinite: true,arrows: false,slidesToScroll:4,slidesToShow:4,swipe: true,draggable: true,touchMove: true,pauseOnHover: true,pauseOnFocus: false,responsive: [\n\t\t\t\t\t\t\t{\n\t\t\t\t\t\t\t  breakpoint: 1026,\n\t\t\t\t\t\t\t  settings: {\n\t\t\t\t\t\t\t\tslidesToShow: 4,\n\t\t\t\t\t\t\t\tslidesToScroll: 4,  \n\t\t\t\t\t\t\t  }\n\t\t\t\t\t\t\t},\n\t\t\t\t\t\t\t{\n\t\t\t\t\t\t\t  breakpoint: 1025,\n\t\t\t\t\t\t\t  settings: {\n\t\t\t\t\t\t\t\tslidesToShow: 1,\n\t\t\t\t\t\t\t\tslidesToScroll: 1\n\t\t\t\t\t\t\t  }\n\t\t\t\t\t\t\t},\n\t\t\t\t\t\t\t{\n\t\t\t\t\t\t\t  breakpoint: 760,\n\t\t\t\t\t\t\t  settings: {\n\t\t\t\t\t\t\t\tslidesToShow: 1,\n\t\t\t\t\t\t\t\tslidesToScroll: 1\n\t\t\t\t\t\t\t  }\n\t\t\t\t\t\t\t}\n\t\t\t\t\t\t],pauseOnDotsHover: true,customPaging: function(slider, i) {\n                   return '<i type=\"button\" style= \"color:#333333;\" class=\"ultsl-record\" data-role=\"none\"><\/i>';\n                },});\n\t\t\t\t\t}\n\t\t\t\t});\n\t\t\t<\/script>\n\t\t\t[\/vc_column][vc_column width=&#8221;1\/4&#8243;][\/vc_column][\/vc_row][vc_row][vc_column][vc_custom_heading text=&#8221;P\u00ebrdorimi&#8221; font_container=&#8221;tag:h2|text_align:center|color:%237e20cc&#8221; google_fonts=&#8221;font_family:Merienda%3Aregular%2C700|font_style:400%20regular%3A400%3Anormal&#8221;][vc_empty_space height=&#8221;22px&#8221;][\/vc_column][\/vc_row][vc_row][vc_column][vc_tta_tabs color=&#8221;violet&#8221; spacing=&#8221;3&#8243; gap=&#8221;3&#8243; alignment=&#8221;center&#8221; active_section=&#8221;1&#8243;][vc_tta_section title=&#8221;MISER&#8221; tab_id=&#8221;1549981049149-80da51b1-b38043a9-127c9917-d175d4ce-4042&#8243;][vc_column_text]<\/p>\n<p style=\"text-align: justify;\"><span style=\"color: #000000;\"><strong>Barera te keqija te ndjeshme : Graminore:<\/strong> <em>Avena spp, Agropyron repens, Alopekurus myosuroides (bishti i miut), Echinochloa crus-gali, Lolium spp, Selaria spp., Shorhum halepense me fare dhe rizome. Dikotiledone : Amaranthus spp., Ambrozia artemisifolia, Ammi maju, Bidens tripartita, Capsella bursa-pastoris, Diplotaxis erucoides, Fumaria oficinalis, Galinsoga parviflora, Matricaria cammomilla, Mercurialis annua, Picris echioides, Polygonium persicaria, Polygonium lapathifolim, Portulaca olereace, Raphanuus rapahanistrum, Rapistrum rugosum, Sinapis arvensis, Soncus olereacus, Stellarea media.<\/em><br \/>\n<strong>Barera mesatarisht te ndjeshme : Graminore<\/strong> : <em>Panicum spp., Digitaria sanguinalis Dikotiledone : Datura stramonium, Helianthus tuberosus, Phitolaca americana, Fallopia convolvulus, Solanum nigrum, Xanthium.<\/em><br \/>\n<strong>Menyra e Perdorimit:<\/strong> IKANOS\u00ae4OD perdoret pas mbirjes se misrit dhe barerave te keqija ne keto faza zhvillimi:<strong> Miser:<\/strong> Nga 2-3 deri ne 5-6 gjethe.<strong>Barerat<\/strong> dikotiledone: 2-4 gjethe. <strong>Barerat graminore<\/strong>: Nga 2 gjethe e deri ne fillim te ngritjes.<strong>Sorgumi me rizoma:<\/strong> 10-20 cm lartesi<br \/>\nTrajtimet duhet te kryhen kur misri eshte ne gjendje te mire vegjetative dhe barerat ne fazen e rritjes aktive duke evituar trajtimet ne temperatura nen 100 C dhe mbi 250 C dhe rastet e streseve hidrike. IKANOS\u00ae4OD rekomandohet te perdoret me 200-400 lit uje\/ha duke perdorur pompa me presion te ulet deri te mesem. Per pergatitjen e solucionit sperkates hidhet prdukti direkt ne botin sperkates ku me pare eshte hedhur uji i cili perzihet me perziersin e makinerise. Pasi kemi hedhur ujin ne sasine e duhur, e mbajme pompen gjithmone ne perzierje. Per te pasur nje thithje optimale te herbicidit nga gjethet e barerave, duhet qe te pakten 4 ore pas trajtimit te mos ket rene shi.<br \/>\n<strong>Doza e perdorimit ne miser:<\/strong> 1-1,5 l\/ha, doza me e vogel keshillohet ne barerat e ndjeshme dhe ne fazat e para te zhvillimit te barerave. Dozat e larta perdoren per luftimin e sorgumit me rizoma ose barerave te keqija me te zhvilluara, mesatarisht te ndjeshme.<br \/>\n<\/span><\/p>\n<p>[\/vc_column_text][\/vc_tta_section][vc_tta_section title=&#8221;PERDORIMI ME 2 DUAR 1+0.5l|ha&#8221; tab_id=&#8221;1549981356521-b7b06a28-474543a9-127c9917-d175d4ce-4042&#8243;][vc_column_text]<\/p>\n<p style=\"text-align: left;\">Perdoret ne rastin e barerave te keqija me rritje te diferencuar duke u fraksionuar hedhja e produktit ne 2 duar ne distance 7-10 dite nga njera tjetra. Per te kompletuar veprimin e IKANOS\u00ae4OD ne barerat e keqija te ndjeshme me te zhvilluara ose mesatarisht rezistente (Abutilon Theophrasti, Chenopodium spp. ) keshillohet perzierja me produkte specifike si Bromoxynil, Dicamba, Fluroxipir, 2.4-D.<\/p>\n<p>[\/vc_column_text][\/vc_tta_section][vc_tta_section title=&#8221;PERDORIM NE ZONA INDUSTRIALE, ANE RRUGE DHE HEKURUDHE&#8221; tab_id=&#8221;1549981049173-2221499d-443443a9-127c9917-d175d4ce-4042&#8243;][vc_column_text]<\/p>\n<p style=\"text-align: justify;\"><span style=\"color: #000000;\">Perdoret me dozen 1,5l\/ha kur barerat e keqija jane ne fazat e para te zhvillimit. <\/span><\/p>\n<p>[\/vc_column_text][\/vc_tta_section][\/vc_tta_tabs][\/vc_column][\/vc_row][vc_row][vc_column][vc_custom_heading text=&#8221;V\u00ebrejtje p\u00ebr p\u00ebrdorimin&#8221; font_container=&#8221;tag:h2|text_align:center|color:%237e20cc&#8221; google_fonts=&#8221;font_family:Merienda%3Aregular%2C700|font_style:400%20regular%3A400%3Anormal&#8221;][vc_empty_space height=&#8221;22px&#8221;][\/vc_column][\/vc_row][vc_row][vc_column][vc_message message_box_color=&#8221;violet&#8221; icon_fontawesome=&#8221;fa fa-exclamation-triangle&#8221;]<\/p>\n<p style=\"text-align: center;\">Sigurohuni per nje perzierje te mire te produktit me solucionin sperkates (ujin) para dhe gjate perdorimit te tij. Mos hyni ne zonat e trajtuara perpara se bimesia te jete thare nga sperkatja.<\/p>\n<p style=\"text-align: center;\"><strong>Kujdes<\/strong>\u2192 Mos e perdorni ne misrin e embel dhe ne linjat per perdorimin e fares hibride. Ne perfundim te trajtimeve lani me shume kujdes paisjet per te eliminuar cdo gjurme te preparatit ne to.<\/p>\n<p style=\"text-align: center;\"><strong>Ruajtja dhe magazinimi<\/strong> \u2192Produkti ruhet ne vende te fresketa e te thata larg rezeve direkte te diellit ne temperature 5-350C.<\/p>\n<p>[\/vc_message][\/vc_column][\/vc_row][vc_row][vc_column][vc_custom_heading text=&#8221;Ndikim n\u00eb ekosistem&#8221; font_container=&#8221;tag:h2|text_align:center|color:%237e20cc&#8221; google_fonts=&#8221;font_family:Merienda%3Aregular%2C700|font_style:400%20regular%3A400%3Anormal&#8221;][vc_empty_space height=&#8221;22px&#8221;][\/vc_column][\/vc_row][vc_row][vc_column][vc_message message_box_color=&#8221;violet&#8221;]<\/p>\n<p style=\"text-align: center;\">Eshte helmues per organizmat ujore, prandaj shmangni rjedhjet e preparatit dhe shplarjen e paisjeve te punes prane baseneve dhe ujrave te rrjedhshme.<\/p>\n<p style=\"text-align: center;\"><strong><em>Fitotoxiciteti\u2192<\/em><\/strong>\u00a0Produkti eshte fitotoksik nese perdoret ne kultura qe nuk jane permendur ne kete etikete. Evitoni trajtimet ne dite me ere per te shmangur kalimin e preparatit ne kultura te tjera. Nuk perdoret per trajtime ajrore. Evitoni ndotjen e sistemeve uitese te bujqesise dhe ujrat rjedhese ne ambjente urbane.<\/p>\n<p>[\/vc_message][\/vc_column][\/vc_row]<\/p>\n<\/div>","protected":false},"excerpt":{"rendered":"<p>[vc_row full_width=&#8221;stretch_row_content&#8221;][vc_column width=&#8221;1\/6&#8243;][vc_single_image image=&#8221;54&#8243; img_size=&#8221;full&#8221; alignment=&#8221;right&#8221; image_hovers=&#8221;false&#8221;][\/vc_column][vc_column width=&#8221;2\/3&#8243;][vc_column_text] IKANOS\u00ae 4 OD eshte herbicid i pasmbirjes, selektiv per misrin dhe per zonat jobujqesore, thithet me shpejtesi nga gjethet. Spektri i tij i veprimit eshte shume i gjere duke luftuar barerat e keqija me te rendesishme mono dhe dikotiledone. [\/vc_column_text][\/vc_column][vc_column width=&#8221;1\/6&#8243;][\/vc_column][\/vc_row][vc_row][vc_column][vc_empty_space height=&#8221;25px&#8221;][\/vc_column][\/vc_row][vc_row][vc_column width=&#8221;1\/4&#8243;][\/vc_column][vc_column width=&#8221;1\/2&#8243;][\/vc_column][vc_column width=&#8221;1\/4&#8243;][\/vc_column][\/vc_row][vc_row][vc_column][vc_custom_heading text=&#8221;P\u00ebrdorimi&#8221; font_container=&#8221;tag:h2|text_align:center|color:%237e20cc&#8221;&hellip;<\/p>\n","protected":false},"author":2,"featured_media":0,"parent":0,"menu_order":0,"comment_status":"closed","ping_status":"closed","template":"","meta":{"footnotes":""},"class_list":["post-325","page","type-page","status-publish","hentry","description-off"],"_links":{"self":[{"href":"https:\/\/agrohelp.al\/index.php\/wp-json\/wp\/v2\/pages\/325","targetHints":{"allow":["GET"]}}],"collection":[{"href":"https:\/\/agrohelp.al\/index.php\/wp-json\/wp\/v2\/pages"}],"about":[{"href":"https:\/\/agrohelp.al\/index.php\/wp-json\/wp\/v2\/types\/page"}],"author":[{"embeddable":true,"href":"https:\/\/agrohelp.al\/index.php\/wp-json\/wp\/v2\/users\/2"}],"replies":[{"embeddable":true,"href":"https:\/\/agrohelp.al\/index.php\/wp-json\/wp\/v2\/comments?post=325"}],"version-history":[{"count":5,"href":"https:\/\/agrohelp.al\/index.php\/wp-json\/wp\/v2\/pages\/325\/revisions"}],"predecessor-version":[{"id":327,"href":"https:\/\/agrohelp.al\/index.php\/wp-json\/wp\/v2\/pages\/325\/revisions\/327"}],"wp:attachment":[{"href":"https:\/\/agrohelp.al\/index.php\/wp-json\/wp\/v2\/media?parent=325"}],"curies":[{"name":"wp","href":"https:\/\/api.w.org\/{rel}","templated":true}]}}