{"id":348,"date":"2019-02-14T16:45:07","date_gmt":"2019-02-14T16:45:07","guid":{"rendered":"https:\/\/agrohelp.al\/?page_id=348"},"modified":"2025-06-13T09:16:06","modified_gmt":"2025-06-13T09:16:06","slug":"select-super","status":"publish","type":"page","link":"https:\/\/agrohelp.al\/index.php\/select-super\/","title":{"rendered":"SELECT SUPER\u00ae"},"content":{"rendered":"<div class=\"wpb-content-wrapper\"><p>[vc_row full_width=&#8221;stretch_row_content&#8221;][vc_column width=&#8221;1\/6&#8243;][vc_single_image image=&#8221;54&#8243; img_size=&#8221;full&#8221; alignment=&#8221;right&#8221; image_hovers=&#8221;false&#8221;][\/vc_column][vc_column width=&#8221;2\/3&#8243;][vc_column_text]<\/p>\n<p style=\"text-align: center;\"><span style=\"color: #000000;\"><strong>SELECT SUPER<\/strong> eshte herbicid selektiv per luftimin e barerave te keqia graminore nje dhe shume vjecare ne te gjitha kulturat bujqesore gjethegjera. Perthithet nga gjethet dhe leviz me lengjet bimore ne drejtim te zonave te rritjes se kercejve duke frenuar rritjen e tyre. Dallohet per efektin e larte edhe ndaj egjerit (Lolium perenne) dhe bishtmiut ( Alopecurus myosuroides) te cilat jane rezistente ndaj herbicidev te tjera te ketij grupi.<\/span><\/p>\n<p>[\/vc_column_text][\/vc_column][vc_column width=&#8221;1\/6&#8243;][\/vc_column][\/vc_row][vc_row][vc_column][vc_empty_space height=&#8221;25px&#8221;]<div class=\"standard-arrow list-divider bullet-top\"><ul>\n<li><span style=\"color: #7e20cc;\"><strong>Permbajtja<\/strong><\/span> :<span style=\"color: #000000;\"> 120 gr\/l Clethodim<\/span><\/li>\n<li><span style=\"color: #7e20cc;\"><strong>Formulimi <\/strong><\/span>: <span style=\"color: #000000;\">Koncentrat i emulsionueshem<\/span><\/li>\n<li><span style=\"color: #3366ff;\"><span style=\"color: #ea8d35;\"><span style=\"color: #7e20cc;\"><strong>Karenca<\/strong><\/span>\u00a0<\/span><span style=\"color: #000000;\">:<\/span><\/span><span style=\"color: #000000;\"> Nuk aplikohet<br \/>\n<\/span><\/li>\n<\/ul>\n<\/div>[\/vc_column][\/vc_row][vc_row][vc_column][vc_custom_heading text=&#8221;P\u00ebrdorimi&#8221; font_container=&#8221;tag:h2|text_align:center|color:%237e20cc&#8221; google_fonts=&#8221;font_family:Merienda%3Aregular%2C700|font_style:400%20regular%3A400%3Anormal&#8221;][vc_empty_space height=&#8221;22px&#8221;][\/vc_column][\/vc_row][vc_row][vc_column][vc_tta_tabs color=&#8221;violet&#8221; spacing=&#8221;3&#8243; gap=&#8221;3&#8243; alignment=&#8221;center&#8221; active_section=&#8221;1&#8243;][vc_tta_section title=&#8221;LUFTIM I BARERAVE TE KEQINJ GRAMINORE 1-VJECARE&#8221; tab_id=&#8221;1549981049149-80da51b1-b38043a9-127c9917-d175ae2d-53a2&#8243;][vc_column_text]<\/p>\n<p style=\"text-align: justify;\"><span style=\"color: #000000;\">Bishtmiun <em>( Alopecurus myosuroides)<\/em> tersheren <em>(Avena spp)<\/em>, melin<em> (Panicum dicotomiflorum)<\/em>, kokemadhin <em>(Phalaris spp)<\/em>, tepen the tritikale te tjera <em>(Triticum spp.),<\/em> elbin dhe elbore te tjera <em>(Hordeum spp.)<\/em>, flokezat e ndryshme <em>(Poa spp)<\/em>, baremizen <em>( Agrostis tenius)<\/em> , Bromusin<em> ( Bromus spp.)<\/em>, bishtpelezen<em> (Festuca rubra),<\/em> muharin <em>(Ecinochloa crus-galli)<\/em>,kostreven <em>(Setari spp.),<\/em> melin e pergjakur<em> (Digitaria sanguinalis)<\/em>, egjerat nje dhe shumevjecare<em> (Lolium spp.)<\/em>.<br \/>\n<\/span><\/p>\n<p>[\/vc_column_text][\/vc_tta_section][vc_tta_section title=&#8221;LUFTIM I BARERAVE TE KEQINJ GRAMINORE SHUMEVJECARE&#8221; tab_id=&#8221;1549981356521-b7b06a28-474543a9-127c9917-d175ae2d-53a2&#8243;][vc_column_text]<\/p>\n<p style=\"text-align: justify;\"><span style=\"color: #000000;\">Krisjen (Cynodon dactylon) gramin zvarites (Agropyron repens), tallen (Sorghum halepense) tersheren mjekeroshe (Avena barbata), baremizat shumevjecare (Agrostis spp.)<\/span><\/p>\n<p>[\/vc_column_text][\/vc_tta_section][vc_tta_section title=&#8221;QEPE &amp; LILACE TE TJERA&#8221; tab_id=&#8221;1549981049173-2221499d-443443a9-127c9917-d175ae2d-53a2&#8243;][vc_column_text]<\/p>\n<p style=\"text-align: justify;\"><span style=\"color: #000000;\">Rekomandohet te perdoret ne fazen e 2-6 gjetheve. <\/span><\/p>\n<p>[\/vc_column_text][\/vc_tta_section][vc_tta_section title=&#8221;NE TE GJITHA KULTURAT&#8221; tab_id=&#8221;1549981422663-b25b877e-4c2643a9-127c9917-d175ae2d-53a2&#8243;][vc_column_text]<\/p>\n<p style=\"text-align: justify;\"><span style=\"color: #000000;\">Per luftimin e graminoreve nje vjecare ne kultura te ndryshme doza e perdorimit eshte 1 liter per hektar. Per luftimin e graminoreve shumevjecare doza e perdorimit eshte 2.5 liter per hektar. Normat e rekomanduara te ujit jane 150-600 liter ne vartesi te mases vegjetative te kulturave bujesore dhe barerave te keqia.<\/span><\/p>\n<p>[\/vc_column_text][\/vc_tta_section][\/vc_tta_tabs][\/vc_column][\/vc_row][vc_row][vc_column][vc_custom_heading text=&#8221;V\u00ebrejtje p\u00ebr p\u00ebrdorimin&#8221; font_container=&#8221;tag:h2|text_align:center|color:%237e20cc&#8221; google_fonts=&#8221;font_family:Merienda%3Aregular%2C700|font_style:400%20regular%3A400%3Anormal&#8221;][vc_empty_space height=&#8221;22px&#8221;][\/vc_column][\/vc_row][vc_row][vc_column][vc_message message_box_color=&#8221;violet&#8221; icon_fontawesome=&#8221;fa fa-exclamation-triangle&#8221;]<\/p>\n<p style=\"text-align: center;\">Rezultatet me te mira i jep kur barerat e keqia jane ne fazen e rritjes se shpejet pra nga tre gjethet deri ne ngritje, si dhe kur toka ka lageshti optimale per zhvilimin e bimesise. SELECT SUPER cfaq efektin maksimal kur temperatura ajrore eshte 80-250 C dhe lageshtia ajrore 65-95%.<\/p>\n<p>[\/vc_message][\/vc_column][\/vc_row][vc_row][vc_column][vc_custom_heading text=&#8221;Ndikim n\u00eb ekosistem&#8221; font_container=&#8221;tag:h2|text_align:center|color:%237e20cc&#8221; google_fonts=&#8221;font_family:Merienda%3Aregular%2C700|font_style:400%20regular%3A400%3Anormal&#8221;][vc_empty_space height=&#8221;22px&#8221;][\/vc_column][\/vc_row][vc_row][vc_column][vc_message message_box_color=&#8221;violet&#8221;]<\/p>\n<p style=\"text-align: center;\"><span style=\"color: #000000;\">Nuk eshte helmues per bletet, Eshte helmues per peshqit. Mos ndotni basenet, pellgjet dhe ujrat e rjedheshme me produktin ose ambalazhin bosh. Helmues per insektet e dobishme, kafshet shtepiake, dhe kafshet e egra.<\/span><\/p>\n<p>[\/vc_message][\/vc_column][\/vc_row]<\/p>\n<\/div>","protected":false},"excerpt":{"rendered":"<p>[vc_row full_width=&#8221;stretch_row_content&#8221;][vc_column width=&#8221;1\/6&#8243;][vc_single_image image=&#8221;54&#8243; img_size=&#8221;full&#8221; alignment=&#8221;right&#8221; image_hovers=&#8221;false&#8221;][\/vc_column][vc_column width=&#8221;2\/3&#8243;][vc_column_text] SELECT SUPER eshte herbicid selektiv per luftimin e barerave te keqia graminore nje dhe shume vjecare ne te gjitha kulturat bujqesore gjethegjera. Perthithet nga gjethet dhe leviz me lengjet bimore ne drejtim te zonave te rritjes se kercejve duke frenuar rritjen e tyre. Dallohet per efektin e&hellip;<\/p>\n","protected":false},"author":2,"featured_media":0,"parent":0,"menu_order":0,"comment_status":"closed","ping_status":"closed","template":"","meta":{"footnotes":""},"class_list":["post-348","page","type-page","status-publish","hentry","description-off"],"_links":{"self":[{"href":"https:\/\/agrohelp.al\/index.php\/wp-json\/wp\/v2\/pages\/348","targetHints":{"allow":["GET"]}}],"collection":[{"href":"https:\/\/agrohelp.al\/index.php\/wp-json\/wp\/v2\/pages"}],"about":[{"href":"https:\/\/agrohelp.al\/index.php\/wp-json\/wp\/v2\/types\/page"}],"author":[{"embeddable":true,"href":"https:\/\/agrohelp.al\/index.php\/wp-json\/wp\/v2\/users\/2"}],"replies":[{"embeddable":true,"href":"https:\/\/agrohelp.al\/index.php\/wp-json\/wp\/v2\/comments?post=348"}],"version-history":[{"count":4,"href":"https:\/\/agrohelp.al\/index.php\/wp-json\/wp\/v2\/pages\/348\/revisions"}],"predecessor-version":[{"id":1276,"href":"https:\/\/agrohelp.al\/index.php\/wp-json\/wp\/v2\/pages\/348\/revisions\/1276"}],"wp:attachment":[{"href":"https:\/\/agrohelp.al\/index.php\/wp-json\/wp\/v2\/media?parent=348"}],"curies":[{"name":"wp","href":"https:\/\/api.w.org\/{rel}","templated":true}]}}