{"id":410,"date":"2019-02-15T09:03:19","date_gmt":"2019-02-15T09:03:19","guid":{"rendered":"https:\/\/agrohelp.al\/?page_id=410"},"modified":"2019-02-15T14:26:07","modified_gmt":"2019-02-15T14:26:07","slug":"boratec","status":"publish","type":"page","link":"https:\/\/agrohelp.al\/index.php\/boratec\/","title":{"rendered":"BORATEC\u00ae"},"content":{"rendered":"<div class=\"wpb-content-wrapper\"><p>[vc_row][vc_column][vc_custom_heading text=&#8221;PLEH I L\u00cbNGSH\u00cbM ME P\u00cbRMBAJTJE T\u00cb LART\u00cb BORI ME AMINOACIDE&#8221; font_container=&#8221;tag:h4|text_align:center|color:%23ffffff&#8221; google_fonts=&#8221;font_family:Roboto%3A100%2C100italic%2C300%2C300italic%2Cregular%2Citalic%2C500%2C500italic%2C700%2C700italic%2C900%2C900italic|font_style:500%20bold%20regular%3A500%3Anormal&#8221; css=&#8221;.vc_custom_1550220969176{background-color: #43932d !important;}&#8221;][vc_column_text]<\/p>\n<p style=\"text-align: center;\"><span style=\"color: #000000;\"><strong>BORATEC<\/strong> eshte produkt ne gjendje te lenget me permbajtje te larte bori per te korigjuar mungesen e ketij mikroelementi ne bime. BORATEC eshte pregatitur posacerisht per trajtimet gjethore por mund te perdoret edhe ne toke.<\/span><\/p>\n<p>[\/vc_column_text][\/vc_column][\/vc_row][vc_row][vc_column width=&#8221;1\/3&#8243;][vc_single_image image=&#8221;374&#8243; img_size=&#8221;full&#8221; style=&#8221;vc_box_border&#8221; border_color=&#8221;green&#8221; image_hovers=&#8221;false&#8221;][\/vc_column][vc_column width=&#8221;2\/3&#8243;]<div class=\"standard-arrow list-divider bullet-top\"><ul>\n<li><span style=\"color: #43932d;\">Permbajtja :<\/span><\/li>\n<li><span style=\"color: #000000;\">Bor (B) i treteshem ne uje\u00a0ne lidhje etanolamine : 15.4% w\/v (11% w\/w).<\/span><\/li>\n<li><span style=\"color: #000000;\">Leng I treteshem (SL)<\/span><\/li>\n<li><span style=\"color: #000000;\">pH: 7,5<\/span><\/li>\n<li><span style=\"color: #000000;\">Ngjyra : E verdhe.<\/span><\/li>\n<\/ul>\n<\/div>[\/vc_column][\/vc_row][vc_row][vc_column][vc_custom_heading text=&#8221;Avantazhet&#8221; font_container=&#8221;tag:h2|text_align:center|color:%2343932d&#8221; google_fonts=&#8221;font_family:Merienda%3Aregular%2C700|font_style:400%20regular%3A400%3Anormal&#8221;][vc_column_text]<span style=\"color: #000000;\"><strong>BOR \u2013 ETANOLAMINE: KOMBINIM ME EFEKTIVITET TE LARTE<\/strong><\/span><br \/>\n<span style=\"color: #000000;\">ETANOLAMINA eshte nje agjent bashkeveprues i cili nxit thithjen e borit nga gjethet dhe qarkullimin e tije ne brendesi te bimes ne nje kohe te shpejte BORATEC korigjon difekte qe vijne nga mungesa e borit ne bime duke stimuluar proceset fiziologjike qe shkaktpojne keto difekte si :<\/span>[\/vc_column_text][vc_empty_space height=&#8221;22px&#8221;][\/vc_column][\/vc_row][vc_row][vc_column]<div class=\"standard-arrow list-divider bullet-top\"><ul>\n<li><span style=\"color: #000000;\">Nxit lulezimin, polenizimin dhe zhvillimin e frutave<\/span><\/li>\n<li><span style=\"color: #000000;\">Rrit cilesine e frutave e vecanerisht aftesite magazinuese<\/span><\/li>\n<li><span style=\"color: #000000;\">Stimulon rritjen vegjetative si te rrenjeve ashtu edhe te gjetheve<\/span><\/li>\n<li><span style=\"color: #000000;\">Rrit rezistencen ndaj semundjeve kepurdhore<\/span><\/li>\n<li><span style=\"color: #000000;\">Tek frutrrenjore rit rezistencen e frutave nga kalbeziment, nga zgavrimi I frutit dhe shton permbajtjen e sheqerit.<\/span><\/li>\n<\/ul>\n<\/div>[\/vc_column][\/vc_row][vc_row][vc_column][vc_custom_heading text=&#8221;Perdorimi&#8221; font_container=&#8221;tag:h2|text_align:center|color:%2343932d&#8221; google_fonts=&#8221;font_family:Merienda%3Aregular%2C700|font_style:400%20regular%3A400%3Anormal&#8221;][vc_empty_space height=&#8221;22px&#8221;][\/vc_column][\/vc_row][vc_row][vc_column][vc_tta_tabs color=&#8221;green&#8221; alignment=&#8221;center&#8221; active_section=&#8221;1&#8243;][vc_tta_section title=&#8221;TRANGULL, PJEPER, SHALQIN&#8221; tab_id=&#8221;1550221239347-f64e0dcb-cd9f&#8221;][vc_column_text]<span style=\"color: #000000;\">Kungulloret kane kerkesa te medhe per Bor. Bori transportohet kryesisht nepermjet ksilemes keshtu qe nuk egziston mundesia te transportohet nga gjethet e vjetra tek te rejat. Per kete arsye nevoiten trajtime te shpeshta me Bor sa here kemi vegjetacion te ri. Shenjat e para te mungeses se borit ne kungullore dallohen tek gjethet e reja te cilat kane ngjyre te zbet ne anet e tyre. Sythat e majes ngelen te pa zhvilluar.Frutat formojne zbardhje ne forme dregezash te ngjashme me simptomat e infeksioneve nga trips, humbasin shijen dhe cilesine. Per kete arsye tek kungulloret kerkohen trajtime te shpeshta me Bor sa here kemi vegjetacion te ri. Kjo garanton zhvillim normal te bimes, fruta te bolleshem dhe te pa deformuar.<\/span>[\/vc_column_text][\/vc_tta_section][vc_tta_section title=&#8221;SALLATE&#8221; tab_id=&#8221;1550221239375-5abb1dd1-06fe&#8221;][vc_column_text]<span style=\"color: #000000;\">Se bashku me mungesen e Kalcumit shkaktojne tharjen e aneve te gjetheve dhe deformimin e gjetheve te reja.<\/span>[\/vc_column_text][\/vc_tta_section][vc_tta_section title=&#8221;PEME FRUTORE&#8221; tab_id=&#8221;1550221291322-c2184836-c6cb&#8221;][vc_column_text]<span style=\"color: #000000;\">Vecanerisht tek mollet dhe dardhat redukton lulezimin, lidhjen e frutave dhe rezimin a parakoheshem. Simptoma me tipike ne frut jane njollat e tapezuara, lekure e ashper dhe me carje.<\/span>[\/vc_column_text][\/vc_tta_section][vc_tta_section title=&#8221;DOMATE&#8221; tab_id=&#8221;1550221311355-97df5557-8644&#8243;][vc_column_text]<span style=\"color: #000000;\">Shenjat e para i jep me cfaqie te korozave ne anete gjetheve e reja te cilat ne rastet e mungesave serioze te Borit behen kafe dhe nekrotike. Gjat periudhes se lulezimit shkakton abortin e luleve dhe deformimin e frutave. Frutat mund te cahen ose zgavrohen nga brenda dhe nuk piqen uniformisht. Doza e perdorimit : 100 -200 ml\/dynym. Trajtimi ipare para hapjes se lules , trajtimi i dyte pas lidhje se kokres.<\/span>[\/vc_column_text][\/vc_tta_section][vc_tta_section title=&#8221;VRESHTA&#8221; tab_id=&#8221;1550221325849-072dfbe7-a4dd&#8221;][vc_column_text]<span style=\"color: #000000;\">Mungesa e borit te vreshti manifestohet me zverdhje te cregullta te gjetheve, shkurtim te nyjeve, tharje te sythave te majes. Ne veshul mungesa e borit shkakton lidhje te dobet te veshulit, dizuniformitet te kokrave ne veshul.pjekje te parakoheshme, nivel te ulet te sheqerit . Doza e perdorimit : 300 -400 ml\/dy e fraksionuar ne tre trajtime. Trajtimi i pare ne diferencimin e veshulit , trajtimi i dyte me cfaqien e butonave lulore, trajtimi i trete pas lidhje se kokres.<\/span>[\/vc_column_text][\/vc_tta_section][vc_tta_section title=&#8221;ULLI&#8221; tab_id=&#8221;1550221345435-28743330-ca74&#8243;][vc_column_text]<span style=\"color: #000000;\">Konsiderohet nje kukture Bordashese vecanerisht ne periudhen e frutifikimit. Doza e perdorimit : 300 ml\/dy, e fraksionuar ne tre trajtime : Trajtimi i pare ne diferencimin e lules, trajtimi i dyte me cfaqien e butonave lulore, trajtimi i trete pas lidhje se kokres.<\/span>[\/vc_column_text][\/vc_tta_section][\/vc_tta_tabs][\/vc_column][\/vc_row]<\/p>\n<\/div>","protected":false},"excerpt":{"rendered":"<p>[vc_row][vc_column][vc_custom_heading text=&#8221;PLEH I L\u00cbNGSH\u00cbM ME P\u00cbRMBAJTJE T\u00cb LART\u00cb BORI ME AMINOACIDE&#8221; font_container=&#8221;tag:h4|text_align:center|color:%23ffffff&#8221; google_fonts=&#8221;font_family:Roboto%3A100%2C100italic%2C300%2C300italic%2Cregular%2Citalic%2C500%2C500italic%2C700%2C700italic%2C900%2C900italic|font_style:500%20bold%20regular%3A500%3Anormal&#8221; css=&#8221;.vc_custom_1550220969176{background-color: #43932d !important;}&#8221;][vc_column_text] BORATEC eshte produkt ne gjendje te lenget me permbajtje te larte bori per te korigjuar mungesen e ketij mikroelementi ne bime. BORATEC eshte pregatitur posacerisht per trajtimet gjethore por mund te perdoret edhe ne toke. [\/vc_column_text][\/vc_column][\/vc_row][vc_row][vc_column width=&#8221;1\/3&#8243;][vc_single_image image=&#8221;374&#8243; img_size=&#8221;full&#8221;&hellip;<\/p>\n","protected":false},"author":2,"featured_media":0,"parent":0,"menu_order":0,"comment_status":"closed","ping_status":"closed","template":"","meta":{"footnotes":""},"class_list":["post-410","page","type-page","status-publish","hentry","description-off"],"_links":{"self":[{"href":"https:\/\/agrohelp.al\/index.php\/wp-json\/wp\/v2\/pages\/410","targetHints":{"allow":["GET"]}}],"collection":[{"href":"https:\/\/agrohelp.al\/index.php\/wp-json\/wp\/v2\/pages"}],"about":[{"href":"https:\/\/agrohelp.al\/index.php\/wp-json\/wp\/v2\/types\/page"}],"author":[{"embeddable":true,"href":"https:\/\/agrohelp.al\/index.php\/wp-json\/wp\/v2\/users\/2"}],"replies":[{"embeddable":true,"href":"https:\/\/agrohelp.al\/index.php\/wp-json\/wp\/v2\/comments?post=410"}],"version-history":[{"count":3,"href":"https:\/\/agrohelp.al\/index.php\/wp-json\/wp\/v2\/pages\/410\/revisions"}],"predecessor-version":[{"id":626,"href":"https:\/\/agrohelp.al\/index.php\/wp-json\/wp\/v2\/pages\/410\/revisions\/626"}],"wp:attachment":[{"href":"https:\/\/agrohelp.al\/index.php\/wp-json\/wp\/v2\/media?parent=410"}],"curies":[{"name":"wp","href":"https:\/\/api.w.org\/{rel}","templated":true}]}}