{"id":418,"date":"2019-02-15T09:22:24","date_gmt":"2019-02-15T09:22:24","guid":{"rendered":"https:\/\/agrohelp.al\/?page_id=418"},"modified":"2019-02-15T14:25:58","modified_gmt":"2019-02-15T14:25:58","slug":"decco-blue","status":"publish","type":"page","link":"https:\/\/agrohelp.al\/index.php\/decco-blue\/","title":{"rendered":"DECCO BLUE"},"content":{"rendered":"<div class=\"wpb-content-wrapper\"><p>[vc_row][vc_column][vc_custom_heading text=&#8221;USHQYES KRISTALORE PASURUARA ME EKSTRAKTE ALGASH&#8221; font_container=&#8221;tag:h4|text_align:center|color:%23ffffff&#8221; google_fonts=&#8221;font_family:Roboto%3A100%2C100italic%2C300%2C300italic%2Cregular%2Citalic%2C500%2C500italic%2C700%2C700italic%2C900%2C900italic|font_style:500%20bold%20regular%3A500%3Anormal&#8221; css=&#8221;.vc_custom_1550221959724{background-color: #43932d !important;}&#8221;][vc_empty_space height=&#8221;12px&#8221;][vc_column_text]<span style=\"color: #000000;\"><strong>DECCOHYDRO+ALGA<\/strong>, eshte nj\u00eb gam\u00eb e plot\u00eb formulimesh hidrosolubile (me nje tretshmeri totale dhe te shpejte n\u00eb uj\u00eb). Formulimi mikrokristalin permban azot (N), fosfor (P) dhe kalium (K), ne lidhje kimike te kombinuara posacerisht per uitje me pika ne kultura te ndryshme bujqesore perfaza . T\u00eb gjitha formulimet e <strong>DECCOHYDRO<\/strong> karakterizohen nga p\u00ebrmbajtja e ul\u00ebt e biuretit, ne saje te perzgjedhjes dhe pastertise se larte te lenedve te para. Kontributi i tre makroelementeve (NPK) i shoqeruar me ekstrat algash te <em>Ascophyllum nodosum<\/em> e bejne <strong>DECCOHYDRO<\/strong> nje pleh te kompletuar dhe t\u00eb p\u00ebrshtatshem p\u00ebr t\u00eb p\u00ebrmbushur jo vetem nevojat ushqyese te bimeve por edhe per tejkalimin e streseve gjat\u00eb fazave te rritjes, si stimulimi i rritjes se sistemit renjor, balancimit te pH dhe salinitetit ne toke, clirimin e lendeve ushqyese nga kompleksi thithes, stimulimin e frutifikimit dhe lidhjes si dhe rritjen e mases vegjetative mbitokesore si ne kulturat e mbjella ne sera ashtu edhe ne fushe te hapur.<\/span>[\/vc_column_text][vc_single_image image=&#8221;419&#8243; img_size=&#8221;full&#8221; alignment=&#8221;center&#8221; image_hovers=&#8221;false&#8221;][\/vc_column][\/vc_row][vc_row][vc_column][vc_custom_heading text=&#8221;Doza dhe menyrat e perdorimit&#8221; font_container=&#8221;tag:h2|text_align:center|color:%2343932d&#8221; google_fonts=&#8221;font_family:Merienda%3Aregular%2C700|font_style:400%20regular%3A400%3Anormal&#8221;][vc_empty_space height=&#8221;22px&#8221;][\/vc_column][\/vc_row][vc_row][vc_column][vc_tta_tabs color=&#8221;green&#8221; alignment=&#8221;center&#8221; active_section=&#8221;1&#8243;][vc_tta_section title=&#8221;ME UJITJEN ME PIKA&#8221; tab_id=&#8221;1550222446138-425547cf-42aa&#8221;][vc_column_text]<span style=\"color: #000000;\">Doza totale e p\u00ebrdorimit eshte 8-10 kg\/ dynym n\u00eb jav\u00eb, e ndare ne disa duar. Numri i aplikimeve dhe sasia e perdorimit per bime eshte ne vartesi te kultures, fazes vegjetative dhe permbajtjes se elementeve ushqyes ne toke. Perqendrimi ne solucionin pleherues-vadites rekomandohet 1-2 gr\/liter uje.<\/span>[\/vc_column_text][\/vc_tta_section][vc_tta_section title=&#8221;NE PROGRAMET E USHQIMIT GJETHOR&#8221; tab_id=&#8221;1550222446159-65777608-d562&#8243;][vc_column_text]<span style=\"color: #000000;\">200-300gr per 100 litra uje.Koha dhe numri i trajtimeve eshte ne vartesi te nevojave te bimeve apo intensitetitte dukurive te te karences se elemnteve ushqyse.<\/span>[\/vc_column_text][\/vc_tta_section][\/vc_tta_tabs][\/vc_column][\/vc_row][vc_row][vc_column][vc_column_text]<span style=\"color: #000000;\"><em>* ASCHOPHYLLUM NODOSUM eshte nje alge me permasa te medhaja qe rritet ne thellesi te ujrave te ftohta te detit te veriu (Irlande, Skoci, Norvegji). Duke qene nje organizem bimor i cili rritet ne kushtete e nje pranie minimale te drites, oksigjenit, gazit karbonik dhe ngrohtesise ajo eshte pershatur ne rrugen e saje evolutive te mbijeteses duke kompesuar keto mangesi nepermjet sistetizimit ne sasi te bolleshme te mjafte lendeve kimike te rendesishme per procesin jetesor te organizmave bimore tokesore me klorofile si citokinine, auksine, giberiline, betaine, manitol, acide organike, polisakaride, aminoacide, proteina, si dhe mikro dhe makroelemente.Sot ekstraktimi i ketyre lendeve prej A.nodosum dhe perdorimi i tyre ne programet ushqyese te bimeve mbitokesore konsiderohet si nje\u201d vaksine moderne per bimet\u201d.<\/em><\/span>[\/vc_column_text][\/vc_column][\/vc_row]<\/p>\n<\/div>","protected":false},"excerpt":{"rendered":"<p>[vc_row][vc_column][vc_custom_heading text=&#8221;USHQYES KRISTALORE PASURUARA ME EKSTRAKTE ALGASH&#8221; font_container=&#8221;tag:h4|text_align:center|color:%23ffffff&#8221; google_fonts=&#8221;font_family:Roboto%3A100%2C100italic%2C300%2C300italic%2Cregular%2Citalic%2C500%2C500italic%2C700%2C700italic%2C900%2C900italic|font_style:500%20bold%20regular%3A500%3Anormal&#8221; css=&#8221;.vc_custom_1550221959724{background-color: #43932d !important;}&#8221;][vc_empty_space height=&#8221;12px&#8221;][vc_column_text]DECCOHYDRO+ALGA, eshte nj\u00eb gam\u00eb e plot\u00eb formulimesh hidrosolubile (me nje tretshmeri totale dhe te shpejte n\u00eb uj\u00eb). Formulimi mikrokristalin permban azot (N), fosfor (P) dhe kalium (K), ne lidhje kimike te kombinuara posacerisht per uitje me pika ne kultura te ndryshme bujqesore perfaza&hellip;<\/p>\n","protected":false},"author":2,"featured_media":0,"parent":0,"menu_order":0,"comment_status":"closed","ping_status":"closed","template":"","meta":{"footnotes":""},"class_list":["post-418","page","type-page","status-publish","hentry","description-off"],"_links":{"self":[{"href":"https:\/\/agrohelp.al\/index.php\/wp-json\/wp\/v2\/pages\/418","targetHints":{"allow":["GET"]}}],"collection":[{"href":"https:\/\/agrohelp.al\/index.php\/wp-json\/wp\/v2\/pages"}],"about":[{"href":"https:\/\/agrohelp.al\/index.php\/wp-json\/wp\/v2\/types\/page"}],"author":[{"embeddable":true,"href":"https:\/\/agrohelp.al\/index.php\/wp-json\/wp\/v2\/users\/2"}],"replies":[{"embeddable":true,"href":"https:\/\/agrohelp.al\/index.php\/wp-json\/wp\/v2\/comments?post=418"}],"version-history":[{"count":3,"href":"https:\/\/agrohelp.al\/index.php\/wp-json\/wp\/v2\/pages\/418\/revisions"}],"predecessor-version":[{"id":625,"href":"https:\/\/agrohelp.al\/index.php\/wp-json\/wp\/v2\/pages\/418\/revisions\/625"}],"wp:attachment":[{"href":"https:\/\/agrohelp.al\/index.php\/wp-json\/wp\/v2\/media?parent=418"}],"curies":[{"name":"wp","href":"https:\/\/api.w.org\/{rel}","templated":true}]}}