{"id":49,"date":"2019-02-12T14:00:50","date_gmt":"2019-02-12T14:00:50","guid":{"rendered":"https:\/\/agrohelp.al\/?page_id=49"},"modified":"2025-06-13T08:05:44","modified_gmt":"2025-06-13T08:05:44","slug":"captan-80-wg","status":"publish","type":"page","link":"https:\/\/agrohelp.al\/index.php\/captan-80-wg\/","title":{"rendered":"CAPTAN 80 WG"},"content":{"rendered":"<div class=\"wpb-content-wrapper\"><p>[vc_row full_width=&#8221;stretch_row_content&#8221;][vc_column width=&#8221;1\/6&#8243;][vc_single_image image=&#8221;54&#8243; img_size=&#8221;full&#8221; alignment=&#8221;right&#8221; image_hovers=&#8221;false&#8221;][\/vc_column][vc_column width=&#8221;2\/3&#8243;][vc_column_text]<\/p>\n<p style=\"text-align: center;\"><span style=\"color: #000000;\">Fungicid me veprim parambrojtes dhe kurativ me efekt te zgjatur. Perdoret me sukses per luftimin e krome se molles e dardhes, ne patate e perime per luftimin e vrugut , botritisit, alternaries, antraknozes, monilies, rizoktonies, ne fidanishte kunde kalbezimeve te ndryshme te qafes dhe rrenjeve, ne pemet frutore farore, berthamore kunder fletebirueses, flete perdredheses, kalbezimit te frutave dhe semundjeve te tjera. Dallohet per efektin stimulues te vegjetacionit, te mbylljes se plageve qe shkaktohen nga faktore klimatik, dhe te permiresimit te pamjes tregetare te frutave.<\/span><\/p>\n<p>[\/vc_column_text][\/vc_column][vc_column width=&#8221;1\/6&#8243;][\/vc_column][\/vc_row][vc_row][vc_column width=&#8221;1\/4&#8243;][\/vc_column][vc_column width=&#8221;1\/2&#8243;]<div id=\"ult-carousel-39641574069e5d0d1e3200\" class=\"ult-carousel-wrapper   ult_horizontal\" data-gutter=\"15\" data-rtl=\"false\" ><div class=\"ult-carousel-316249922869e5d0d1e311f \" >[vc_single_image image=&#8221;55&#8243; img_size=&#8221;104 \u00d7 104&#8243; alignment=&#8221;center&#8221; image_hovers=&#8221;false&#8221;][vc_single_image image=&#8221;56&#8243; img_size=&#8221;104 \u00d7 104&#8243; alignment=&#8221;center&#8221; image_hovers=&#8221;false&#8221;][vc_single_image image=&#8221;57&#8243; img_size=&#8221;104 \u00d7 104&#8243; alignment=&#8221;center&#8221; image_hovers=&#8221;false&#8221;][vc_single_image image=&#8221;59&#8243; img_size=&#8221;104 \u00d7 104&#8243; alignment=&#8221;center&#8221; image_hovers=&#8221;false&#8221;][vc_single_image image=&#8221;58&#8243; img_size=&#8221;104 \u00d7 104&#8243; alignment=&#8221;center&#8221; image_hovers=&#8221;false&#8221;]<\/div><\/div>\t\t\t<script type=\"text\/javascript\">\n\t\t\t\tjQuery(document).ready(function ($) {\n\t\t\t\t\tif( typeof jQuery('.ult-carousel-316249922869e5d0d1e311f').slick == \"function\"){\n\t\t\t\t\t\t$('.ult-carousel-316249922869e5d0d1e311f').slick({dots: false,autoplay: true,autoplaySpeed: \"2000\",speed: \"2000\",infinite: true,arrows: false,slidesToScroll:4,slidesToShow:4,swipe: true,draggable: true,touchMove: true,pauseOnHover: true,pauseOnFocus: false,responsive: [\n\t\t\t\t\t\t\t{\n\t\t\t\t\t\t\t  breakpoint: 1026,\n\t\t\t\t\t\t\t  settings: {\n\t\t\t\t\t\t\t\tslidesToShow: 4,\n\t\t\t\t\t\t\t\tslidesToScroll: 4,  \n\t\t\t\t\t\t\t  }\n\t\t\t\t\t\t\t},\n\t\t\t\t\t\t\t{\n\t\t\t\t\t\t\t  breakpoint: 1025,\n\t\t\t\t\t\t\t  settings: {\n\t\t\t\t\t\t\t\tslidesToShow: 1,\n\t\t\t\t\t\t\t\tslidesToScroll: 1\n\t\t\t\t\t\t\t  }\n\t\t\t\t\t\t\t},\n\t\t\t\t\t\t\t{\n\t\t\t\t\t\t\t  breakpoint: 760,\n\t\t\t\t\t\t\t  settings: {\n\t\t\t\t\t\t\t\tslidesToShow: 1,\n\t\t\t\t\t\t\t\tslidesToScroll: 1\n\t\t\t\t\t\t\t  }\n\t\t\t\t\t\t\t}\n\t\t\t\t\t\t],pauseOnDotsHover: true,customPaging: function(slider, i) {\n                   return '<i type=\"button\" style= \"color:#333333;\" class=\"ultsl-record\" data-role=\"none\"><\/i>';\n                },});\n\t\t\t\t\t}\n\t\t\t\t});\n\t\t\t<\/script>\n\t\t\t[\/vc_column][vc_column width=&#8221;1\/4&#8243;][\/vc_column][\/vc_row][vc_row][vc_column][vc_empty_space height=&#8221;25px&#8221;]<div class=\"standard-arrow list-divider bullet-top\"><ul>\n<li><strong><span style=\"color: #3366ff;\">Permbajtja<\/span><\/strong> : <span style=\"color: #000000;\">80% Captan<\/span><\/li>\n<li><strong><span style=\"color: #3366ff;\">Formulimi<\/span> <\/strong>: <span style=\"color: #000000;\">Granula te dispergueshme ne uje<\/span><\/li>\n<li><span style=\"color: #3366ff;\"><strong>Karenca<\/strong>\u00a0<span style=\"color: #000000;\">:<\/span><\/span><span style=\"color: #000000;\"> Nga sperkatja e fundit e deri ne vjeljen e prodhimit duhet te kalojne 40 dite per rrushin, 20 dite per berthamoret, 15 dite per faroret dhe 20 dite per perimet e ndryshme.<\/span><\/li>\n<\/ul>\n<\/div>[\/vc_column][\/vc_row][vc_row][vc_column][vc_custom_heading text=&#8221;P\u00ebrdorimi&#8221; font_container=&#8221;tag:h2|text_align:center|color:%231e73be&#8221; google_fonts=&#8221;font_family:Merienda%3Aregular%2C700|font_style:400%20regular%3A400%3Anormal&#8221;][vc_empty_space height=&#8221;22px&#8221;][\/vc_column][\/vc_row][vc_row][vc_column][vc_tta_tabs color=&#8221;blue&#8221; spacing=&#8221;3&#8243; gap=&#8221;3&#8243; alignment=&#8221;center&#8221; active_section=&#8221;1&#8243;][vc_tta_section title=&#8221;MOLLE, DARDHE&#8221; tab_id=&#8221;1549981049149-80da51b1-b380&#8243;][vc_column_text]<\/p>\n<p style=\"text-align: justify;\"><span style=\"color: #000000;\">Perdoret me sukses ne luftimin e kromes duke vepruar me efektivitet si ndaj infeksioneve primare(askosporeve) ashtu edhe ndaj infeksione sekondare(konideve). Perdoret si ne trajtimet parambrojtese ashtu edhe ato kurative.<\/span><\/p>\n<p style=\"text-align: justify;\"><span style=\"color: #000000;\">Ne skemat e trajtimit rekomandohet te perdoret heret ne \u201cveshet e miut\u201d, e duke vazhduar ne \u201cbutonat roze\u201d dhe \u201cpas rezimit te petaleve\u201d. Ndersa ne vere rekomandohet si per luftimin e infeksioneve te voneshme ashtu edhe per permiresimin e cilesise se frutave dhe pregatitjen e tyre per tu ber me rezistente gjate magazinimit. Ne kushte klimatike normale rekomandohet te kryhen 2-3 trajtime . Ne trajtimet pas reshjeve te zgjatura rekomandohet te kombinohet fungicidet sistemike Mystic 25 WG dhe DIFCOR 250 EC. Ne kete menyre luftojme si micelin e kepurdhes ne brendesi te gjethes ashtu edhe sporet e pa mbira e te porsa mbira ne siperfaqe te saje. Doza e perdorimit 0.15%.<\/span><\/p>\n<p>[\/vc_column_text][\/vc_tta_section][vc_tta_section title=&#8221;HARDHI&#8221; tab_id=&#8221;1549981356521-b7b06a28-4745&#8243;][vc_column_text]<\/p>\n<p style=\"text-align: justify;\"><span style=\"color: #000000;\">Kunder vrugut, kalbezimit gri, eskoriozes, antraknozes, nekrozes etj. Sperkatjet parambrojtese fillojne kur gjatesia e lastarev eshte 8-10 cm dhe sipas rastit perseriten cdo 10-15 dite. Doza e perdorimit 0.15%.<\/span><\/p>\n<p>[\/vc_column_text][\/vc_tta_section][vc_tta_section title=&#8221;PEM\u00cb FRUTORE B\u00cbRTHAMORE&#8221; tab_id=&#8221;1549981049173-2221499d-4434&#8243;][vc_column_text]<\/p>\n<p style=\"text-align: justify;\"><span style=\"color: #000000;\">Kunder monilies, gjetheperdredheses, gjethebirueses. Rekomandohet qe nje sperkatje te kryhet ne vjeshte gjate rezimit te gjetheve si dhe ne pranvere me fillimin e fryrjes se sythave dhe pas renies se petaleve. Doza e perdorimit 0.15%.<\/span><\/p>\n<p>[\/vc_column_text][\/vc_tta_section][vc_tta_section title=&#8221;AGRUME&#8221; tab_id=&#8221;1549981422663-b25b877e-4c26&#8243;][vc_column_text]<\/p>\n<p style=\"text-align: justify;\"><span style=\"color: #000000;\">Kunder gomozes dhe fomozes. Trajtmet fillojne me konstatimin eshenjave te para. Doza e perdorimit 0.15%.<\/span><\/p>\n<p>[\/vc_column_text][\/vc_tta_section][vc_tta_section title=&#8221;PERIME, PATATE&#8221; tab_id=&#8221;1549981414511-8b5cbd33-0bad&#8221;][vc_column_text]<\/p>\n<p style=\"text-align: justify;\"><span style=\"color: #000000;\">Kunder kalbezimeve te ndryshme te fidanave ne shtreter, kalbezimit gri, alternariozave,septoriozave, sklerotines, antraknozave dhe vrugjeve. Rekomandohen te kryhen trajtime preventive cdo dy jave. Pas renies se semundjes trajtimet kryhen cdo 7-10 dite. Doza e perdorimit 0.15%.<\/span><\/p>\n<p>[\/vc_column_text][\/vc_tta_section][vc_tta_section title=&#8221;BIM\u00cb &amp; DRUR\u00cb DEKORATIVE&#8221; tab_id=&#8221;1549981440823-d9d32c59-81f4&#8243;][vc_column_text]<\/p>\n<p style=\"text-align: justify;\"><span style=\"color: #000000;\">Kryhen trajtime cdo dy jave per luftimin e patogjeneve te ndryshem qe prekin rrenjen dhe qafen e fidaneve si Pthium spp., Phytophthora spp., Rizoctonia.spp, duke perdorur 5 liter solucion 0.15% per nje m2 fidanishte.<\/span><\/p>\n<p>[\/vc_column_text][\/vc_tta_section][\/vc_tta_tabs][\/vc_column][\/vc_row][vc_row][vc_column][vc_custom_heading text=&#8221;V\u00ebrejtje p\u00ebr p\u00ebrdorimin&#8221; font_container=&#8221;tag:h2|text_align:center|color:%231e73be&#8221; google_fonts=&#8221;font_family:Merienda%3Aregular%2C700|font_style:400%20regular%3A400%3Anormal&#8221;][vc_empty_space height=&#8221;22px&#8221;][\/vc_column][\/vc_row][vc_row][vc_column][vc_message icon_fontawesome=&#8221;fa fa-exclamation-triangle&#8221;]<\/p>\n<p style=\"text-align: center;\"><span style=\"color: #000000;\">Nuk rekomandohet te perzihet me formulime me baze squfuri, produkte me reaksion alkalin, vajra minerale dhe parathion.<\/span><\/p>\n<p style=\"text-align: center;\"><span style=\"color: #000000;\"><strong>Fitoksiciteti<\/strong> \u2192 Nuk eshte fitotoksik kur perdoret sipas dozave te rekomanduara. Nuk keshillohet te perdoret gjate lulezimit dhe menjehere pas perfundimit te tij ne kultivaret e molleve Renete del Canda e Red Delicious dhe dardhet D\u2019Anjou e Bosco.<\/span><\/p>\n<p>[\/vc_message][\/vc_column][\/vc_row][vc_row][vc_column][vc_custom_heading text=&#8221;Ndikim n\u00eb ekosistem&#8221; font_container=&#8221;tag:h2|text_align:center|color:%231e73be&#8221; google_fonts=&#8221;font_family:Merienda%3Aregular%2C700|font_style:400%20regular%3A400%3Anormal&#8221;][vc_empty_space height=&#8221;22px&#8221;][\/vc_column][\/vc_row][vc_row][vc_column][vc_message]<\/p>\n<p style=\"text-align: center;\"><span style=\"color: #000000;\">I demshem per peshqit e organizmat\u00a0 e tjera ujore. Mos ndotni ujrat\u00a0 dhe burimet ujore qe rjedhin drejt lumenjve, apo rezervuarve te ndryshem ujor.<\/span><\/p>\n<p>[\/vc_message][\/vc_column][\/vc_row]<\/p>\n<\/div>","protected":false},"excerpt":{"rendered":"<p>[vc_row full_width=&#8221;stretch_row_content&#8221;][vc_column width=&#8221;1\/6&#8243;][vc_single_image image=&#8221;54&#8243; img_size=&#8221;full&#8221; alignment=&#8221;right&#8221; image_hovers=&#8221;false&#8221;][\/vc_column][vc_column width=&#8221;2\/3&#8243;][vc_column_text] Fungicid me veprim parambrojtes dhe kurativ me efekt te zgjatur. Perdoret me sukses per luftimin e krome se molles e dardhes, ne patate e perime per luftimin e vrugut , botritisit, alternaries, antraknozes, monilies, rizoktonies, ne fidanishte kunde kalbezimeve te ndryshme te qafes dhe rrenjeve, ne pemet&hellip;<\/p>\n","protected":false},"author":2,"featured_media":0,"parent":0,"menu_order":0,"comment_status":"closed","ping_status":"closed","template":"","meta":{"footnotes":""},"class_list":["post-49","page","type-page","status-publish","hentry","description-off"],"_links":{"self":[{"href":"https:\/\/agrohelp.al\/index.php\/wp-json\/wp\/v2\/pages\/49","targetHints":{"allow":["GET"]}}],"collection":[{"href":"https:\/\/agrohelp.al\/index.php\/wp-json\/wp\/v2\/pages"}],"about":[{"href":"https:\/\/agrohelp.al\/index.php\/wp-json\/wp\/v2\/types\/page"}],"author":[{"embeddable":true,"href":"https:\/\/agrohelp.al\/index.php\/wp-json\/wp\/v2\/users\/2"}],"replies":[{"embeddable":true,"href":"https:\/\/agrohelp.al\/index.php\/wp-json\/wp\/v2\/comments?post=49"}],"version-history":[{"count":6,"href":"https:\/\/agrohelp.al\/index.php\/wp-json\/wp\/v2\/pages\/49\/revisions"}],"predecessor-version":[{"id":1212,"href":"https:\/\/agrohelp.al\/index.php\/wp-json\/wp\/v2\/pages\/49\/revisions\/1212"}],"wp:attachment":[{"href":"https:\/\/agrohelp.al\/index.php\/wp-json\/wp\/v2\/media?parent=49"}],"curies":[{"name":"wp","href":"https:\/\/api.w.org\/{rel}","templated":true}]}}