{"id":77,"date":"2019-02-12T15:08:23","date_gmt":"2019-02-12T15:08:23","guid":{"rendered":"https:\/\/agrohelp.al\/?page_id=77"},"modified":"2025-06-13T08:09:14","modified_gmt":"2025-06-13T08:09:14","slug":"cymoxanil-45-wg","status":"publish","type":"page","link":"https:\/\/agrohelp.al\/index.php\/cymoxanil-45-wg\/","title":{"rendered":"CYMOXANIL 45 WG"},"content":{"rendered":"<div class=\"wpb-content-wrapper\"><p>[vc_row full_width=&#8221;stretch_row_content&#8221;][vc_column width=&#8221;1\/6&#8243;][vc_single_image image=&#8221;54&#8243; img_size=&#8221;full&#8221; alignment=&#8221;right&#8221; image_hovers=&#8221;false&#8221;][\/vc_column][vc_column width=&#8221;2\/3&#8243;][vc_column_text]<\/p>\n<p style=\"text-align: center;\"><span style=\"color: #000000;\">Fungicid lokosistemik \u2013 translaminar , me veprim preventiv dhe kurativ, me efikasitet te larte ne luftimin e vrugjeve te gjnive <em>Phythophthora, Peronospora, Pseudoperonospora e Bremia <\/em>ne kultura te ndryshme bujqesore. Pas trajtimit shperndahet ne te gjitha pjeset e gjethes duke frenuar edhe infeksionet ne pjeset e poshteme te saj. Dallohet per efektin e shpejt ne bllokimin e mbirjes se sporeve dhe frenimin e rritjes te sporeve te porsambira, haustoreve dhe micelit kepurdhor. Veprimi kurativ \u2013frenues (retroaktiv) shkon deri 72 ore pas depertimit te haustoreve ne indet e bimes.<\/span><\/p>\n<p>[\/vc_column_text][\/vc_column][vc_column width=&#8221;1\/6&#8243;][\/vc_column][\/vc_row][vc_row][vc_column width=&#8221;1\/4&#8243;][\/vc_column][vc_column width=&#8221;1\/2&#8243;]<div id=\"ult-carousel-248263817169e1e61875b38\" class=\"ult-carousel-wrapper   ult_horizontal\" data-gutter=\"15\" data-rtl=\"false\" ><div class=\"ult-carousel-135221313869e1e61875a3a \" >[vc_single_image image=&#8221;55&#8243; img_size=&#8221;104 \u00d7 104&#8243; alignment=&#8221;center&#8221; image_hovers=&#8221;false&#8221;][vc_single_image image=&#8221;65&#8243; img_size=&#8221;104 \u00d7 104&#8243; alignment=&#8221;center&#8221; image_hovers=&#8221;false&#8221;][vc_single_image image=&#8221;71&#8243; img_size=&#8221;104 \u00d7 104&#8243; alignment=&#8221;center&#8221; image_hovers=&#8221;false&#8221;][vc_single_image image=&#8221;57&#8243; img_size=&#8221;104 \u00d7 104&#8243; alignment=&#8221;center&#8221; image_hovers=&#8221;false&#8221;][vc_single_image image=&#8221;78&#8243; img_size=&#8221;104 \u00d7 104&#8243; alignment=&#8221;center&#8221; image_hovers=&#8221;false&#8221;]<\/div><\/div>\t\t\t<script type=\"text\/javascript\">\n\t\t\t\tjQuery(document).ready(function ($) {\n\t\t\t\t\tif( typeof jQuery('.ult-carousel-135221313869e1e61875a3a').slick == \"function\"){\n\t\t\t\t\t\t$('.ult-carousel-135221313869e1e61875a3a').slick({dots: false,autoplay: true,autoplaySpeed: \"2000\",speed: \"2000\",infinite: true,arrows: false,slidesToScroll:4,slidesToShow:4,swipe: true,draggable: true,touchMove: true,pauseOnHover: true,pauseOnFocus: false,responsive: [\n\t\t\t\t\t\t\t{\n\t\t\t\t\t\t\t  breakpoint: 1026,\n\t\t\t\t\t\t\t  settings: {\n\t\t\t\t\t\t\t\tslidesToShow: 4,\n\t\t\t\t\t\t\t\tslidesToScroll: 4,  \n\t\t\t\t\t\t\t  }\n\t\t\t\t\t\t\t},\n\t\t\t\t\t\t\t{\n\t\t\t\t\t\t\t  breakpoint: 1025,\n\t\t\t\t\t\t\t  settings: {\n\t\t\t\t\t\t\t\tslidesToShow: 1,\n\t\t\t\t\t\t\t\tslidesToScroll: 1\n\t\t\t\t\t\t\t  }\n\t\t\t\t\t\t\t},\n\t\t\t\t\t\t\t{\n\t\t\t\t\t\t\t  breakpoint: 760,\n\t\t\t\t\t\t\t  settings: {\n\t\t\t\t\t\t\t\tslidesToShow: 1,\n\t\t\t\t\t\t\t\tslidesToScroll: 1\n\t\t\t\t\t\t\t  }\n\t\t\t\t\t\t\t}\n\t\t\t\t\t\t],pauseOnDotsHover: true,customPaging: function(slider, i) {\n                   return '<i type=\"button\" style= \"color:#333333;\" class=\"ultsl-record\" data-role=\"none\"><\/i>';\n                },});\n\t\t\t\t\t}\n\t\t\t\t});\n\t\t\t<\/script>\n\t\t\t[\/vc_column][vc_column width=&#8221;1\/4&#8243;][\/vc_column][\/vc_row][vc_row][vc_column][vc_empty_space height=&#8221;25px&#8221;]<div class=\"standard-arrow list-divider bullet-top\"><ul>\n<li><strong><span style=\"color: #3366ff;\">Permbajtja<\/span><\/strong> : 45% Cymoxanil<\/li>\n<li><strong><span style=\"color: #3366ff;\">Formulimi<\/span> <\/strong>: <span style=\"color: #000000;\">Granula te dispergueshme ne uje<\/span><\/li>\n<li><span style=\"color: #3366ff;\"><strong>Karenca<\/strong>\u00a0<span style=\"color: #000000;\">:<\/span><\/span><span style=\"color: #000000;\"> 10 dit\u00eb<\/span><\/li>\n<\/ul>\n<\/div>[\/vc_column][\/vc_row][vc_row][vc_column][vc_custom_heading text=&#8221;P\u00ebrdorimi&#8221; font_container=&#8221;tag:h2|text_align:center|color:%231e73be&#8221; google_fonts=&#8221;font_family:Merienda%3Aregular%2C700|font_style:400%20regular%3A400%3Anormal&#8221;][vc_empty_space height=&#8221;22px&#8221;][\/vc_column][\/vc_row][vc_row][vc_column][vc_tta_tabs color=&#8221;blue&#8221; spacing=&#8221;3&#8243; gap=&#8221;3&#8243; alignment=&#8221;center&#8221; active_section=&#8221;1&#8243;][vc_tta_section title=&#8221;VRESHTA&#8221; tab_id=&#8221;1549981049149-80da51b1-b380cb9f-96a5&#8243;][vc_column_text]<\/p>\n<p style=\"text-align: justify;\"><span style=\"color: #000000;\">Perdoret si per parandalimin e infeksioneve te hereshme ashtu edhe vrugut te vonet (\u201cvrugut larvar\u201d) ne veshul dhe lastaret e rinj. Eshte vecanerisht i sukseseshem ne mot me reshje te vazhdueshme ku cfaqet efektiv edhe kur trajtojme 72 ore pas fillimit te reshjeve. Doza e perdorimit eshte 50-60 gr\/100 lit.uje por jo me pak se 200 gr\/ha.<\/span><\/p>\n<p>[\/vc_column_text][\/vc_tta_section][vc_tta_section title=&#8221;PATATE, DOMATE, TRANGULL, DUHAN, QEPORE, SPINAQ, LAK\u00cbR&#8221; tab_id=&#8221;1549981356521-b7b06a28-4745cb9f-96a5&#8243;][vc_column_text]<\/p>\n<p style=\"text-align: justify;\"><span style=\"color: #000000;\">Trajtimet fillojne kur kushtet atmosferike favorizojne infeksionin nga vrugjet ose me konstatimin e shenjave te para. Doza e perdorimit eshte 50-60 gr\/100 lit.uje por jo me pak se 200 gr\/ha.<\/span><\/p>\n<p>[\/vc_column_text][\/vc_tta_section][\/vc_tta_tabs][\/vc_column][\/vc_row][vc_row][vc_column][vc_custom_heading text=&#8221;V\u00ebrejtje p\u00ebr p\u00ebrdorimin&#8221; font_container=&#8221;tag:h2|text_align:center|color:%231e73be&#8221; google_fonts=&#8221;font_family:Merienda%3Aregular%2C700|font_style:400%20regular%3A400%3Anormal&#8221;][vc_empty_space height=&#8221;22px&#8221;][\/vc_column][\/vc_row][vc_row][vc_column][vc_message icon_fontawesome=&#8221;fa fa-exclamation-triangle&#8221;]<\/p>\n<p style=\"text-align: center;\"><span style=\"color: #000000;\">Nuk perzihet me fungicidet me reaksion alkalin. Nuk kryhen me shume se dy trajtime per sezon.Per te rritur kohezgjatjen e efektit dhe per te shmangur lindjen e shtameve rezistente ne kushtet e infeksioneve te renda rekomandohet perzierja me PENCOZEB 75 DG ose BORDOLEZ DISPERSS.<\/span><\/p>\n<p>[\/vc_message][\/vc_column][\/vc_row][vc_row][vc_column][vc_custom_heading text=&#8221;Ndikim n\u00eb ekosistem&#8221; font_container=&#8221;tag:h2|text_align:center|color:%231e73be&#8221; google_fonts=&#8221;font_family:Merienda%3Aregular%2C700|font_style:400%20regular%3A400%3Anormal&#8221;][vc_empty_space height=&#8221;22px&#8221;][\/vc_column][\/vc_row][vc_row][vc_column][vc_message]<\/p>\n<p style=\"text-align: center;\"><span style=\"color: #000000;\">Nuk eshte demtues ndaj bleteve, Eshte helmues ndaj peshqeve dhe organizmave te tjera ujore.<\/span><\/p>\n<p>[\/vc_message][\/vc_column][\/vc_row]<\/p>\n<\/div>","protected":false},"excerpt":{"rendered":"<p>[vc_row full_width=&#8221;stretch_row_content&#8221;][vc_column width=&#8221;1\/6&#8243;][vc_single_image image=&#8221;54&#8243; img_size=&#8221;full&#8221; alignment=&#8221;right&#8221; image_hovers=&#8221;false&#8221;][\/vc_column][vc_column width=&#8221;2\/3&#8243;][vc_column_text] Fungicid lokosistemik \u2013 translaminar , me veprim preventiv dhe kurativ, me efikasitet te larte ne luftimin e vrugjeve te gjnive Phythophthora, Peronospora, Pseudoperonospora e Bremia ne kultura te ndryshme bujqesore. Pas trajtimit shperndahet ne te gjitha pjeset e gjethes duke frenuar edhe infeksionet ne pjeset e poshteme&hellip;<\/p>\n","protected":false},"author":2,"featured_media":0,"parent":0,"menu_order":0,"comment_status":"closed","ping_status":"closed","template":"","meta":{"footnotes":""},"class_list":["post-77","page","type-page","status-publish","hentry","description-off"],"_links":{"self":[{"href":"https:\/\/agrohelp.al\/index.php\/wp-json\/wp\/v2\/pages\/77","targetHints":{"allow":["GET"]}}],"collection":[{"href":"https:\/\/agrohelp.al\/index.php\/wp-json\/wp\/v2\/pages"}],"about":[{"href":"https:\/\/agrohelp.al\/index.php\/wp-json\/wp\/v2\/types\/page"}],"author":[{"embeddable":true,"href":"https:\/\/agrohelp.al\/index.php\/wp-json\/wp\/v2\/users\/2"}],"replies":[{"embeddable":true,"href":"https:\/\/agrohelp.al\/index.php\/wp-json\/wp\/v2\/comments?post=77"}],"version-history":[{"count":3,"href":"https:\/\/agrohelp.al\/index.php\/wp-json\/wp\/v2\/pages\/77\/revisions"}],"predecessor-version":[{"id":1215,"href":"https:\/\/agrohelp.al\/index.php\/wp-json\/wp\/v2\/pages\/77\/revisions\/1215"}],"wp:attachment":[{"href":"https:\/\/agrohelp.al\/index.php\/wp-json\/wp\/v2\/media?parent=77"}],"curies":[{"name":"wp","href":"https:\/\/api.w.org\/{rel}","templated":true}]}}