{"id":785,"date":"2019-11-04T14:43:04","date_gmt":"2019-11-04T14:43:04","guid":{"rendered":"https:\/\/agrohelp.al\/?page_id=785"},"modified":"2019-11-13T14:09:34","modified_gmt":"2019-11-13T14:09:34","slug":"cell-forcemax","status":"publish","type":"page","link":"https:\/\/agrohelp.al\/index.php\/cell-forcemax\/","title":{"rendered":"Cell ForceMax"},"content":{"rendered":"<div class=\"wpb-content-wrapper\"><p>[vc_row full_width=&#8221;stretch_row_content&#8221;][vc_column width=&#8221;1\/6&#8243;][\/vc_column][vc_column width=&#8221;2\/3&#8243;][vc_single_image image=&#8221;901&#8243; img_size=&#8221;full&#8221; alignment=&#8221;center&#8221; image_hovers=&#8221;false&#8221;][vc_custom_heading text=&#8221;Permbajtja<br \/>\nKalcum(CaO)\u2026\u202614% &#8211; Azot Nitrik (N)\u2026\u20268.0% &#8211; Bor(B)\u2026\u2026.0,20%&#8221; font_container=&#8221;tag:h2|font_size:24|text_align:center|color:%23298959&#8243; google_fonts=&#8221;font_family:Roboto%3A100%2C100italic%2C300%2C300italic%2Cregular%2Citalic%2C500%2C500italic%2C700%2C700italic%2C900%2C900italic|font_style:500%20bold%20regular%3A500%3Anormal&#8221;][vc_column_text]<\/p>\n<p style=\"text-align: center;\"><span style=\"color: #000000;\">Formuluar sipas S.M.A.R.T <span class=\"fontstyle0\">\u2122 TECHNOLOGY. Teknologji unuke e MILLER CHEMICAL &amp;<br \/>\nFERTILIZER per te koregjuar mungesen e KALCIUMIT dhe \u00e7rregullimet qelizore qe vijne prej tij.\u00a0\u00a0<\/span>CELL FORCE MAX\u00ae garanton nje depozitim dhe absorbim total te Kalciumit ne kutikulen gjethore, dhe veprim sistemik te shpejte ne drjetim te frutave dhe indeve te tjera permes sitemin qarkullues te lendeve ushqyese ne saje te teknologjise unike &#8220;Transcuticular Delivery System&#8221;\u00ae.<\/span><\/p>\n<p>[\/vc_column_text][\/vc_column][vc_column width=&#8221;1\/6&#8243;][\/vc_column][\/vc_row][vc_row][vc_column][vc_custom_heading text=&#8221;Dozat dhe Menyrat e Perdorimit&#8221; font_container=&#8221;tag:h2|text_align:center|color:%23298959&#8243; google_fonts=&#8221;font_family:Roboto%3A100%2C100italic%2C300%2C300italic%2Cregular%2Citalic%2C500%2C500italic%2C700%2C700italic%2C900%2C900italic|font_style:500%20bold%20regular%3A500%3Anormal&#8221;][vc_empty_space height=&#8221;22px&#8221;][\/vc_column][\/vc_row][vc_row][vc_column][vc_column_text]<\/p>\n<p style=\"text-align: justify;\"><span style=\"color: #000000;\">PERDORIMI : Doza e pergjitheshme e perdorimit eshte 1,0-2.5 liter me sprkatje gjethore ose fertirigacion. Doza maksimale 2.5lit\/ha prdoret ne rastet kur \u00e7regullimet nga mungesa e kalciumit mund te \u00e7ojne ne \u00e7regullime fiziologjike te renda.<\/span><br \/>\n<span style=\"color: #000000;\">Moll\u00eb, Dardh\u00eb : 1. Ne veshet e miut 2.\u00c7do 10-14 dite deri para vjeljes.Kumbull,Pjeshke, Nektarine, Qershi : 1. Para lulezimit. 2.Pas forcimit te berthames \u00e7do 10 deri 14 dite. Agrume dhe Ullinj : 1.Para lulezimit 2. \u00c7do 30 dite deri ne vjelje. Vresht : 1.Para lulezimit 2.Nga perkulja e veshulit derinne pjekje cdo 15 dite. Laker, Lulelaker, Brokoli, Qepe: 1.Ne stadin e 3 gjetheve. 2.\u00c7do 10-14 dite deri para vjeljes. Ara, Bajame etj.: 1. Para lulezimit.2. Pas renies se petalev \u00e7do 10-14 dite. Domate, Speca,Trangull, Kungull, Pjeper, Shalqin: 1.Nje jave pas lulezimi. 2.\u00c7do 10-14 dite. Patate : 1. Me cfaqien e tubereve 2. Dy here te tjera \u00e7do 14 dite. Luleshtrydhe : 1. Menjehere pas lulezimit 2.Pas 7 dhe 14 diteve. Fasule, Bizele,Bishtajore te tjera : 1.Ne fillim te lulezimit. 2. \u00c7do 14 dite deri ne mbushje te bishtajes. Sallate, Selino, gjethorete tjera : 1.Ne stadin e 3 gjetheve. 2. \u00c7do 14 dite. Canola : 1.Ne lulezim 2. \u00c7do 14 dite. Mjedra, Boronica : 1.Para lulezimit 2.\u00c7do 10-14 dite deri para vjeljes. Manafera dhe manore te tjera : 1. Ne fillim te lulezimit. 2.\u00c7do 14 dite. Duhan : 1.Ne formim te sythit lulor. 2. \u00c7do 14 dite.<\/span><\/p>\n<p>[\/vc_column_text][\/vc_column][\/vc_row][vc_row][vc_column][vc_custom_heading text=&#8221;Avantazhet&#8221; font_container=&#8221;tag:h2|text_align:center|color:%23298959&#8243; google_fonts=&#8221;font_family:Roboto%3A100%2C100italic%2C300%2C300italic%2Cregular%2Citalic%2C500%2C500italic%2C700%2C700italic%2C900%2C900italic|font_style:500%20bold%20regular%3A500%3Anormal&#8221;][vc_empty_space height=&#8221;22px&#8221;][\/vc_column][\/vc_row][vc_row][vc_column][vc_message message_box_color=&#8221;alert-success&#8221;]Eshte regullator i transportit te Kalciumit nga gjethja ne drejtim te indeve frutore dhe indet e tjera bimore duke shmangur cregullimet qe vijne nga mungesa e tij si &#8220;kalbezimi i majave&#8221; ne fruta dhe perime, &#8220;kalbezimi i hidhur&#8221; ne molle, &#8220;nxirja e zemres&#8221; ne tuberet e patates&#8221;, &#8220;boshatisje e zemres&#8221; ne shalqin, domate e frutat te tjera, &#8221; kafezimi i brendeshem&#8221; i frutave dhe kercejve, &#8220;tharja e aneve te gjetheve&#8221; te sallata, kungulloret etj. Prania e kalciumit ne bime redukton plakjen e qelizave, rrit jetgjatesine, duke frenuar rezimin e parakoheshem te frutave. Rit kontributin e Potasit, Magnezit, Bori ne rritjen e sheqernave ne frut. Ben bimen me solide , vegjatacion me te bujeshem, me shume gjethe, lule e fruta dhe me shume lende te thate ne to.[\/vc_message][\/vc_column][\/vc_row][vc_row][vc_column][vc_custom_heading text=&#8221;Perdorimi&#8221; font_container=&#8221;tag:h2|text_align:center|color:%23298959&#8243; google_fonts=&#8221;font_family:Roboto%3A100%2C100italic%2C300%2C300italic%2Cregular%2Citalic%2C500%2C500italic%2C700%2C700italic%2C900%2C900italic|font_style:500%20bold%20regular%3A500%3Anormal&#8221;][vc_empty_space height=&#8221;22px&#8221;][\/vc_column][\/vc_row][vc_row][vc_column][vc_message message_box_color=&#8221;alert-success&#8221;]<\/p>\n<p style=\"text-align: center;\"><span style=\"color: #000000;\">Doza e pergjitheshme e perdorimit eshte 1,0-2.5 liter me sprkatje gjethore ose fertirigacion. Doza maksimale 2.5lit\/ha prdoret ne rastet kur \u00e7regullimet nga mungesa e kalciumit mund te \u00e7ojne ne \u00e7regullime fiziologjike te renda.<\/span><\/p>\n<p>[\/vc_message][\/vc_column][\/vc_row]<\/p>\n<\/div>","protected":false},"excerpt":{"rendered":"<p>[vc_row full_width=&#8221;stretch_row_content&#8221;][vc_column width=&#8221;1\/6&#8243;][\/vc_column][vc_column width=&#8221;2\/3&#8243;][vc_single_image image=&#8221;901&#8243; img_size=&#8221;full&#8221; alignment=&#8221;center&#8221; image_hovers=&#8221;false&#8221;][vc_custom_heading text=&#8221;Permbajtja Kalcum(CaO)\u2026\u202614% &#8211; Azot Nitrik (N)\u2026\u20268.0% &#8211; Bor(B)\u2026\u2026.0,20%&#8221; font_container=&#8221;tag:h2|font_size:24|text_align:center|color:%23298959&#8243; google_fonts=&#8221;font_family:Roboto%3A100%2C100italic%2C300%2C300italic%2Cregular%2Citalic%2C500%2C500italic%2C700%2C700italic%2C900%2C900italic|font_style:500%20bold%20regular%3A500%3Anormal&#8221;][vc_column_text] Formuluar sipas S.M.A.R.T \u2122 TECHNOLOGY. Teknologji unuke e MILLER CHEMICAL &amp; FERTILIZER per te koregjuar mungesen e KALCIUMIT dhe \u00e7rregullimet qelizore qe vijne prej tij.\u00a0\u00a0CELL FORCE MAX\u00ae garanton nje depozitim dhe absorbim total te Kalciumit ne kutikulen&hellip;<\/p>\n","protected":false},"author":2,"featured_media":0,"parent":0,"menu_order":0,"comment_status":"closed","ping_status":"closed","template":"","meta":{"footnotes":""},"class_list":["post-785","page","type-page","status-publish","hentry","description-off"],"_links":{"self":[{"href":"https:\/\/agrohelp.al\/index.php\/wp-json\/wp\/v2\/pages\/785","targetHints":{"allow":["GET"]}}],"collection":[{"href":"https:\/\/agrohelp.al\/index.php\/wp-json\/wp\/v2\/pages"}],"about":[{"href":"https:\/\/agrohelp.al\/index.php\/wp-json\/wp\/v2\/types\/page"}],"author":[{"embeddable":true,"href":"https:\/\/agrohelp.al\/index.php\/wp-json\/wp\/v2\/users\/2"}],"replies":[{"embeddable":true,"href":"https:\/\/agrohelp.al\/index.php\/wp-json\/wp\/v2\/comments?post=785"}],"version-history":[{"count":5,"href":"https:\/\/agrohelp.al\/index.php\/wp-json\/wp\/v2\/pages\/785\/revisions"}],"predecessor-version":[{"id":902,"href":"https:\/\/agrohelp.al\/index.php\/wp-json\/wp\/v2\/pages\/785\/revisions\/902"}],"wp:attachment":[{"href":"https:\/\/agrohelp.al\/index.php\/wp-json\/wp\/v2\/media?parent=785"}],"curies":[{"name":"wp","href":"https:\/\/api.w.org\/{rel}","templated":true}]}}