{"id":938,"date":"2023-01-06T10:42:46","date_gmt":"2023-01-06T10:42:46","guid":{"rendered":"https:\/\/agrohelp.al\/?page_id=938"},"modified":"2025-06-13T08:39:50","modified_gmt":"2025-06-13T08:39:50","slug":"alcoban","status":"publish","type":"page","link":"https:\/\/agrohelp.al\/index.php\/alcoban\/","title":{"rendered":"ALCOBAN"},"content":{"rendered":"<div class=\"wpb-content-wrapper\"><p>[vc_row full_width=&#8221;stretch_row_content&#8221;][vc_column width=&#8221;1\/6&#8243;][vc_single_image image=&#8221;54&#8243; img_size=&#8221;full&#8221; alignment=&#8221;right&#8221; image_hovers=&#8221;false&#8221;][\/vc_column][vc_column width=&#8221;2\/3&#8243;][vc_column_text]<\/p>\n<p style=\"text-align: center;\"><span style=\"color: #000000;\">ALCOBAN eshte fungicid kontakti i grupit dicarbonitrile me spekter te gjere dhe mekanizem veprimi \u201cmulti-<\/span><br \/>\n<span style=\"color: #000000;\">site\u201d, ndaj te cilit nuk cfaqen forma rezistente te paraziteve kepurdhore. Ka gjetur perdorim te gjere si fungicid<\/span><br \/>\n<span style=\"color: #000000;\">parambrojtes (protektiv-preventiv) ne luftimin e kromes se molles dhe dardhes si dhe semundje te tjera te<\/span><br \/>\n<span style=\"color: #000000;\">pemeve frutore.<\/span><\/p>\n<p>[\/vc_column_text][\/vc_column][vc_column width=&#8221;1\/6&#8243;][\/vc_column][\/vc_row][vc_row][vc_column width=&#8221;1\/4&#8243;][\/vc_column][vc_column width=&#8221;1\/2&#8243;]<div id=\"ult-carousel-150202312169e5d5beda5de\" class=\"ult-carousel-wrapper   ult_horizontal\" data-gutter=\"15\" data-rtl=\"false\" ><div class=\"ult-carousel-422440467969e5d5beda4b0 \" >[vc_single_image image=&#8221;55&#8243; img_size=&#8221;104 \u00d7 104&#8243; alignment=&#8221;center&#8221; image_hovers=&#8221;false&#8221;][vc_single_image image=&#8221;56&#8243; img_size=&#8221;104 \u00d7 104&#8243; alignment=&#8221;center&#8221; image_hovers=&#8221;false&#8221;][vc_single_image image=&#8221;58&#8243; img_size=&#8221;104 \u00d7 104&#8243; alignment=&#8221;center&#8221; image_hovers=&#8221;false&#8221;]<\/div><\/div>\t\t\t<script type=\"text\/javascript\">\n\t\t\t\tjQuery(document).ready(function ($) {\n\t\t\t\t\tif( typeof jQuery('.ult-carousel-422440467969e5d5beda4b0').slick == \"function\"){\n\t\t\t\t\t\t$('.ult-carousel-422440467969e5d5beda4b0').slick({dots: false,autoplay: true,autoplaySpeed: \"2000\",speed: \"2000\",infinite: true,arrows: false,slidesToScroll:4,slidesToShow:4,swipe: true,draggable: true,touchMove: true,pauseOnHover: true,pauseOnFocus: false,responsive: [\n\t\t\t\t\t\t\t{\n\t\t\t\t\t\t\t  breakpoint: 1026,\n\t\t\t\t\t\t\t  settings: {\n\t\t\t\t\t\t\t\tslidesToShow: 4,\n\t\t\t\t\t\t\t\tslidesToScroll: 4,  \n\t\t\t\t\t\t\t  }\n\t\t\t\t\t\t\t},\n\t\t\t\t\t\t\t{\n\t\t\t\t\t\t\t  breakpoint: 1025,\n\t\t\t\t\t\t\t  settings: {\n\t\t\t\t\t\t\t\tslidesToShow: 1,\n\t\t\t\t\t\t\t\tslidesToScroll: 1\n\t\t\t\t\t\t\t  }\n\t\t\t\t\t\t\t},\n\t\t\t\t\t\t\t{\n\t\t\t\t\t\t\t  breakpoint: 760,\n\t\t\t\t\t\t\t  settings: {\n\t\t\t\t\t\t\t\tslidesToShow: 1,\n\t\t\t\t\t\t\t\tslidesToScroll: 1\n\t\t\t\t\t\t\t  }\n\t\t\t\t\t\t\t}\n\t\t\t\t\t\t],pauseOnDotsHover: true,customPaging: function(slider, i) {\n                   return '<i type=\"button\" style= \"color:#333333;\" class=\"ultsl-record\" data-role=\"none\"><\/i>';\n                },});\n\t\t\t\t\t}\n\t\t\t\t});\n\t\t\t<\/script>\n\t\t\t[\/vc_column][vc_column width=&#8221;1\/4&#8243;][\/vc_column][\/vc_row][vc_row][vc_column][vc_empty_space height=&#8221;25px&#8221;]<div class=\"standard-arrow list-divider bullet-top\"><ul>\n<li><strong><span style=\"color: #3366ff;\">Permbajtja<\/span><\/strong> : <span style=\"color: #000000;\">Dithianon puro 70%<\/span><\/li>\n<li><span style=\"color: #3366ff;\"><strong>Karenca<\/strong>\u00a0<span style=\"color: #000000;\">:<\/span><\/span><span style=\"color: #000000;\"> Ne te gjitha kulturat trajtimet nderpriten 42 dite para vjeljes.<\/span><\/li>\n<\/ul>\n<\/div>[\/vc_column][\/vc_row][vc_row][vc_column][vc_custom_heading text=&#8221;P\u00ebrdorimi&#8221; font_container=&#8221;tag:h2|text_align:center|color:%231e73be&#8221; google_fonts=&#8221;font_family:Merienda%3Aregular%2C700|font_style:400%20regular%3A400%3Anormal&#8221;][vc_empty_space height=&#8221;22px&#8221;][\/vc_column][\/vc_row][vc_row][vc_column][vc_tta_tabs color=&#8221;blue&#8221; spacing=&#8221;3&#8243; gap=&#8221;3&#8243; alignment=&#8221;center&#8221; active_section=&#8221;1&#8243;][vc_tta_section title=&#8221;NE MOLLE&#8221; tab_id=&#8221;1549981356521-b7b06a28-4745335a-5fab&#8221;][vc_column_text]<\/p>\n<p style=\"text-align: justify;\">Per kontrollin e kromes se molles (Venturia spp.) kalbezimit lenticelar (Gloeosporium spp.) dhe kancerit te degeve (Nectria galligena). Kryhen deri 6 trajtime per sezon me doze perdorimi 0.5kg\/ha ne intervale 5 ditore dhe me doze 0.75 kg\/ha ne intervale 7 ditore, ose 33-50 gr\/100 litra uje. Trajtimet mund te fillojne qe nga faza e jeshilimit te sythit frutor e deri kur fruti ka aritur 30% te dimensionit final. N\u00eb programet e trajtimit \u00ebsht\u00eb e mundur t\u00eb nd\u00ebrhyhet deri n\u00eb 32 or\u00eb pas fillimit t\u00eb nj\u00eb shiu infektiv.<\/p>\n<p>[\/vc_column_text][\/vc_tta_section][vc_tta_section title=&#8221;NA DARDHE&#8221; tab_id=&#8221;1549981049173-2221499d-4434335a-5fab&#8221;][vc_column_text]<\/p>\n<p style=\"text-align: justify;\">Per kontrollin e kromes se dardhes (Venturia pyrina) dhe kancerit te degeve (Nectria galligena): 0.5-0.75 kg\/ha (33-50 gr\/100 lit. uje).<\/p>\n<p>[\/vc_column_text][\/vc_tta_section][vc_tta_section title=&#8221;NE KUMBULLA, QERSHI, PJESHKE, NEKTARINA&#8221; tab_id=&#8221;1549981422663-b25b877e-4c26335a-5fab&#8221;][vc_column_text]<\/p>\n<p style=\"text-align: justify;\"><span style=\"color: #000000;\">Per kontrollin e gjethbirueses ( Coryneum) dhe polistigmes me doze 75 gr\/100 litra uje. Ne vartesi te madhesise se kurores, apartit gjethor dhe mjetit sperkates mund te konsumohet 200-1500 litra uje duke perdorur jo me pak se 0.75 kg\/ha preparat.<\/span><\/p>\n<div id=\"gtx-trans\" style=\"position: absolute; left: 277px; top: 51px;\">\n<div class=\"gtx-trans-icon\"><\/div>\n<\/div>\n<p>[\/vc_column_text][\/vc_tta_section][\/vc_tta_tabs][\/vc_column][\/vc_row][vc_row][vc_column][vc_custom_heading text=&#8221;V\u00ebrejtje p\u00ebr p\u00ebrdorimin&#8221; font_container=&#8221;tag:h2|text_align:center|color:%231e73be&#8221; google_fonts=&#8221;font_family:Merienda%3Aregular%2C700|font_style:400%20regular%3A400%3Anormal&#8221;][vc_empty_space height=&#8221;22px&#8221;][vc_message icon_fontawesome=&#8221;fa fa-exclamation-triangle&#8221;]<\/p>\n<p style=\"text-align: center;\">Nuk perzieht me vajra minerale, polisulfur dhe produkte te tjera me reaksion alkalin. Nese ken kryer trajtime dimerore me vajra minerale, ALCOBAN nuk duhet te perdoret me heret se 20 dite pas trajtimit me vajra minerale. Nese ALCOBAN p\u00ebrzihet me formulime t\u00eb tjera, duhet t\u00eb respektohet periudha m\u00eb e gjat\u00eb e pritjes. Ne rast aksidentesh informani mjekun edhe per llojin e perzierjes qe keni kryer.<\/p>\n<p>[\/vc_message][\/vc_column][\/vc_row][vc_row][vc_column][vc_custom_heading text=&#8221;Ndikim n\u00eb ekosistem&#8221; font_container=&#8221;tag:h2|text_align:center|color:%231e73be&#8221; google_fonts=&#8221;font_family:Merienda%3Aregular%2C700|font_style:400%20regular%3A400%3Anormal&#8221;][vc_empty_space height=&#8221;22px&#8221;][vc_message]<\/p>\n<p style=\"text-align: center;\">Nuk \u00ebsht\u00eb d\u00ebmtues ndaj blet\u00ebve. \u00cbsht\u00eb d\u00ebmtues ndaj peshqve dhe organizmave t\u00eb tjera ujore. Mos ndotni ujin me produktin ose en\u00ebn e tij.<\/p>\n<p>[\/vc_message][\/vc_column][\/vc_row][vc_row][vc_column][vc_custom_heading text=&#8221;Magazinimi&#8221; font_container=&#8221;tag:h2|text_align:center|color:%231e73be&#8221; google_fonts=&#8221;font_family:Merienda%3Aregular%2C700|font_style:400%20regular%3A400%3Anormal&#8221;][vc_empty_space height=&#8221;22px&#8221;][vc_message]<\/p>\n<p style=\"text-align: center;\">Ruani produktin n\u00eb en\u00ebn te mbyllur origjinale, n\u00eb nj\u00eb vend t\u00eb sigurt, t\u00eb fresk\u00ebt e te thata dhe t\u00eb ajrosur mire, t\u00eb mbrojtur nga ngricat ne nje temperature optimale 4-35 0 C te pa ekspozuar nga rezet direkte te diellit, larg ushqimeve dhe pijeve p\u00ebr njerezit si dhe ushqimeve p\u00ebr blegtorin\u00eb.<\/p>\n<p>[\/vc_message][\/vc_column][\/vc_row]<\/p>\n<\/div>","protected":false},"excerpt":{"rendered":"<p>[vc_row full_width=&#8221;stretch_row_content&#8221;][vc_column width=&#8221;1\/6&#8243;][vc_single_image image=&#8221;54&#8243; img_size=&#8221;full&#8221; alignment=&#8221;right&#8221; image_hovers=&#8221;false&#8221;][\/vc_column][vc_column width=&#8221;2\/3&#8243;][vc_column_text] ALCOBAN eshte fungicid kontakti i grupit dicarbonitrile me spekter te gjere dhe mekanizem veprimi \u201cmulti- site\u201d, ndaj te cilit nuk cfaqen forma rezistente te paraziteve kepurdhore. Ka gjetur perdorim te gjere si fungicid parambrojtes (protektiv-preventiv) ne luftimin e kromes se molles dhe dardhes si dhe semundje te&hellip;<\/p>\n","protected":false},"author":2,"featured_media":0,"parent":0,"menu_order":0,"comment_status":"closed","ping_status":"closed","template":"","meta":{"footnotes":""},"class_list":["post-938","page","type-page","status-publish","hentry","description-off"],"_links":{"self":[{"href":"https:\/\/agrohelp.al\/index.php\/wp-json\/wp\/v2\/pages\/938","targetHints":{"allow":["GET"]}}],"collection":[{"href":"https:\/\/agrohelp.al\/index.php\/wp-json\/wp\/v2\/pages"}],"about":[{"href":"https:\/\/agrohelp.al\/index.php\/wp-json\/wp\/v2\/types\/page"}],"author":[{"embeddable":true,"href":"https:\/\/agrohelp.al\/index.php\/wp-json\/wp\/v2\/users\/2"}],"replies":[{"embeddable":true,"href":"https:\/\/agrohelp.al\/index.php\/wp-json\/wp\/v2\/comments?post=938"}],"version-history":[{"count":10,"href":"https:\/\/agrohelp.al\/index.php\/wp-json\/wp\/v2\/pages\/938\/revisions"}],"predecessor-version":[{"id":1235,"href":"https:\/\/agrohelp.al\/index.php\/wp-json\/wp\/v2\/pages\/938\/revisions\/1235"}],"wp:attachment":[{"href":"https:\/\/agrohelp.al\/index.php\/wp-json\/wp\/v2\/media?parent=938"}],"curies":[{"name":"wp","href":"https:\/\/api.w.org\/{rel}","templated":true}]}}